{"id":45293,"date":"2026-04-06T21:30:52","date_gmt":"2026-04-06T19:30:52","guid":{"rendered":"https:\/\/fermesinsac.com\/?post_type=product&#038;p=45293"},"modified":"2026-04-07T08:33:14","modified_gmt":"2026-04-07T06:33:14","slug":"boisson-petillante-de-mimosa-33-cl-sans-alcool-fermentee-naturelle-par-12","status":"publish","type":"product","link":"https:\/\/fermesinsac.com\/es\/tienda\/bebidas\/boisson-petillante-de-mimosa-33-cl-sans-alcool-fermentee-naturelle-par-12\/","title":{"rendered":"Boisson P\u00e9tillante de Mimosa 33 cl sans alcool, ferment\u00e9e naturelle par 12"},"content":{"rendered":"<p>Faites p\u00e9tiller vos f\u00eates de p\u00e2ques avec nos p\u00e9tillants: peu sucr\u00e9, sains pour le corps avec leurs pro-biotique et rafraichissants !<\/p>\n<p>Nuestros P\u00e9tillants aux fleurs de Mimosa no contienen alcohol, se cosechan y se infusionan con az\u00facar de ca\u00f1a ecol\u00f3gico y lim\u00f3n ecol\u00f3gico. Se produce una fermentaci\u00f3n natural que le confiere finas burbujas. Se forma un ligero poso de forma natural. No agitar antes de abrir. Sin conservantes ni colorantes.<\/p>\n<p>Notre Mimosa pousse dans nos champs entre nos arbres fruitiers, en Mars il est en fleurs et c est a cette p\u00e9riode uniquement que nous faisons notre P\u00e9tillant\u00a0. Ce produit de saison est sain, a un parfum d\u00e9licat et comporte toutes les propri\u00e9t\u00e9s b\u00e9n\u00e9fiques du Mimosa:\u00a0apaisant, \u00e9quilibrant et anti-inflamatoire. Tous nos produits sont fabriqu\u00e9s et conditionn\u00e9s a la ferme Sinsac. Ce n&#8217;est pas du Kombucha, ce n&#8217;est pas du K\u00e9fir, c\u2019est de la fermentation naturelle de fleurs, de plantes et de fruits. Les bulles se forment petit \u00e0 petit gr\u00e2ces aux enzymes contenus naturellement dans les fleurs, les plantes, les fruits et au sucre de canne biologique, elles sont fines et l\u00e9g\u00e8res. Bon pour la flore intestinale, ce P\u00e9tillant\u00a0 contient 12 grs de sucre par bouteille de 33 cl ce qui lui conf\u00e8re de la gourmandise sans exc\u00e8s de sucre. Les P\u00e9tillants\u00a0sont pr\u00eats \u00e0 d\u00e9guster avec des gla\u00e7ons ou en cocktail. Ils ne contiennent pas d alcool et sont rafraichissantes. Chaque fleur et plante a ses propres propri\u00e9t\u00e9s b\u00e9n\u00e9fiques. Cette boisson artisanale ne contient ni colorant, ni conservateur, ni Co2 ajout\u00e9 et se conserve ferm\u00e9 pendant 12 mois. Une fois ouverte, reposer la capsule sur la bouteille, mettre au frais et \u00e0 consommer rapidement. Les fleurs, les plantes et les fruits sont cultiv\u00e9es sur nos terres en agro-\u00e9cologie: une terre pleine de vie. Nous suivons les saisons pour vous proposer des P\u00e9tillants\u00a0atypiques et rafraichissantes. Vous trouverez notamment un P\u00e9tillant\u00a0 aux fleurs de Mimosa, \u00e0 la verveine citronn\u00e9e, aux fleurs de sureau, au Shiso cette plante japonaise d\u00e9licate, \u00e0 la p\u00eache. Nous d\u00e9veloppons notre gamme toute l&#8217;ann\u00e9e pour vous surprendre.<br \/>Chaque euro d\u00e9pens\u00e9 chez nous donne droit \u00e0 des points fid\u00e9lit\u00e9s pourdebon \ud83d\ude42 Nos l\u00e9gumes et fruits sont cultiv\u00e9s sur sol vivant sans engrais chimiques, sans pesticides et dans le respect de la biodiversit\u00e9<\/p>","protected":false},"excerpt":{"rendered":"<div class=\"woocommerce-product-details__short-description\">\n<p>Cette boisson p\u00e9tillante de fleurs de mimosa est compos\u00e9 de:<\/p>\n<p>Flores de mimosa, az\u00facar de ca\u00f1a* (37 g de az\u00facar por botella), zumo de lim\u00f3n*, agua <\/p><\/div>\n<p><\/p>\n<div class=\"woocommerce-product-details__short-description\">*produits issus de l&#8217;agriculture biologique<\/div>","protected":false},"featured_media":45281,"comment_status":"open","ping_status":"closed","template":"","meta":{"_price":"40.30","_stock":"","_tribe_ticket_header":"","_tribe_default_ticket_provider":"","_tribe_ticket_capacity":"0","_ticket_start_date":"","_ticket_end_date":"","_tribe_ticket_show_description":"","_tribe_ticket_show_not_going":false,"_tribe_ticket_use_global_stock":"","_tribe_ticket_global_stock_level":"","_global_stock_mode":"","_global_stock_cap":"","_tribe_rsvp_for_event":"","_tribe_ticket_going_count":"","_tribe_ticket_not_going_count":"","_tribe_tickets_list":"[]","_tribe_ticket_has_attendee_info_fields":false,"jetpack_publicize_message":"","jetpack_publicize_feature_enabled":true,"jetpack_social_post_already_shared":true,"jetpack_social_options":{"image_generator_settings":{"template":"highway","default_image_id":0,"font":"","enabled":false},"version":2}},"product_brand":[717],"product_cat":[722],"product_tag":[731],"class_list":{"0":"post-45293","1":"product","2":"type-product","3":"status-publish","4":"has-post-thumbnail","6":"product_brand-ferme_sinsac","7":"product_cat-boissons","8":"product_tag-bio-petillant-mimosa-naturel-sansalcool","9":"product_shipping_class-boissons","12":"first","13":"instock","14":"sale","15":"featured","16":"taxable","17":"shipping-taxable","18":"purchasable","19":"product-type-simple"},"yoast_head":"<!-- This site is optimized with the Yoast SEO plugin v26.6 - https:\/\/yoast.com\/wordpress\/plugins\/seo\/ -->\n<title>Boisson P\u00e9tillante de Mimosa 33 cl sans alcool, ferment\u00e9e naturelle par 12 - Ferme Sinsac<\/title>\n<meta name=\"robots\" content=\"index, follow, max-snippet:-1, max-image-preview:large, max-video-preview:-1\" \/>\n<link rel=\"canonical\" href=\"https:\/\/fermesinsac.com\/es\/tienda\/bebidas\/boisson-petillante-de-mimosa-33-cl-sans-alcool-fermentee-naturelle-par-12\/\" \/>\n<meta property=\"og:locale\" content=\"es_ES\" \/>\n<meta property=\"og:type\" content=\"article\" \/>\n<meta property=\"og:title\" content=\"Boisson P\u00e9tillante de Mimosa 33 cl sans alcool, ferment\u00e9e naturelle par 12 - Ferme Sinsac\" \/>\n<meta property=\"og:description\" content=\"Cette boisson p\u00e9tillante de fleurs de mimosa est compos\u00e9 de:Fleurs de mimosa, sucre de canne*(37 grs de sucre par bouteille) , jus de citron*, eau *produits issus de l&#039;agriculture biologique\" \/>\n<meta property=\"og:url\" content=\"https:\/\/fermesinsac.com\/es\/tienda\/bebidas\/boisson-petillante-de-mimosa-33-cl-sans-alcool-fermentee-naturelle-par-12\/\" \/>\n<meta property=\"og:site_name\" content=\"Ferme Sinsac\" \/>\n<meta property=\"article:publisher\" content=\"https:\/\/www.facebook.com\/fermebiosinsac\" \/>\n<meta property=\"article:modified_time\" content=\"2026-04-07T06:33:14+00:00\" \/>\n<meta property=\"og:image\" content=\"https:\/\/fermesinsac.com\/wp-content\/uploads\/2026\/04\/petillant-mimosa-2026.jpg\" \/>\n\t<meta property=\"og:image:width\" content=\"4032\" \/>\n\t<meta property=\"og:image:height\" content=\"3024\" \/>\n\t<meta property=\"og:image:type\" content=\"image\/jpeg\" \/>\n<meta name=\"twitter:card\" content=\"summary_large_image\" \/>\n<meta name=\"twitter:label1\" content=\"Tiempo de lectura\" \/>\n\t<meta name=\"twitter:data1\" content=\"2 minutos\" \/>\n<script type=\"application\/ld+json\" class=\"yoast-schema-graph\">{\"@context\":\"https:\/\/schema.org\",\"@graph\":[{\"@type\":\"WebPage\",\"@id\":\"https:\/\/fermesinsac.com\/shop\/boissons\/boisson-petillante-de-mimosa-33-cl-sans-alcool-fermentee-naturelle-par-12\/\",\"url\":\"https:\/\/fermesinsac.com\/shop\/boissons\/boisson-petillante-de-mimosa-33-cl-sans-alcool-fermentee-naturelle-par-12\/\",\"name\":\"Boisson P\u00e9tillante de Mimosa 33 cl sans alcool, ferment\u00e9e naturelle par 12 - Ferme Sinsac\",\"isPartOf\":{\"@id\":\"https:\/\/fermesinsac.com\/#website\"},\"primaryImageOfPage\":{\"@id\":\"https:\/\/fermesinsac.com\/shop\/boissons\/boisson-petillante-de-mimosa-33-cl-sans-alcool-fermentee-naturelle-par-12\/#primaryimage\"},\"image\":{\"@id\":\"https:\/\/fermesinsac.com\/shop\/boissons\/boisson-petillante-de-mimosa-33-cl-sans-alcool-fermentee-naturelle-par-12\/#primaryimage\"},\"thumbnailUrl\":\"https:\/\/fermesinsac.com\/wp-content\/uploads\/2026\/04\/petillant-mimosa-2026.jpg\",\"datePublished\":\"2026-04-06T19:30:52+00:00\",\"dateModified\":\"2026-04-07T06:33:14+00:00\",\"breadcrumb\":{\"@id\":\"https:\/\/fermesinsac.com\/shop\/boissons\/boisson-petillante-de-mimosa-33-cl-sans-alcool-fermentee-naturelle-par-12\/#breadcrumb\"},\"inLanguage\":\"es\",\"potentialAction\":[{\"@type\":\"ReadAction\",\"target\":[\"https:\/\/fermesinsac.com\/shop\/boissons\/boisson-petillante-de-mimosa-33-cl-sans-alcool-fermentee-naturelle-par-12\/\"]}]},{\"@type\":\"ImageObject\",\"inLanguage\":\"es\",\"@id\":\"https:\/\/fermesinsac.com\/shop\/boissons\/boisson-petillante-de-mimosa-33-cl-sans-alcool-fermentee-naturelle-par-12\/#primaryimage\",\"url\":\"https:\/\/fermesinsac.com\/wp-content\/uploads\/2026\/04\/petillant-mimosa-2026.jpg\",\"contentUrl\":\"https:\/\/fermesinsac.com\/wp-content\/uploads\/2026\/04\/petillant-mimosa-2026.jpg\",\"width\":4032,\"height\":3024,\"caption\":\"boisson petillante mimosa sans alcool fermentee naturelle maison limonade gazeuze soda\"},{\"@type\":\"BreadcrumbList\",\"@id\":\"https:\/\/fermesinsac.com\/shop\/boissons\/boisson-petillante-de-mimosa-33-cl-sans-alcool-fermentee-naturelle-par-12\/#breadcrumb\",\"itemListElement\":[{\"@type\":\"ListItem\",\"position\":1,\"name\":\"Accueil\",\"item\":\"https:\/\/fermesinsac.com\/\"},{\"@type\":\"ListItem\",\"position\":2,\"name\":\"Shop\",\"item\":\"https:\/\/fermesinsac.com\/shop\/\"},{\"@type\":\"ListItem\",\"position\":3,\"name\":\"Boisson P\u00e9tillante de Mimosa 33 cl sans alcool, ferment\u00e9e naturelle par 12\"}]},{\"@type\":\"WebSite\",\"@id\":\"https:\/\/fermesinsac.com\/#website\",\"url\":\"https:\/\/fermesinsac.com\/\",\"name\":\"Ferme Sinsac\",\"description\":\"la biodiversit\u00e9 avant tout\",\"publisher\":{\"@id\":\"https:\/\/fermesinsac.com\/#organization\"},\"potentialAction\":[{\"@type\":\"SearchAction\",\"target\":{\"@type\":\"EntryPoint\",\"urlTemplate\":\"https:\/\/fermesinsac.com\/?s={search_term_string}\"},\"query-input\":{\"@type\":\"PropertyValueSpecification\",\"valueRequired\":true,\"valueName\":\"search_term_string\"}}],\"inLanguage\":\"es\"},{\"@type\":\"Organization\",\"@id\":\"https:\/\/fermesinsac.com\/#organization\",\"name\":\"Ferme Sinsac\",\"url\":\"https:\/\/fermesinsac.com\/\",\"logo\":{\"@type\":\"ImageObject\",\"inLanguage\":\"es\",\"@id\":\"https:\/\/fermesinsac.com\/#\/schema\/logo\/image\/\",\"url\":\"https:\/\/fermesinsac.com\/wp-content\/uploads\/2025\/01\/cropped-logo-ferme-sinsac-klein.webp\",\"contentUrl\":\"https:\/\/fermesinsac.com\/wp-content\/uploads\/2025\/01\/cropped-logo-ferme-sinsac-klein.webp\",\"width\":512,\"height\":512,\"caption\":\"Ferme Sinsac\"},\"image\":{\"@id\":\"https:\/\/fermesinsac.com\/#\/schema\/logo\/image\/\"},\"sameAs\":[\"https:\/\/www.facebook.com\/fermebiosinsac\",\"https:\/\/www.tiktok.com\/@fermesinsac?lang=nl-NL\",\"https:\/\/www.instagram.com\/fermebiosinsac\/\",\"https:\/\/www.linkedin.com\/company\/31423500\/\"]}]}<\/script>\n<!-- \/ Yoast SEO plugin. -->","yoast_head_json":{"title":"Boisson P\u00e9tillante de Mimosa 33 cl sans alcool, ferment\u00e9e naturelle par 12 - Ferme Sinsac","robots":{"index":"index","follow":"follow","max-snippet":"max-snippet:-1","max-image-preview":"max-image-preview:large","max-video-preview":"max-video-preview:-1"},"canonical":"https:\/\/fermesinsac.com\/es\/tienda\/bebidas\/boisson-petillante-de-mimosa-33-cl-sans-alcool-fermentee-naturelle-par-12\/","og_locale":"es_ES","og_type":"article","og_title":"Boisson P\u00e9tillante de Mimosa 33 cl sans alcool, ferment\u00e9e naturelle par 12 - Ferme Sinsac","og_description":"Cette boisson p\u00e9tillante de fleurs de mimosa est compos\u00e9 de:Fleurs de mimosa, sucre de canne*(37 grs de sucre par bouteille) , jus de citron*, eau *produits issus de l'agriculture biologique","og_url":"https:\/\/fermesinsac.com\/es\/tienda\/bebidas\/boisson-petillante-de-mimosa-33-cl-sans-alcool-fermentee-naturelle-par-12\/","og_site_name":"Ferme Sinsac","article_publisher":"https:\/\/www.facebook.com\/fermebiosinsac","article_modified_time":"2026-04-07T06:33:14+00:00","og_image":[{"width":4032,"height":3024,"url":"https:\/\/fermesinsac.com\/wp-content\/uploads\/2026\/04\/petillant-mimosa-2026.jpg","type":"image\/jpeg"}],"twitter_card":"summary_large_image","twitter_misc":{"Tiempo de lectura":"2 minutos"},"schema":{"@context":"https:\/\/schema.org","@graph":[{"@type":"WebPage","@id":"https:\/\/fermesinsac.com\/shop\/boissons\/boisson-petillante-de-mimosa-33-cl-sans-alcool-fermentee-naturelle-par-12\/","url":"https:\/\/fermesinsac.com\/shop\/boissons\/boisson-petillante-de-mimosa-33-cl-sans-alcool-fermentee-naturelle-par-12\/","name":"Boisson P\u00e9tillante de Mimosa 33 cl sans alcool, ferment\u00e9e naturelle par 12 - Ferme Sinsac","isPartOf":{"@id":"https:\/\/fermesinsac.com\/#website"},"primaryImageOfPage":{"@id":"https:\/\/fermesinsac.com\/shop\/boissons\/boisson-petillante-de-mimosa-33-cl-sans-alcool-fermentee-naturelle-par-12\/#primaryimage"},"image":{"@id":"https:\/\/fermesinsac.com\/shop\/boissons\/boisson-petillante-de-mimosa-33-cl-sans-alcool-fermentee-naturelle-par-12\/#primaryimage"},"thumbnailUrl":"https:\/\/fermesinsac.com\/wp-content\/uploads\/2026\/04\/petillant-mimosa-2026.jpg","datePublished":"2026-04-06T19:30:52+00:00","dateModified":"2026-04-07T06:33:14+00:00","breadcrumb":{"@id":"https:\/\/fermesinsac.com\/shop\/boissons\/boisson-petillante-de-mimosa-33-cl-sans-alcool-fermentee-naturelle-par-12\/#breadcrumb"},"inLanguage":"es","potentialAction":[{"@type":"ReadAction","target":["https:\/\/fermesinsac.com\/shop\/boissons\/boisson-petillante-de-mimosa-33-cl-sans-alcool-fermentee-naturelle-par-12\/"]}]},{"@type":"ImageObject","inLanguage":"es","@id":"https:\/\/fermesinsac.com\/shop\/boissons\/boisson-petillante-de-mimosa-33-cl-sans-alcool-fermentee-naturelle-par-12\/#primaryimage","url":"https:\/\/fermesinsac.com\/wp-content\/uploads\/2026\/04\/petillant-mimosa-2026.jpg","contentUrl":"https:\/\/fermesinsac.com\/wp-content\/uploads\/2026\/04\/petillant-mimosa-2026.jpg","width":4032,"height":3024,"caption":"boisson petillante mimosa sans alcool fermentee naturelle maison limonade gazeuze soda"},{"@type":"BreadcrumbList","@id":"https:\/\/fermesinsac.com\/shop\/boissons\/boisson-petillante-de-mimosa-33-cl-sans-alcool-fermentee-naturelle-par-12\/#breadcrumb","itemListElement":[{"@type":"ListItem","position":1,"name":"Accueil","item":"https:\/\/fermesinsac.com\/"},{"@type":"ListItem","position":2,"name":"Shop","item":"https:\/\/fermesinsac.com\/shop\/"},{"@type":"ListItem","position":3,"name":"Boisson P\u00e9tillante de Mimosa 33 cl sans alcool, ferment\u00e9e naturelle par 12"}]},{"@type":"WebSite","@id":"https:\/\/fermesinsac.com\/#website","url":"https:\/\/fermesinsac.com\/","name":"Granja Sinsac","description":"la biodiversidad ante todo","publisher":{"@id":"https:\/\/fermesinsac.com\/#organization"},"potentialAction":[{"@type":"SearchAction","target":{"@type":"EntryPoint","urlTemplate":"https:\/\/fermesinsac.com\/?s={search_term_string}"},"query-input":{"@type":"PropertyValueSpecification","valueRequired":true,"valueName":"search_term_string"}}],"inLanguage":"es"},{"@type":"Organization","@id":"https:\/\/fermesinsac.com\/#organization","name":"Granja Sinsac","url":"https:\/\/fermesinsac.com\/","logo":{"@type":"ImageObject","inLanguage":"es","@id":"https:\/\/fermesinsac.com\/#\/schema\/logo\/image\/","url":"https:\/\/fermesinsac.com\/wp-content\/uploads\/2025\/01\/cropped-logo-ferme-sinsac-klein.webp","contentUrl":"https:\/\/fermesinsac.com\/wp-content\/uploads\/2025\/01\/cropped-logo-ferme-sinsac-klein.webp","width":512,"height":512,"caption":"Ferme Sinsac"},"image":{"@id":"https:\/\/fermesinsac.com\/#\/schema\/logo\/image\/"},"sameAs":["https:\/\/www.facebook.com\/fermebiosinsac","https:\/\/www.tiktok.com\/@fermesinsac?lang=nl-NL","https:\/\/www.instagram.com\/fermebiosinsac\/","https:\/\/www.linkedin.com\/company\/31423500\/"]}]}},"jetpack_publicize_connections":[],"jetpack_sharing_enabled":true,"_links":{"self":[{"href":"https:\/\/fermesinsac.com\/es\/wp-json\/wp\/v2\/product\/45293","targetHints":{"allow":["GET"]}}],"collection":[{"href":"https:\/\/fermesinsac.com\/es\/wp-json\/wp\/v2\/product"}],"about":[{"href":"https:\/\/fermesinsac.com\/es\/wp-json\/wp\/v2\/types\/product"}],"replies":[{"embeddable":true,"href":"https:\/\/fermesinsac.com\/es\/wp-json\/wp\/v2\/comments?post=45293"}],"version-history":[{"count":1,"href":"https:\/\/fermesinsac.com\/es\/wp-json\/wp\/v2\/product\/45293\/revisions"}],"predecessor-version":[{"id":45294,"href":"https:\/\/fermesinsac.com\/es\/wp-json\/wp\/v2\/product\/45293\/revisions\/45294"}],"wp:featuredmedia":[{"embeddable":true,"href":"https:\/\/fermesinsac.com\/es\/wp-json\/wp\/v2\/media\/45281"}],"wp:attachment":[{"href":"https:\/\/fermesinsac.com\/es\/wp-json\/wp\/v2\/media?parent=45293"}],"wp:term":[{"taxonomy":"product_brand","embeddable":true,"href":"https:\/\/fermesinsac.com\/es\/wp-json\/wp\/v2\/product_brand?post=45293"},{"taxonomy":"product_cat","embeddable":true,"href":"https:\/\/fermesinsac.com\/es\/wp-json\/wp\/v2\/product_cat?post=45293"},{"taxonomy":"product_tag","embeddable":true,"href":"https:\/\/fermesinsac.com\/es\/wp-json\/wp\/v2\/product_tag?post=45293"}],"curies":[{"name":"wp","href":"https:\/\/api.w.org\/{rel}","templated":true}]}}