{"id":44881,"date":"2025-07-25T17:38:19","date_gmt":"2025-07-25T15:38:19","guid":{"rendered":"https:\/\/fermesinsac.com\/?post_type=product&#038;p=44881"},"modified":"2026-04-01T12:53:37","modified_gmt":"2026-04-01T10:53:37","slug":"petillant-de-frambuesa","status":"publish","type":"product","link":"https:\/\/fermesinsac.com\/es\/tienda\/bebidas\/petillant-de-frambuesa\/","title":{"rendered":"Boisson P\u00e9tillante de Framboises, soda gazeuze naturelle ferment\u00e9e maison"},"content":{"rendered":"<p>Boisson P\u00e9tillante de\u00a0framboises sont sans alcool, r\u00e9colt\u00e9s et infus\u00e9s avec du sucre de canne bio et du citron bio. Une fermentation naturelle s&#8217;op\u00e8re ce qui lui conf\u00e8re de fines bulles. Un l\u00e9ger d\u00e9p\u00f4t se forme naturellement. Ne pas agiter avant l ouverture. Aucun conservateur, aucun colorant. <\/p>\n<p>Nuestros arbustos de frambuesas crecen en nuestros campos entre nuestros \u00e1rboles frutales, de mayo a septiembre la planta est\u00e1 en fruto y es s\u00f3lo en esta \u00e9poca cuando elaboramos nuestro P\u00e9tillant. Este producto de temporada es saludable, tiene una delicada fragancia y contiene todas las propiedades beneficiosas de las frambuesas: refuerza el sistema inmunitario, acelera la renovaci\u00f3n celular y mejora as\u00ed la elasticidad de la piel, regula la tensi\u00f3n arterial y favorece el metabolismo para unos huesos fuertes. Todos nuestros productos se producen y envasan en la granja de Sinsac. <\/p>\n<p>No es Kombucha, no es Kefir, es la fermentaci\u00f3n natural de flores, plantas y frutas. Las burbujas se forman poco a poco gracias a las enzimas que contienen naturalmente las flores, plantas y frutas y al az\u00facar de ca\u00f1a biol\u00f3gico, son finas y ligeras. Bueno para la flora intestinal, este P\u00e9tillant contiene 37 g de az\u00facar por botella de 75 cl, lo que le confiere un sabor delicioso sin exceso de az\u00facar. Los P\u00e9tillants est\u00e1n listos para tomar con hielo o en c\u00f3ctel. No contienen alcohol y son refrescantes. Cada flor y cada planta tienen sus propiedades beneficiosas. Esta bebida tradicional no contiene colorantes, conservantes ni Co2 a\u00f1adidos y puede conservarse cerrada durante 6 meses. Una vez abierta, volver a tapar la botella, enfriar y consumir r\u00e1pidamente. <\/p>\n<p>Las flores, las plantas y las frutas se cultivan en nuestra tierra agroecol\u00f3gica: una tierra llena de vida. Seguimos las estaciones para ofrecerle vinos espumosos at\u00edpicos y refrescantes. Encontrar\u00e1 un espumoso con flores de mimosa, hierba luisa, flores de sa\u00faco, shiso (una delicada planta japonesa) y melocot\u00f3n. Desarrollamos nuestra gama durante todo el a\u00f1o para sorprenderle.<\/p>\n<p>Nuestras verduras y frutas se cultivan en suelos vivos, sin abonos qu\u00edmicos ni pesticidas y respetando la biodiversidad.<\/p>","protected":false},"excerpt":{"rendered":"<div class=\"woocommerce-product-details__short-description\">\n<p>Ce boisson p\u00e9tillante de framboises est compos\u00e9 de:<\/p>\n<p>Frambuesas, az\u00facar de ca\u00f1a* (37 g de az\u00facar por botella), zumo de lim\u00f3n*, agua <\/p><\/div>\n<p><\/p>\n<div class=\"woocommerce-product-details__short-description\">*productos procedentes de la agricultura ecol\u00f3gica<\/div>","protected":false},"featured_media":44882,"comment_status":"open","ping_status":"closed","template":"","meta":{"_price":"9.5","_stock":"","_tribe_ticket_header":"","_tribe_default_ticket_provider":"","_tribe_ticket_capacity":"0","_ticket_start_date":"","_ticket_end_date":"","_tribe_ticket_show_description":"","_tribe_ticket_show_not_going":false,"_tribe_ticket_use_global_stock":"","_tribe_ticket_global_stock_level":"","_global_stock_mode":"","_global_stock_cap":"","_tribe_rsvp_for_event":"","_tribe_ticket_going_count":"","_tribe_ticket_not_going_count":"","_tribe_tickets_list":"[]","_tribe_ticket_has_attendee_info_fields":false,"jetpack_publicize_message":"","jetpack_publicize_feature_enabled":true,"jetpack_social_post_already_shared":true,"jetpack_social_options":{"image_generator_settings":{"template":"highway","default_image_id":0,"font":"","enabled":false},"version":2}},"product_brand":[717],"product_cat":[722],"product_tag":[730],"class_list":{"0":"post-44881","1":"product","2":"type-product","3":"status-publish","4":"has-post-thumbnail","6":"product_brand-ferme_sinsac","7":"product_cat-boissons","8":"product_tag-bio-petillant-framboise-naturel-sansalcool","9":"product_shipping_class-boissons","12":"first","13":"outofstock","14":"taxable","15":"shipping-taxable","16":"purchasable","17":"product-type-simple"},"yoast_head":"<!-- This site is optimized with the Yoast SEO plugin v26.6 - https:\/\/yoast.com\/wordpress\/plugins\/seo\/ -->\n<title>Boisson P\u00e9tillante de Framboises, soda gazeuze naturelle ferment\u00e9e maison - Ferme Sinsac<\/title>\n<meta name=\"robots\" content=\"index, follow, max-snippet:-1, max-image-preview:large, max-video-preview:-1\" \/>\n<link rel=\"canonical\" href=\"https:\/\/fermesinsac.com\/es\/tienda\/bebidas\/petillant-de-frambuesa\/\" \/>\n<meta property=\"og:locale\" content=\"es_ES\" \/>\n<meta property=\"og:type\" content=\"article\" \/>\n<meta property=\"og:title\" content=\"Boisson P\u00e9tillante de Framboises, soda gazeuze naturelle ferment\u00e9e maison - Ferme Sinsac\" \/>\n<meta property=\"og:description\" content=\"Ce boisson p\u00e9tillante de framboises est compos\u00e9 de:Framboises, sucre de canne*(37 grs de sucre par bouteille) , jus de citron*, eau *produits issus de l agriculture biologique\" \/>\n<meta property=\"og:url\" content=\"https:\/\/fermesinsac.com\/es\/tienda\/bebidas\/petillant-de-frambuesa\/\" \/>\n<meta property=\"og:site_name\" content=\"Ferme Sinsac\" \/>\n<meta property=\"article:publisher\" content=\"https:\/\/www.facebook.com\/fermebiosinsac\" \/>\n<meta property=\"article:modified_time\" content=\"2026-04-01T10:53:37+00:00\" \/>\n<meta property=\"og:image\" content=\"https:\/\/fermesinsac.com\/wp-content\/uploads\/2025\/07\/petillant_framboise.webp\" \/>\n\t<meta property=\"og:image:width\" content=\"1920\" \/>\n\t<meta property=\"og:image:height\" content=\"1440\" \/>\n\t<meta property=\"og:image:type\" content=\"image\/webp\" \/>\n<meta name=\"twitter:card\" content=\"summary_large_image\" \/>\n<meta name=\"twitter:label1\" content=\"Tiempo de lectura\" \/>\n\t<meta name=\"twitter:data1\" content=\"2 minutos\" \/>\n<script type=\"application\/ld+json\" class=\"yoast-schema-graph\">{\"@context\":\"https:\/\/schema.org\",\"@graph\":[{\"@type\":\"WebPage\",\"@id\":\"https:\/\/fermesinsac.com\/shop\/boissons\/petillant-de-framboises\/\",\"url\":\"https:\/\/fermesinsac.com\/shop\/boissons\/petillant-de-framboises\/\",\"name\":\"Boisson P\u00e9tillante de Framboises, soda gazeuze naturelle ferment\u00e9e maison - Ferme Sinsac\",\"isPartOf\":{\"@id\":\"https:\/\/fermesinsac.com\/#website\"},\"primaryImageOfPage\":{\"@id\":\"https:\/\/fermesinsac.com\/shop\/boissons\/petillant-de-framboises\/#primaryimage\"},\"image\":{\"@id\":\"https:\/\/fermesinsac.com\/shop\/boissons\/petillant-de-framboises\/#primaryimage\"},\"thumbnailUrl\":\"https:\/\/fermesinsac.com\/wp-content\/uploads\/2025\/07\/petillant_framboise.webp\",\"datePublished\":\"2025-07-25T15:38:19+00:00\",\"dateModified\":\"2026-04-01T10:53:37+00:00\",\"breadcrumb\":{\"@id\":\"https:\/\/fermesinsac.com\/shop\/boissons\/petillant-de-framboises\/#breadcrumb\"},\"inLanguage\":\"es\",\"potentialAction\":[{\"@type\":\"ReadAction\",\"target\":[\"https:\/\/fermesinsac.com\/shop\/boissons\/petillant-de-framboises\/\"]}]},{\"@type\":\"ImageObject\",\"inLanguage\":\"es\",\"@id\":\"https:\/\/fermesinsac.com\/shop\/boissons\/petillant-de-framboises\/#primaryimage\",\"url\":\"https:\/\/fermesinsac.com\/wp-content\/uploads\/2025\/07\/petillant_framboise.webp\",\"contentUrl\":\"https:\/\/fermesinsac.com\/wp-content\/uploads\/2025\/07\/petillant_framboise.webp\",\"width\":1920,\"height\":1440,\"caption\":\"boisson petillante framboise limonade sans alcool soda fermentee gazeuze maison avec ferme sinsac\"},{\"@type\":\"BreadcrumbList\",\"@id\":\"https:\/\/fermesinsac.com\/shop\/boissons\/petillant-de-framboises\/#breadcrumb\",\"itemListElement\":[{\"@type\":\"ListItem\",\"position\":1,\"name\":\"Accueil\",\"item\":\"https:\/\/fermesinsac.com\/\"},{\"@type\":\"ListItem\",\"position\":2,\"name\":\"Shop\",\"item\":\"https:\/\/fermesinsac.com\/shop\/\"},{\"@type\":\"ListItem\",\"position\":3,\"name\":\"Boisson P\u00e9tillante de Framboises, soda gazeuze naturelle ferment\u00e9e maison\"}]},{\"@type\":\"WebSite\",\"@id\":\"https:\/\/fermesinsac.com\/#website\",\"url\":\"https:\/\/fermesinsac.com\/\",\"name\":\"Ferme Sinsac\",\"description\":\"la biodiversit\u00e9 avant tout\",\"publisher\":{\"@id\":\"https:\/\/fermesinsac.com\/#organization\"},\"potentialAction\":[{\"@type\":\"SearchAction\",\"target\":{\"@type\":\"EntryPoint\",\"urlTemplate\":\"https:\/\/fermesinsac.com\/?s={search_term_string}\"},\"query-input\":{\"@type\":\"PropertyValueSpecification\",\"valueRequired\":true,\"valueName\":\"search_term_string\"}}],\"inLanguage\":\"es\"},{\"@type\":\"Organization\",\"@id\":\"https:\/\/fermesinsac.com\/#organization\",\"name\":\"Ferme Sinsac\",\"url\":\"https:\/\/fermesinsac.com\/\",\"logo\":{\"@type\":\"ImageObject\",\"inLanguage\":\"es\",\"@id\":\"https:\/\/fermesinsac.com\/#\/schema\/logo\/image\/\",\"url\":\"https:\/\/fermesinsac.com\/wp-content\/uploads\/2025\/01\/cropped-logo-ferme-sinsac-klein.webp\",\"contentUrl\":\"https:\/\/fermesinsac.com\/wp-content\/uploads\/2025\/01\/cropped-logo-ferme-sinsac-klein.webp\",\"width\":512,\"height\":512,\"caption\":\"Ferme Sinsac\"},\"image\":{\"@id\":\"https:\/\/fermesinsac.com\/#\/schema\/logo\/image\/\"},\"sameAs\":[\"https:\/\/www.facebook.com\/fermebiosinsac\",\"https:\/\/www.tiktok.com\/@fermesinsac?lang=nl-NL\",\"https:\/\/www.instagram.com\/fermebiosinsac\/\",\"https:\/\/www.linkedin.com\/company\/31423500\/\"]}]}<\/script>\n<!-- \/ Yoast SEO plugin. -->","yoast_head_json":{"title":"Boisson P\u00e9tillante de Framboises, soda gazeuze naturelle ferment\u00e9e maison - Ferme Sinsac","robots":{"index":"index","follow":"follow","max-snippet":"max-snippet:-1","max-image-preview":"max-image-preview:large","max-video-preview":"max-video-preview:-1"},"canonical":"https:\/\/fermesinsac.com\/es\/tienda\/bebidas\/petillant-de-frambuesa\/","og_locale":"es_ES","og_type":"article","og_title":"Boisson P\u00e9tillante de Framboises, soda gazeuze naturelle ferment\u00e9e maison - Ferme Sinsac","og_description":"Ce boisson p\u00e9tillante de framboises est compos\u00e9 de:Framboises, sucre de canne*(37 grs de sucre par bouteille) , jus de citron*, eau *produits issus de l agriculture biologique","og_url":"https:\/\/fermesinsac.com\/es\/tienda\/bebidas\/petillant-de-frambuesa\/","og_site_name":"Ferme Sinsac","article_publisher":"https:\/\/www.facebook.com\/fermebiosinsac","article_modified_time":"2026-04-01T10:53:37+00:00","og_image":[{"width":1920,"height":1440,"url":"https:\/\/fermesinsac.com\/wp-content\/uploads\/2025\/07\/petillant_framboise.webp","type":"image\/webp"}],"twitter_card":"summary_large_image","twitter_misc":{"Tiempo de lectura":"2 minutos"},"schema":{"@context":"https:\/\/schema.org","@graph":[{"@type":"WebPage","@id":"https:\/\/fermesinsac.com\/shop\/boissons\/petillant-de-framboises\/","url":"https:\/\/fermesinsac.com\/shop\/boissons\/petillant-de-framboises\/","name":"Boisson P\u00e9tillante de Framboises, soda gazeuze naturelle ferment\u00e9e maison - Ferme Sinsac","isPartOf":{"@id":"https:\/\/fermesinsac.com\/#website"},"primaryImageOfPage":{"@id":"https:\/\/fermesinsac.com\/shop\/boissons\/petillant-de-framboises\/#primaryimage"},"image":{"@id":"https:\/\/fermesinsac.com\/shop\/boissons\/petillant-de-framboises\/#primaryimage"},"thumbnailUrl":"https:\/\/fermesinsac.com\/wp-content\/uploads\/2025\/07\/petillant_framboise.webp","datePublished":"2025-07-25T15:38:19+00:00","dateModified":"2026-04-01T10:53:37+00:00","breadcrumb":{"@id":"https:\/\/fermesinsac.com\/shop\/boissons\/petillant-de-framboises\/#breadcrumb"},"inLanguage":"es","potentialAction":[{"@type":"ReadAction","target":["https:\/\/fermesinsac.com\/shop\/boissons\/petillant-de-framboises\/"]}]},{"@type":"ImageObject","inLanguage":"es","@id":"https:\/\/fermesinsac.com\/shop\/boissons\/petillant-de-framboises\/#primaryimage","url":"https:\/\/fermesinsac.com\/wp-content\/uploads\/2025\/07\/petillant_framboise.webp","contentUrl":"https:\/\/fermesinsac.com\/wp-content\/uploads\/2025\/07\/petillant_framboise.webp","width":1920,"height":1440,"caption":"boisson petillante framboise limonade sans alcool soda fermentee gazeuze maison avec ferme sinsac"},{"@type":"BreadcrumbList","@id":"https:\/\/fermesinsac.com\/shop\/boissons\/petillant-de-framboises\/#breadcrumb","itemListElement":[{"@type":"ListItem","position":1,"name":"Accueil","item":"https:\/\/fermesinsac.com\/"},{"@type":"ListItem","position":2,"name":"Shop","item":"https:\/\/fermesinsac.com\/shop\/"},{"@type":"ListItem","position":3,"name":"Boisson P\u00e9tillante de Framboises, soda gazeuze naturelle ferment\u00e9e maison"}]},{"@type":"WebSite","@id":"https:\/\/fermesinsac.com\/#website","url":"https:\/\/fermesinsac.com\/","name":"Granja Sinsac","description":"la biodiversidad ante todo","publisher":{"@id":"https:\/\/fermesinsac.com\/#organization"},"potentialAction":[{"@type":"SearchAction","target":{"@type":"EntryPoint","urlTemplate":"https:\/\/fermesinsac.com\/?s={search_term_string}"},"query-input":{"@type":"PropertyValueSpecification","valueRequired":true,"valueName":"search_term_string"}}],"inLanguage":"es"},{"@type":"Organization","@id":"https:\/\/fermesinsac.com\/#organization","name":"Granja Sinsac","url":"https:\/\/fermesinsac.com\/","logo":{"@type":"ImageObject","inLanguage":"es","@id":"https:\/\/fermesinsac.com\/#\/schema\/logo\/image\/","url":"https:\/\/fermesinsac.com\/wp-content\/uploads\/2025\/01\/cropped-logo-ferme-sinsac-klein.webp","contentUrl":"https:\/\/fermesinsac.com\/wp-content\/uploads\/2025\/01\/cropped-logo-ferme-sinsac-klein.webp","width":512,"height":512,"caption":"Ferme Sinsac"},"image":{"@id":"https:\/\/fermesinsac.com\/#\/schema\/logo\/image\/"},"sameAs":["https:\/\/www.facebook.com\/fermebiosinsac","https:\/\/www.tiktok.com\/@fermesinsac?lang=nl-NL","https:\/\/www.instagram.com\/fermebiosinsac\/","https:\/\/www.linkedin.com\/company\/31423500\/"]}]}},"jetpack_publicize_connections":[],"jetpack_sharing_enabled":true,"_links":{"self":[{"href":"https:\/\/fermesinsac.com\/es\/wp-json\/wp\/v2\/product\/44881","targetHints":{"allow":["GET"]}}],"collection":[{"href":"https:\/\/fermesinsac.com\/es\/wp-json\/wp\/v2\/product"}],"about":[{"href":"https:\/\/fermesinsac.com\/es\/wp-json\/wp\/v2\/types\/product"}],"replies":[{"embeddable":true,"href":"https:\/\/fermesinsac.com\/es\/wp-json\/wp\/v2\/comments?post=44881"}],"version-history":[{"count":2,"href":"https:\/\/fermesinsac.com\/es\/wp-json\/wp\/v2\/product\/44881\/revisions"}],"predecessor-version":[{"id":45269,"href":"https:\/\/fermesinsac.com\/es\/wp-json\/wp\/v2\/product\/44881\/revisions\/45269"}],"wp:featuredmedia":[{"embeddable":true,"href":"https:\/\/fermesinsac.com\/es\/wp-json\/wp\/v2\/media\/44882"}],"wp:attachment":[{"href":"https:\/\/fermesinsac.com\/es\/wp-json\/wp\/v2\/media?parent=44881"}],"wp:term":[{"taxonomy":"product_brand","embeddable":true,"href":"https:\/\/fermesinsac.com\/es\/wp-json\/wp\/v2\/product_brand?post=44881"},{"taxonomy":"product_cat","embeddable":true,"href":"https:\/\/fermesinsac.com\/es\/wp-json\/wp\/v2\/product_cat?post=44881"},{"taxonomy":"product_tag","embeddable":true,"href":"https:\/\/fermesinsac.com\/es\/wp-json\/wp\/v2\/product_tag?post=44881"}],"curies":[{"name":"wp","href":"https:\/\/api.w.org\/{rel}","templated":true}]}}