{"id":44179,"date":"2025-02-09T16:21:21","date_gmt":"2025-02-09T15:21:21","guid":{"rendered":"http:\/\/fermesinsac.com\/?post_type=product&#038;p=44179"},"modified":"2025-08-19T14:43:46","modified_gmt":"2025-08-19T12:43:46","slug":"jarabe-de-rosa","status":"publish","type":"product","link":"https:\/\/fermesinsac.com\/es\/tienda\/jarabes\/jarabe-de-rosa\/","title":{"rendered":"Jarabe de rosa"},"content":{"rendered":"<p>Nuestras delicias de granja son productos de granja procesados por nosotros y cocinados sin colorantes ni conservantes. Es el placer de encontrar alimentos sanos en el plato y redescubrir los sabores de anta\u00f1o.<\/p>\n<p>Descubra nuestra amplia gama de velout\u00e9s, aperitivos para untar, mermeladas, zumos de frutas y zumos espumosos.<\/p>\n<p>&nbsp;<\/p>","protected":false},"excerpt":{"rendered":"<div class=\"woocommerce-product-details__short-description\">\n<p>Este jarabe de rosa de Damasco se compone de:<\/p>\n<p>Jarabe elaborado con p\u00e9talos de rosa cultivados sin fertilizantes ni pesticidas.<span class=\"Apple-converted-space\">\u00a0<\/span><\/p>\n<p>Este sirope tiene un sabor delicado y har\u00e1 las delicias de todas las edades; el contenido de az\u00facar se dosifica en funci\u00f3n de la diluci\u00f3n, el sabor a rosa siempre estar\u00e1 presente con muy poco sirope. Ideal para bebidas fr\u00edas, c\u00f3cteles y helados.<\/p>\n<\/div>","protected":false},"featured_media":44173,"comment_status":"open","ping_status":"closed","template":"","meta":{"_price":"5.50","_stock":"","_tribe_ticket_header":"","_tribe_default_ticket_provider":"","_tribe_ticket_capacity":"0","_ticket_start_date":"","_ticket_end_date":"","_tribe_ticket_show_description":"","_tribe_ticket_show_not_going":false,"_tribe_ticket_use_global_stock":"","_tribe_ticket_global_stock_level":"","_global_stock_mode":"","_global_stock_cap":"","_tribe_rsvp_for_event":"","_tribe_ticket_going_count":"","_tribe_ticket_not_going_count":"","_tribe_tickets_list":"[]","_tribe_ticket_has_attendee_info_fields":false,"jetpack_publicize_message":"","jetpack_publicize_feature_enabled":true,"jetpack_social_post_already_shared":false,"jetpack_social_options":{"image_generator_settings":{"template":"highway","default_image_id":0,"font":"","enabled":false},"version":2}},"product_brand":[],"product_cat":[704],"product_tag":[705],"class_list":{"0":"post-44179","1":"product","2":"type-product","3":"status-publish","4":"has-post-thumbnail","6":"product_cat-sirops","7":"product_tag-bio-sirop-rose-naturel","10":"first","11":"outofstock","12":"taxable","13":"shipping-taxable","14":"purchasable","15":"product-type-simple"},"yoast_head":"<!-- This site is optimized with the Yoast SEO plugin v26.6 - https:\/\/yoast.com\/wordpress\/plugins\/seo\/ -->\n<title>Sirop de roses - Ferme Sinsac<\/title>\n<meta name=\"robots\" content=\"index, follow, max-snippet:-1, max-image-preview:large, max-video-preview:-1\" \/>\n<link rel=\"canonical\" href=\"https:\/\/fermesinsac.com\/es\/tienda\/jarabes\/jarabe-de-rosa\/\" \/>\n<meta property=\"og:locale\" content=\"es_ES\" \/>\n<meta property=\"og:type\" content=\"article\" \/>\n<meta property=\"og:title\" content=\"Sirop de roses - Ferme Sinsac\" \/>\n<meta property=\"og:description\" content=\"Ce sirop de roses de Damas est compos\u00e9 de:  Sirop a base de p\u00e9tales de Roses cultiv\u00e9es sans engrais, sans pesticides.\u00a0  Ce sirop a un go\u00fbt d\u00e9licat et saura ravir tous les \u00e2ges; la teneur en sucre c est vous qui la dosez en fonction de la dilution, le go\u00fbt de rose sera toujours pr\u00e9sent avec tr\u00e8s peu de sirop. Id\u00e9al pour les boissons fraiches, cocktails et napper les glaces.\" \/>\n<meta property=\"og:url\" content=\"https:\/\/fermesinsac.com\/es\/tienda\/jarabes\/jarabe-de-rosa\/\" \/>\n<meta property=\"og:site_name\" content=\"Ferme Sinsac\" \/>\n<meta property=\"article:publisher\" content=\"https:\/\/www.facebook.com\/fermebiosinsac\" \/>\n<meta property=\"article:modified_time\" content=\"2025-08-19T12:43:46+00:00\" \/>\n<meta property=\"og:image\" content=\"https:\/\/fermesinsac.com\/wp-content\/uploads\/2025\/02\/Sirop-sans-fond.webp\" \/>\n\t<meta property=\"og:image:width\" content=\"1440\" \/>\n\t<meta property=\"og:image:height\" content=\"1080\" \/>\n\t<meta property=\"og:image:type\" content=\"image\/webp\" \/>\n<meta name=\"twitter:card\" content=\"summary_large_image\" \/>\n<script type=\"application\/ld+json\" class=\"yoast-schema-graph\">{\"@context\":\"https:\/\/schema.org\",\"@graph\":[{\"@type\":\"WebPage\",\"@id\":\"https:\/\/fermesinsac.com\/shop\/sirops\/sirop-de-roses\/\",\"url\":\"https:\/\/fermesinsac.com\/shop\/sirops\/sirop-de-roses\/\",\"name\":\"Sirop de roses - Ferme Sinsac\",\"isPartOf\":{\"@id\":\"https:\/\/fermesinsac.com\/#website\"},\"primaryImageOfPage\":{\"@id\":\"https:\/\/fermesinsac.com\/shop\/sirops\/sirop-de-roses\/#primaryimage\"},\"image\":{\"@id\":\"https:\/\/fermesinsac.com\/shop\/sirops\/sirop-de-roses\/#primaryimage\"},\"thumbnailUrl\":\"https:\/\/fermesinsac.com\/wp-content\/uploads\/2025\/02\/Sirop-sans-fond.webp\",\"datePublished\":\"2025-02-09T15:21:21+00:00\",\"dateModified\":\"2025-08-19T12:43:46+00:00\",\"breadcrumb\":{\"@id\":\"https:\/\/fermesinsac.com\/shop\/sirops\/sirop-de-roses\/#breadcrumb\"},\"inLanguage\":\"es\",\"potentialAction\":[{\"@type\":\"ReadAction\",\"target\":[\"https:\/\/fermesinsac.com\/shop\/sirops\/sirop-de-roses\/\"]}]},{\"@type\":\"ImageObject\",\"inLanguage\":\"es\",\"@id\":\"https:\/\/fermesinsac.com\/shop\/sirops\/sirop-de-roses\/#primaryimage\",\"url\":\"https:\/\/fermesinsac.com\/wp-content\/uploads\/2025\/02\/Sirop-sans-fond.webp\",\"contentUrl\":\"https:\/\/fermesinsac.com\/wp-content\/uploads\/2025\/02\/Sirop-sans-fond.webp\",\"width\":1440,\"height\":1080},{\"@type\":\"BreadcrumbList\",\"@id\":\"https:\/\/fermesinsac.com\/shop\/sirops\/sirop-de-roses\/#breadcrumb\",\"itemListElement\":[{\"@type\":\"ListItem\",\"position\":1,\"name\":\"Accueil\",\"item\":\"https:\/\/fermesinsac.com\/\"},{\"@type\":\"ListItem\",\"position\":2,\"name\":\"Shop\",\"item\":\"https:\/\/fermesinsac.com\/shop\/\"},{\"@type\":\"ListItem\",\"position\":3,\"name\":\"Sirop de roses\"}]},{\"@type\":\"WebSite\",\"@id\":\"https:\/\/fermesinsac.com\/#website\",\"url\":\"https:\/\/fermesinsac.com\/\",\"name\":\"Ferme Sinsac\",\"description\":\"la biodiversit\u00e9 avant tout\",\"publisher\":{\"@id\":\"https:\/\/fermesinsac.com\/#organization\"},\"potentialAction\":[{\"@type\":\"SearchAction\",\"target\":{\"@type\":\"EntryPoint\",\"urlTemplate\":\"https:\/\/fermesinsac.com\/?s={search_term_string}\"},\"query-input\":{\"@type\":\"PropertyValueSpecification\",\"valueRequired\":true,\"valueName\":\"search_term_string\"}}],\"inLanguage\":\"es\"},{\"@type\":\"Organization\",\"@id\":\"https:\/\/fermesinsac.com\/#organization\",\"name\":\"Ferme Sinsac\",\"url\":\"https:\/\/fermesinsac.com\/\",\"logo\":{\"@type\":\"ImageObject\",\"inLanguage\":\"es\",\"@id\":\"https:\/\/fermesinsac.com\/#\/schema\/logo\/image\/\",\"url\":\"https:\/\/fermesinsac.com\/wp-content\/uploads\/2025\/01\/cropped-logo-ferme-sinsac-klein.webp\",\"contentUrl\":\"https:\/\/fermesinsac.com\/wp-content\/uploads\/2025\/01\/cropped-logo-ferme-sinsac-klein.webp\",\"width\":512,\"height\":512,\"caption\":\"Ferme Sinsac\"},\"image\":{\"@id\":\"https:\/\/fermesinsac.com\/#\/schema\/logo\/image\/\"},\"sameAs\":[\"https:\/\/www.facebook.com\/fermebiosinsac\",\"https:\/\/www.tiktok.com\/@fermesinsac?lang=nl-NL\",\"https:\/\/www.instagram.com\/fermebiosinsac\/\",\"https:\/\/www.linkedin.com\/company\/31423500\/\"]}]}<\/script>\n<!-- \/ Yoast SEO plugin. -->","yoast_head_json":{"title":"Sirop de roses - Ferme Sinsac","robots":{"index":"index","follow":"follow","max-snippet":"max-snippet:-1","max-image-preview":"max-image-preview:large","max-video-preview":"max-video-preview:-1"},"canonical":"https:\/\/fermesinsac.com\/es\/tienda\/jarabes\/jarabe-de-rosa\/","og_locale":"es_ES","og_type":"article","og_title":"Sirop de roses - Ferme Sinsac","og_description":"Ce sirop de roses de Damas est compos\u00e9 de:  Sirop a base de p\u00e9tales de Roses cultiv\u00e9es sans engrais, sans pesticides.\u00a0  Ce sirop a un go\u00fbt d\u00e9licat et saura ravir tous les \u00e2ges; la teneur en sucre c est vous qui la dosez en fonction de la dilution, le go\u00fbt de rose sera toujours pr\u00e9sent avec tr\u00e8s peu de sirop. Id\u00e9al pour les boissons fraiches, cocktails et napper les glaces.","og_url":"https:\/\/fermesinsac.com\/es\/tienda\/jarabes\/jarabe-de-rosa\/","og_site_name":"Ferme Sinsac","article_publisher":"https:\/\/www.facebook.com\/fermebiosinsac","article_modified_time":"2025-08-19T12:43:46+00:00","og_image":[{"width":1440,"height":1080,"url":"https:\/\/fermesinsac.com\/wp-content\/uploads\/2025\/02\/Sirop-sans-fond.webp","type":"image\/webp"}],"twitter_card":"summary_large_image","schema":{"@context":"https:\/\/schema.org","@graph":[{"@type":"WebPage","@id":"https:\/\/fermesinsac.com\/shop\/sirops\/sirop-de-roses\/","url":"https:\/\/fermesinsac.com\/shop\/sirops\/sirop-de-roses\/","name":"Sirop de roses - Ferme Sinsac","isPartOf":{"@id":"https:\/\/fermesinsac.com\/#website"},"primaryImageOfPage":{"@id":"https:\/\/fermesinsac.com\/shop\/sirops\/sirop-de-roses\/#primaryimage"},"image":{"@id":"https:\/\/fermesinsac.com\/shop\/sirops\/sirop-de-roses\/#primaryimage"},"thumbnailUrl":"https:\/\/fermesinsac.com\/wp-content\/uploads\/2025\/02\/Sirop-sans-fond.webp","datePublished":"2025-02-09T15:21:21+00:00","dateModified":"2025-08-19T12:43:46+00:00","breadcrumb":{"@id":"https:\/\/fermesinsac.com\/shop\/sirops\/sirop-de-roses\/#breadcrumb"},"inLanguage":"es","potentialAction":[{"@type":"ReadAction","target":["https:\/\/fermesinsac.com\/shop\/sirops\/sirop-de-roses\/"]}]},{"@type":"ImageObject","inLanguage":"es","@id":"https:\/\/fermesinsac.com\/shop\/sirops\/sirop-de-roses\/#primaryimage","url":"https:\/\/fermesinsac.com\/wp-content\/uploads\/2025\/02\/Sirop-sans-fond.webp","contentUrl":"https:\/\/fermesinsac.com\/wp-content\/uploads\/2025\/02\/Sirop-sans-fond.webp","width":1440,"height":1080},{"@type":"BreadcrumbList","@id":"https:\/\/fermesinsac.com\/shop\/sirops\/sirop-de-roses\/#breadcrumb","itemListElement":[{"@type":"ListItem","position":1,"name":"Accueil","item":"https:\/\/fermesinsac.com\/"},{"@type":"ListItem","position":2,"name":"Shop","item":"https:\/\/fermesinsac.com\/shop\/"},{"@type":"ListItem","position":3,"name":"Sirop de roses"}]},{"@type":"WebSite","@id":"https:\/\/fermesinsac.com\/#website","url":"https:\/\/fermesinsac.com\/","name":"Granja Sinsac","description":"la biodiversidad ante todo","publisher":{"@id":"https:\/\/fermesinsac.com\/#organization"},"potentialAction":[{"@type":"SearchAction","target":{"@type":"EntryPoint","urlTemplate":"https:\/\/fermesinsac.com\/?s={search_term_string}"},"query-input":{"@type":"PropertyValueSpecification","valueRequired":true,"valueName":"search_term_string"}}],"inLanguage":"es"},{"@type":"Organization","@id":"https:\/\/fermesinsac.com\/#organization","name":"Granja Sinsac","url":"https:\/\/fermesinsac.com\/","logo":{"@type":"ImageObject","inLanguage":"es","@id":"https:\/\/fermesinsac.com\/#\/schema\/logo\/image\/","url":"https:\/\/fermesinsac.com\/wp-content\/uploads\/2025\/01\/cropped-logo-ferme-sinsac-klein.webp","contentUrl":"https:\/\/fermesinsac.com\/wp-content\/uploads\/2025\/01\/cropped-logo-ferme-sinsac-klein.webp","width":512,"height":512,"caption":"Ferme Sinsac"},"image":{"@id":"https:\/\/fermesinsac.com\/#\/schema\/logo\/image\/"},"sameAs":["https:\/\/www.facebook.com\/fermebiosinsac","https:\/\/www.tiktok.com\/@fermesinsac?lang=nl-NL","https:\/\/www.instagram.com\/fermebiosinsac\/","https:\/\/www.linkedin.com\/company\/31423500\/"]}]}},"jetpack_publicize_connections":[],"jetpack_sharing_enabled":true,"_links":{"self":[{"href":"https:\/\/fermesinsac.com\/es\/wp-json\/wp\/v2\/product\/44179","targetHints":{"allow":["GET"]}}],"collection":[{"href":"https:\/\/fermesinsac.com\/es\/wp-json\/wp\/v2\/product"}],"about":[{"href":"https:\/\/fermesinsac.com\/es\/wp-json\/wp\/v2\/types\/product"}],"replies":[{"embeddable":true,"href":"https:\/\/fermesinsac.com\/es\/wp-json\/wp\/v2\/comments?post=44179"}],"version-history":[{"count":1,"href":"https:\/\/fermesinsac.com\/es\/wp-json\/wp\/v2\/product\/44179\/revisions"}],"predecessor-version":[{"id":44180,"href":"https:\/\/fermesinsac.com\/es\/wp-json\/wp\/v2\/product\/44179\/revisions\/44180"}],"wp:featuredmedia":[{"embeddable":true,"href":"https:\/\/fermesinsac.com\/es\/wp-json\/wp\/v2\/media\/44173"}],"wp:attachment":[{"href":"https:\/\/fermesinsac.com\/es\/wp-json\/wp\/v2\/media?parent=44179"}],"wp:term":[{"taxonomy":"product_brand","embeddable":true,"href":"https:\/\/fermesinsac.com\/es\/wp-json\/wp\/v2\/product_brand?post=44179"},{"taxonomy":"product_cat","embeddable":true,"href":"https:\/\/fermesinsac.com\/es\/wp-json\/wp\/v2\/product_cat?post=44179"},{"taxonomy":"product_tag","embeddable":true,"href":"https:\/\/fermesinsac.com\/es\/wp-json\/wp\/v2\/product_tag?post=44179"}],"curies":[{"name":"wp","href":"https:\/\/api.w.org\/{rel}","templated":true}]}}