{"id":43708,"date":"2025-02-04T17:09:20","date_gmt":"2025-02-04T16:09:20","guid":{"rendered":"http:\/\/fermesinsac.com\/?post_type=product&#038;p=43708"},"modified":"2025-08-21T17:15:32","modified_gmt":"2025-08-21T15:15:32","slug":"haya","status":"publish","type":"product","link":"https:\/\/fermesinsac.com\/es\/tienda\/compensacion-de-c02\/arboles-comunes\/haya\/","title":{"rendered":"Haya"},"content":{"rendered":"<p>Haya com\u00fan.<\/p>\n<p>El precio incluye: Esqueje a ra\u00edz desnuda, de 18 a 24 meses de edad, procedente de viveros locales con la etiqueta AB, plantaci\u00f3n en nuestro terreno, acolchado y mantenimiento del \u00e1rbol durante 20 a\u00f1os.<\/p>\n<p>Plantamos los \u00e1rboles que compramos <strong>en nuestra tierra<\/strong> y le enviaremos una factura de compensaci\u00f3n de carbono en la que se indicar\u00e1 d\u00f3nde se han plantado sus \u00e1rboles. <\/p>\n<p>Le invitamos a que venga a ver nuestros huertos y bosques plantados.<\/p>","protected":false},"excerpt":{"rendered":"<div class=\"woocommerce-product-details__short-description\">\n<p>Haya com\u00fan.<\/p>\n<p>Ra\u00edces desnudas en barricas de 18 a 24 meses para una mejor recuperaci\u00f3n en el momento de la plantaci\u00f3n. <\/p><\/div>\n<p><\/p>\n<div class=\"woocommerce-product-details__short-description\">Los \u00e1rboles se plantan en una de nuestras parcelas, lo que permite a su empresa compensar su huella de carbono.<\/p>\n<p>\u00a0<\/p>\n<\/div>","protected":false},"featured_media":43709,"comment_status":"open","ping_status":"closed","template":"","meta":{"_price":"25","_stock":"1000","_tribe_ticket_header":"","_tribe_default_ticket_provider":"","_tribe_ticket_capacity":"1000","_ticket_start_date":"","_ticket_end_date":"","_tribe_ticket_show_description":"","_tribe_ticket_show_not_going":false,"_tribe_ticket_use_global_stock":"","_tribe_ticket_global_stock_level":"","_global_stock_mode":"","_global_stock_cap":"","_tribe_rsvp_for_event":"","_tribe_ticket_going_count":"","_tribe_ticket_not_going_count":"","_tribe_tickets_list":"[]","_tribe_ticket_has_attendee_info_fields":false,"jetpack_publicize_message":"","jetpack_publicize_feature_enabled":true,"jetpack_social_post_already_shared":false,"jetpack_social_options":{"image_generator_settings":{"template":"highway","default_image_id":0,"font":"","enabled":false},"version":2}},"product_brand":[],"product_cat":[686],"product_tag":[685],"class_list":{"0":"post-43708","1":"product","2":"type-product","3":"status-publish","4":"has-post-thumbnail","6":"product_cat-arbres-communs","7":"product_tag-hetrearbrecommunbioarbre","10":"first","11":"instock","12":"virtual","13":"taxable","14":"purchasable","15":"product-type-simple"},"yoast_head":"<!-- This site is optimized with the Yoast SEO plugin v26.6 - https:\/\/yoast.com\/wordpress\/plugins\/seo\/ -->\n<title>H\u00eatre - Ferme Sinsac<\/title>\n<meta name=\"robots\" content=\"index, follow, max-snippet:-1, max-image-preview:large, max-video-preview:-1\" \/>\n<link rel=\"canonical\" href=\"https:\/\/fermesinsac.com\/es\/tienda\/compensacion-de-c02\/arboles-comunes\/haya\/\" \/>\n<meta property=\"og:locale\" content=\"es_ES\" \/>\n<meta property=\"og:type\" content=\"article\" \/>\n<meta property=\"og:title\" content=\"H\u00eatre - Ferme Sinsac\" \/>\n<meta property=\"og:description\" content=\"H\u00eatre commun.Racines nues sur f\u00fbt de 18 \u00e0 24 mois pour une meilleure reprise \u00e0 la plantation. Permettant une facture de compensation carbone pour votre entreprise, les arbres sont plant\u00e9s sur un de nos terrains.\u00a0\" \/>\n<meta property=\"og:url\" content=\"https:\/\/fermesinsac.com\/es\/tienda\/compensacion-de-c02\/arboles-comunes\/haya\/\" \/>\n<meta property=\"og:site_name\" content=\"Ferme Sinsac\" \/>\n<meta property=\"article:publisher\" content=\"https:\/\/www.facebook.com\/fermebiosinsac\" \/>\n<meta property=\"article:modified_time\" content=\"2025-08-21T15:15:32+00:00\" \/>\n<meta property=\"og:image\" content=\"https:\/\/fermesinsac.com\/wp-content\/uploads\/2025\/02\/hetre.webp\" \/>\n\t<meta property=\"og:image:width\" content=\"474\" \/>\n\t<meta property=\"og:image:height\" content=\"632\" \/>\n\t<meta property=\"og:image:type\" content=\"image\/webp\" \/>\n<meta name=\"twitter:card\" content=\"summary_large_image\" \/>\n<script type=\"application\/ld+json\" class=\"yoast-schema-graph\">{\"@context\":\"https:\/\/schema.org\",\"@graph\":[{\"@type\":\"WebPage\",\"@id\":\"https:\/\/fermesinsac.com\/shop\/compensation-c02\/arbres-communs\/hetre\/\",\"url\":\"https:\/\/fermesinsac.com\/shop\/compensation-c02\/arbres-communs\/hetre\/\",\"name\":\"H\u00eatre - Ferme Sinsac\",\"isPartOf\":{\"@id\":\"https:\/\/fermesinsac.com\/#website\"},\"primaryImageOfPage\":{\"@id\":\"https:\/\/fermesinsac.com\/shop\/compensation-c02\/arbres-communs\/hetre\/#primaryimage\"},\"image\":{\"@id\":\"https:\/\/fermesinsac.com\/shop\/compensation-c02\/arbres-communs\/hetre\/#primaryimage\"},\"thumbnailUrl\":\"https:\/\/fermesinsac.com\/wp-content\/uploads\/2025\/02\/hetre.webp\",\"datePublished\":\"2025-02-04T16:09:20+00:00\",\"dateModified\":\"2025-08-21T15:15:32+00:00\",\"breadcrumb\":{\"@id\":\"https:\/\/fermesinsac.com\/shop\/compensation-c02\/arbres-communs\/hetre\/#breadcrumb\"},\"inLanguage\":\"es\",\"potentialAction\":[{\"@type\":\"ReadAction\",\"target\":[\"https:\/\/fermesinsac.com\/shop\/compensation-c02\/arbres-communs\/hetre\/\"]}]},{\"@type\":\"ImageObject\",\"inLanguage\":\"es\",\"@id\":\"https:\/\/fermesinsac.com\/shop\/compensation-c02\/arbres-communs\/hetre\/#primaryimage\",\"url\":\"https:\/\/fermesinsac.com\/wp-content\/uploads\/2025\/02\/hetre.webp\",\"contentUrl\":\"https:\/\/fermesinsac.com\/wp-content\/uploads\/2025\/02\/hetre.webp\",\"width\":474,\"height\":632},{\"@type\":\"BreadcrumbList\",\"@id\":\"https:\/\/fermesinsac.com\/shop\/compensation-c02\/arbres-communs\/hetre\/#breadcrumb\",\"itemListElement\":[{\"@type\":\"ListItem\",\"position\":1,\"name\":\"Accueil\",\"item\":\"https:\/\/fermesinsac.com\/\"},{\"@type\":\"ListItem\",\"position\":2,\"name\":\"Shop\",\"item\":\"https:\/\/fermesinsac.com\/shop\/\"},{\"@type\":\"ListItem\",\"position\":3,\"name\":\"H\u00eatre\"}]},{\"@type\":\"WebSite\",\"@id\":\"https:\/\/fermesinsac.com\/#website\",\"url\":\"https:\/\/fermesinsac.com\/\",\"name\":\"Ferme Sinsac\",\"description\":\"la biodiversit\u00e9 avant tout\",\"publisher\":{\"@id\":\"https:\/\/fermesinsac.com\/#organization\"},\"potentialAction\":[{\"@type\":\"SearchAction\",\"target\":{\"@type\":\"EntryPoint\",\"urlTemplate\":\"https:\/\/fermesinsac.com\/?s={search_term_string}\"},\"query-input\":{\"@type\":\"PropertyValueSpecification\",\"valueRequired\":true,\"valueName\":\"search_term_string\"}}],\"inLanguage\":\"es\"},{\"@type\":\"Organization\",\"@id\":\"https:\/\/fermesinsac.com\/#organization\",\"name\":\"Ferme Sinsac\",\"url\":\"https:\/\/fermesinsac.com\/\",\"logo\":{\"@type\":\"ImageObject\",\"inLanguage\":\"es\",\"@id\":\"https:\/\/fermesinsac.com\/#\/schema\/logo\/image\/\",\"url\":\"https:\/\/fermesinsac.com\/wp-content\/uploads\/2025\/01\/cropped-logo-ferme-sinsac-klein.webp\",\"contentUrl\":\"https:\/\/fermesinsac.com\/wp-content\/uploads\/2025\/01\/cropped-logo-ferme-sinsac-klein.webp\",\"width\":512,\"height\":512,\"caption\":\"Ferme Sinsac\"},\"image\":{\"@id\":\"https:\/\/fermesinsac.com\/#\/schema\/logo\/image\/\"},\"sameAs\":[\"https:\/\/www.facebook.com\/fermebiosinsac\",\"https:\/\/www.tiktok.com\/@fermesinsac?lang=nl-NL\",\"https:\/\/www.instagram.com\/fermebiosinsac\/\",\"https:\/\/www.linkedin.com\/company\/31423500\/\"]}]}<\/script>\n<!-- \/ Yoast SEO plugin. -->","yoast_head_json":{"title":"H\u00eatre - Ferme Sinsac","robots":{"index":"index","follow":"follow","max-snippet":"max-snippet:-1","max-image-preview":"max-image-preview:large","max-video-preview":"max-video-preview:-1"},"canonical":"https:\/\/fermesinsac.com\/es\/tienda\/compensacion-de-c02\/arboles-comunes\/haya\/","og_locale":"es_ES","og_type":"article","og_title":"H\u00eatre - Ferme Sinsac","og_description":"H\u00eatre commun.Racines nues sur f\u00fbt de 18 \u00e0 24 mois pour une meilleure reprise \u00e0 la plantation. Permettant une facture de compensation carbone pour votre entreprise, les arbres sont plant\u00e9s sur un de nos terrains.\u00a0","og_url":"https:\/\/fermesinsac.com\/es\/tienda\/compensacion-de-c02\/arboles-comunes\/haya\/","og_site_name":"Ferme Sinsac","article_publisher":"https:\/\/www.facebook.com\/fermebiosinsac","article_modified_time":"2025-08-21T15:15:32+00:00","og_image":[{"width":474,"height":632,"url":"https:\/\/fermesinsac.com\/wp-content\/uploads\/2025\/02\/hetre.webp","type":"image\/webp"}],"twitter_card":"summary_large_image","schema":{"@context":"https:\/\/schema.org","@graph":[{"@type":"WebPage","@id":"https:\/\/fermesinsac.com\/shop\/compensation-c02\/arbres-communs\/hetre\/","url":"https:\/\/fermesinsac.com\/shop\/compensation-c02\/arbres-communs\/hetre\/","name":"H\u00eatre - Ferme Sinsac","isPartOf":{"@id":"https:\/\/fermesinsac.com\/#website"},"primaryImageOfPage":{"@id":"https:\/\/fermesinsac.com\/shop\/compensation-c02\/arbres-communs\/hetre\/#primaryimage"},"image":{"@id":"https:\/\/fermesinsac.com\/shop\/compensation-c02\/arbres-communs\/hetre\/#primaryimage"},"thumbnailUrl":"https:\/\/fermesinsac.com\/wp-content\/uploads\/2025\/02\/hetre.webp","datePublished":"2025-02-04T16:09:20+00:00","dateModified":"2025-08-21T15:15:32+00:00","breadcrumb":{"@id":"https:\/\/fermesinsac.com\/shop\/compensation-c02\/arbres-communs\/hetre\/#breadcrumb"},"inLanguage":"es","potentialAction":[{"@type":"ReadAction","target":["https:\/\/fermesinsac.com\/shop\/compensation-c02\/arbres-communs\/hetre\/"]}]},{"@type":"ImageObject","inLanguage":"es","@id":"https:\/\/fermesinsac.com\/shop\/compensation-c02\/arbres-communs\/hetre\/#primaryimage","url":"https:\/\/fermesinsac.com\/wp-content\/uploads\/2025\/02\/hetre.webp","contentUrl":"https:\/\/fermesinsac.com\/wp-content\/uploads\/2025\/02\/hetre.webp","width":474,"height":632},{"@type":"BreadcrumbList","@id":"https:\/\/fermesinsac.com\/shop\/compensation-c02\/arbres-communs\/hetre\/#breadcrumb","itemListElement":[{"@type":"ListItem","position":1,"name":"Accueil","item":"https:\/\/fermesinsac.com\/"},{"@type":"ListItem","position":2,"name":"Shop","item":"https:\/\/fermesinsac.com\/shop\/"},{"@type":"ListItem","position":3,"name":"H\u00eatre"}]},{"@type":"WebSite","@id":"https:\/\/fermesinsac.com\/#website","url":"https:\/\/fermesinsac.com\/","name":"Granja Sinsac","description":"la biodiversidad ante todo","publisher":{"@id":"https:\/\/fermesinsac.com\/#organization"},"potentialAction":[{"@type":"SearchAction","target":{"@type":"EntryPoint","urlTemplate":"https:\/\/fermesinsac.com\/?s={search_term_string}"},"query-input":{"@type":"PropertyValueSpecification","valueRequired":true,"valueName":"search_term_string"}}],"inLanguage":"es"},{"@type":"Organization","@id":"https:\/\/fermesinsac.com\/#organization","name":"Granja Sinsac","url":"https:\/\/fermesinsac.com\/","logo":{"@type":"ImageObject","inLanguage":"es","@id":"https:\/\/fermesinsac.com\/#\/schema\/logo\/image\/","url":"https:\/\/fermesinsac.com\/wp-content\/uploads\/2025\/01\/cropped-logo-ferme-sinsac-klein.webp","contentUrl":"https:\/\/fermesinsac.com\/wp-content\/uploads\/2025\/01\/cropped-logo-ferme-sinsac-klein.webp","width":512,"height":512,"caption":"Ferme Sinsac"},"image":{"@id":"https:\/\/fermesinsac.com\/#\/schema\/logo\/image\/"},"sameAs":["https:\/\/www.facebook.com\/fermebiosinsac","https:\/\/www.tiktok.com\/@fermesinsac?lang=nl-NL","https:\/\/www.instagram.com\/fermebiosinsac\/","https:\/\/www.linkedin.com\/company\/31423500\/"]}]}},"jetpack_publicize_connections":[],"jetpack_sharing_enabled":true,"_links":{"self":[{"href":"https:\/\/fermesinsac.com\/es\/wp-json\/wp\/v2\/product\/43708","targetHints":{"allow":["GET"]}}],"collection":[{"href":"https:\/\/fermesinsac.com\/es\/wp-json\/wp\/v2\/product"}],"about":[{"href":"https:\/\/fermesinsac.com\/es\/wp-json\/wp\/v2\/types\/product"}],"replies":[{"embeddable":true,"href":"https:\/\/fermesinsac.com\/es\/wp-json\/wp\/v2\/comments?post=43708"}],"version-history":[{"count":6,"href":"https:\/\/fermesinsac.com\/es\/wp-json\/wp\/v2\/product\/43708\/revisions"}],"predecessor-version":[{"id":44936,"href":"https:\/\/fermesinsac.com\/es\/wp-json\/wp\/v2\/product\/43708\/revisions\/44936"}],"wp:featuredmedia":[{"embeddable":true,"href":"https:\/\/fermesinsac.com\/es\/wp-json\/wp\/v2\/media\/43709"}],"wp:attachment":[{"href":"https:\/\/fermesinsac.com\/es\/wp-json\/wp\/v2\/media?parent=43708"}],"wp:term":[{"taxonomy":"product_brand","embeddable":true,"href":"https:\/\/fermesinsac.com\/es\/wp-json\/wp\/v2\/product_brand?post=43708"},{"taxonomy":"product_cat","embeddable":true,"href":"https:\/\/fermesinsac.com\/es\/wp-json\/wp\/v2\/product_cat?post=43708"},{"taxonomy":"product_tag","embeddable":true,"href":"https:\/\/fermesinsac.com\/es\/wp-json\/wp\/v2\/product_tag?post=43708"}],"curies":[{"name":"wp","href":"https:\/\/api.w.org\/{rel}","templated":true}]}}