{"id":45178,"date":"2026-01-19T16:09:10","date_gmt":"2026-01-19T15:09:10","guid":{"rendered":"https:\/\/fermesinsac.com\/?page_id=45178"},"modified":"2026-01-23T17:56:22","modified_gmt":"2026-01-23T16:56:22","slug":"evenements","status":"publish","type":"page","link":"https:\/\/fermesinsac.com\/es\/evenements\/","title":{"rendered":"Evenements"},"content":{"rendered":"\t\t<div data-elementor-type=\"wp-page\" data-elementor-id=\"45178\" class=\"elementor elementor-45178\" data-elementor-post-type=\"page\">\n\t\t\t\t<div class=\"elementor-element elementor-element-89d290d e-flex e-con-boxed e-con e-parent\" data-id=\"89d290d\" data-element_type=\"container\" data-e-type=\"container\">\n\t\t\t\t\t<div class=\"e-con-inner\">\n\t\t\t\t<div class=\"elementor-element elementor-element-364c615 elementor-widget elementor-widget-text-editor\" data-id=\"364c615\" data-element_type=\"widget\" data-e-type=\"widget\" data-widget_type=\"text-editor.default\">\n\t\t\t\t<div class=\"elementor-widget-container\">\n\t\t\t\t\t\t\t\t\t<p><span class=\"text-md text-lg\" style=\"color: #000080;\"><strong>Pour r\u00e9server un evenement, allez dans &#8221; plus d infos&#8221; puis &#8220;r\u00e9server&#8221;. <\/strong><\/span><span class=\"text-md text-lg\" style=\"color: #000080;\"><strong>Vous serez sur la page des paiements. <\/strong><\/span><\/p><p><span class=\"text-md text-lg\" style=\"color: #000080;\"><strong>Uniquement par cb, si vous rencontrez des soucis, envoyez moi un sms au 0647361538<\/strong><\/span><\/p>\t\t\t\t\t\t\t\t<\/div>\n\t\t\t\t<\/div>\n\t\t\t\t\t<\/div>\n\t\t\t\t<\/div>\n\t\t<div class=\"elementor-element elementor-element-015bc12 e-flex e-con-boxed e-con e-parent\" data-id=\"015bc12\" data-element_type=\"container\" data-e-type=\"container\">\n\t\t\t\t\t<div class=\"e-con-inner\">\n\t\t\t\t<div class=\"elementor-element elementor-element-a5fbd23 elementor-widget elementor-widget-tec_events_elementor_widget_event_calendar_link\" data-id=\"a5fbd23\" data-element_type=\"widget\" data-e-type=\"widget\" data-widget_type=\"tec_events_elementor_widget_event_calendar_link.default\">\n\t\t\t\t<div class=\"elementor-widget-container\">\n\t\t\t\t\t<p  class=\"tec-events-back\" >\n\t<a href=\"https:\/\/fermesinsac.com\/es\/events\/\" >&laquo; Todos los Eventos<\/a>\n<\/p>\t\t\t\t<\/div>\n\t\t\t\t<\/div>\n\t\t\t\t<div class=\"elementor-element elementor-element-37efbbb elementor-widget elementor-widget-lte-events\" data-id=\"37efbbb\" data-element_type=\"widget\" data-e-type=\"widget\" data-widget_type=\"lte-events.default\">\n\t\t\t\t<div class=\"elementor-widget-container\">\n\t\t\t\t\t<div class=\"lte-events-sc lte-layout-table\"><div data-id=\"42502\" class=\"lte-item\"><div class=\"lte-item-wrapper\"><div class=\"lte-img\"><a href=\"https:\/\/fermesinsac.com\/es\/evento\/alrededor-de-la-granja-2\/\"><img decoding=\"async\" width=\"140\" height=\"140\" src=\"https:\/\/fermesinsac.com\/wp-content\/uploads\/2024\/11\/IMG_1754D-140x140.jpg\" class=\"attachment-milatte-partners size-milatte-partners wp-post-image\" alt=\"\" srcset=\"https:\/\/fermesinsac.com\/wp-content\/uploads\/2024\/11\/IMG_1754D-140x140.jpg 140w, https:\/\/fermesinsac.com\/wp-content\/uploads\/2024\/11\/IMG_1754D-150x150.webp 150w, https:\/\/fermesinsac.com\/wp-content\/uploads\/2024\/11\/IMG_1754D-80x80.webp 80w, https:\/\/fermesinsac.com\/wp-content\/uploads\/2024\/11\/IMG_1754D-300x300.webp 300w, https:\/\/fermesinsac.com\/wp-content\/uploads\/2024\/11\/IMG_1754D-100x100.webp 100w\" sizes=\"(max-width: 140px) 100vw, 140px\" \/><\/a><\/div><div class=\"lte-info\"><span class=\"lte-event-cat\">Tours<\/span><span class=\"lte-event-time\">14:00<\/span><span class=\"lte-event-venue\">Ferme Sinsac<\/span><h5 class=\"lte-header\"><a href=\"https:\/\/fermesinsac.com\/es\/evento\/alrededor-de-la-granja-2\/\">Visite de la ferme pour les groupes<\/a><\/h5><span class=\"lte-excerpt\">Nous proposons une visite immersive avec ateliers pratiques et la d\u00e9couverte de l&#8217;histoire de notre ferme au travers des \u00e2ges. Cette visite payante est d\u00e9di\u00e9e aux groupes de plus de [&hellip;]<\/span><div class=\"lte-link\"><a href=\"https:\/\/fermesinsac.com\/es\/evento\/alrededor-de-la-granja-2\/\" class=\"lte-btn btn-xs btn-main color-hover-black\"><span class=\"lte-btn-inner\"><span class=\"lte-btn-before\"><\/span>plus d infos<span class=\"lte-btn-after\"><\/span><\/span><\/a><\/div><\/div><div class=\"lte-event-cost-col\">10.00&#8364;<\/div><div class=\"lte-link-2\"><a href=\"https:\/\/fermesinsac.com\/es\/evento\/alrededor-de-la-granja-2\/\" class=\"lte-btn btn-main color-hover-black\"><span class=\"lte-btn-inner\"><span class=\"lte-btn-before\"><\/span>plus d infos<span class=\"lte-btn-after\"><\/span><\/span><\/a><\/div><\/div><\/div><\/div>\t\t\t\t<\/div>\n\t\t\t\t<\/div>\n\t\t\t\t\t<\/div>\n\t\t\t\t<\/div>\n\t\t<div class=\"elementor-element elementor-element-ca1edec e-flex e-con-boxed e-con e-parent\" data-id=\"ca1edec\" data-element_type=\"container\" data-e-type=\"container\">\n\t\t\t\t\t<div class=\"e-con-inner\">\n\t\t\t\t\t<\/div>\n\t\t\t\t<\/div>\n\t\t\t\t<\/div>\n\t\t","protected":false},"excerpt":{"rendered":"<p>&laquo; Tous les \u00c9v\u00e8nements Tours14:00Ferme Sinsac Visite de la ferme pour les groupes Nous proposons une visite immersive avec ateliers pratiques et la d\u00e9couverte de l&#8217;histoire de notre ferme au [&hellip;]<\/p>\n","protected":false},"author":1,"featured_media":0,"parent":0,"menu_order":0,"comment_status":"closed","ping_status":"closed","template":"","meta":{"_price":"","_stock":"","_tribe_ticket_header":"","_tribe_default_ticket_provider":"","_tribe_ticket_capacity":"","_ticket_start_date":"","_ticket_end_date":"","_tribe_ticket_show_description":"","_tribe_ticket_show_not_going":false,"_tribe_ticket_use_global_stock":"","_tribe_ticket_global_stock_level":"","_global_stock_mode":"","_global_stock_cap":"","_tribe_rsvp_for_event":"","_tribe_ticket_going_count":"","_tribe_ticket_not_going_count":"","_tribe_tickets_list":"[]","_tribe_ticket_has_attendee_info_fields":false,"footnotes":"","_tec_slr_enabled":"","_tec_slr_layout":""},"class_list":["post-45178","page","type-page","status-publish","hentry","cat_tours","has-post-thumbnail"],"yoast_head":"<!-- This site is optimized with the Yoast SEO plugin v26.6 - https:\/\/yoast.com\/wordpress\/plugins\/seo\/ -->\n<title>Evenements - Ferme Sinsac<\/title>\n<meta name=\"robots\" content=\"index, follow, max-snippet:-1, max-image-preview:large, max-video-preview:-1\" \/>\n<link rel=\"canonical\" href=\"https:\/\/fermesinsac.com\/es\/evenements\/\" \/>\n<meta property=\"og:locale\" content=\"es_ES\" \/>\n<meta property=\"og:type\" content=\"article\" \/>\n<meta property=\"og:title\" content=\"Evenements - Ferme Sinsac\" \/>\n<meta property=\"og:description\" content=\"&laquo; Tous les \u00c9v\u00e8nements Tours14:00Ferme Sinsac Visite de la ferme pour les groupes Nous proposons une visite immersive avec ateliers pratiques et la d\u00e9couverte de l&#8217;histoire de notre ferme au [&hellip;]\" \/>\n<meta property=\"og:url\" content=\"https:\/\/fermesinsac.com\/es\/evenements\/\" \/>\n<meta property=\"og:site_name\" content=\"Ferme Sinsac\" \/>\n<meta property=\"article:publisher\" content=\"https:\/\/www.facebook.com\/fermebiosinsac\" \/>\n<meta property=\"article:modified_time\" content=\"2026-01-23T16:56:22+00:00\" \/>\n<meta property=\"og:image\" content=\"https:\/\/fermesinsac.com\/wp-content\/uploads\/2024\/11\/IMG_1754D-140x140.jpg\" \/>\n<meta name=\"twitter:card\" content=\"summary_large_image\" \/>\n<meta name=\"twitter:label1\" content=\"Tiempo de lectura\" \/>\n\t<meta name=\"twitter:data1\" content=\"4 minutos\" \/>\n<script type=\"application\/ld+json\" class=\"yoast-schema-graph\">{\"@context\":\"https:\/\/schema.org\",\"@graph\":[{\"@type\":\"WebPage\",\"@id\":\"https:\/\/fermesinsac.com\/evenements\/\",\"url\":\"https:\/\/fermesinsac.com\/evenements\/\",\"name\":\"Evenements - Ferme Sinsac\",\"isPartOf\":{\"@id\":\"https:\/\/fermesinsac.com\/#website\"},\"primaryImageOfPage\":{\"@id\":\"https:\/\/fermesinsac.com\/evenements\/#primaryimage\"},\"image\":{\"@id\":\"https:\/\/fermesinsac.com\/evenements\/#primaryimage\"},\"thumbnailUrl\":\"https:\/\/fermesinsac.com\/wp-content\/uploads\/2024\/11\/IMG_1754D-140x140.jpg\",\"datePublished\":\"2026-01-19T15:09:10+00:00\",\"dateModified\":\"2026-01-23T16:56:22+00:00\",\"breadcrumb\":{\"@id\":\"https:\/\/fermesinsac.com\/evenements\/#breadcrumb\"},\"inLanguage\":\"es\",\"potentialAction\":[{\"@type\":\"ReadAction\",\"target\":[\"https:\/\/fermesinsac.com\/evenements\/\"]}]},{\"@type\":\"ImageObject\",\"inLanguage\":\"es\",\"@id\":\"https:\/\/fermesinsac.com\/evenements\/#primaryimage\",\"url\":\"https:\/\/fermesinsac.com\/wp-content\/uploads\/2024\/11\/IMG_1754D-140x140.jpg\",\"contentUrl\":\"https:\/\/fermesinsac.com\/wp-content\/uploads\/2024\/11\/IMG_1754D-140x140.jpg\"},{\"@type\":\"BreadcrumbList\",\"@id\":\"https:\/\/fermesinsac.com\/evenements\/#breadcrumb\",\"itemListElement\":[{\"@type\":\"ListItem\",\"position\":1,\"name\":\"Accueil\",\"item\":\"https:\/\/fermesinsac.com\/\"},{\"@type\":\"ListItem\",\"position\":2,\"name\":\"Evenements\"}]},{\"@type\":\"WebSite\",\"@id\":\"https:\/\/fermesinsac.com\/#website\",\"url\":\"https:\/\/fermesinsac.com\/\",\"name\":\"Ferme Sinsac\",\"description\":\"la biodiversit\u00e9 avant tout\",\"publisher\":{\"@id\":\"https:\/\/fermesinsac.com\/#organization\"},\"potentialAction\":[{\"@type\":\"SearchAction\",\"target\":{\"@type\":\"EntryPoint\",\"urlTemplate\":\"https:\/\/fermesinsac.com\/?s={search_term_string}\"},\"query-input\":{\"@type\":\"PropertyValueSpecification\",\"valueRequired\":true,\"valueName\":\"search_term_string\"}}],\"inLanguage\":\"es\"},{\"@type\":\"Organization\",\"@id\":\"https:\/\/fermesinsac.com\/#organization\",\"name\":\"Ferme Sinsac\",\"url\":\"https:\/\/fermesinsac.com\/\",\"logo\":{\"@type\":\"ImageObject\",\"inLanguage\":\"es\",\"@id\":\"https:\/\/fermesinsac.com\/#\/schema\/logo\/image\/\",\"url\":\"https:\/\/fermesinsac.com\/wp-content\/uploads\/2025\/01\/cropped-logo-ferme-sinsac-klein.webp\",\"contentUrl\":\"https:\/\/fermesinsac.com\/wp-content\/uploads\/2025\/01\/cropped-logo-ferme-sinsac-klein.webp\",\"width\":512,\"height\":512,\"caption\":\"Ferme Sinsac\"},\"image\":{\"@id\":\"https:\/\/fermesinsac.com\/#\/schema\/logo\/image\/\"},\"sameAs\":[\"https:\/\/www.facebook.com\/fermebiosinsac\",\"https:\/\/www.tiktok.com\/@fermesinsac?lang=nl-NL\",\"https:\/\/www.instagram.com\/fermebiosinsac\/\",\"https:\/\/www.linkedin.com\/company\/31423500\/\"]}]}<\/script>\n<!-- \/ Yoast SEO plugin. -->","yoast_head_json":{"title":"Evenements - Ferme Sinsac","robots":{"index":"index","follow":"follow","max-snippet":"max-snippet:-1","max-image-preview":"max-image-preview:large","max-video-preview":"max-video-preview:-1"},"canonical":"https:\/\/fermesinsac.com\/es\/evenements\/","og_locale":"es_ES","og_type":"article","og_title":"Evenements - Ferme Sinsac","og_description":"&laquo; Tous les \u00c9v\u00e8nements Tours14:00Ferme Sinsac Visite de la ferme pour les groupes Nous proposons une visite immersive avec ateliers pratiques et la d\u00e9couverte de l&#8217;histoire de notre ferme au [&hellip;]","og_url":"https:\/\/fermesinsac.com\/es\/evenements\/","og_site_name":"Ferme Sinsac","article_publisher":"https:\/\/www.facebook.com\/fermebiosinsac","article_modified_time":"2026-01-23T16:56:22+00:00","og_image":[{"url":"https:\/\/fermesinsac.com\/wp-content\/uploads\/2024\/11\/IMG_1754D-140x140.jpg","type":"","width":"","height":""}],"twitter_card":"summary_large_image","twitter_misc":{"Tiempo de lectura":"4 minutos"},"schema":{"@context":"https:\/\/schema.org","@graph":[{"@type":"WebPage","@id":"https:\/\/fermesinsac.com\/evenements\/","url":"https:\/\/fermesinsac.com\/evenements\/","name":"Evenements - Ferme Sinsac","isPartOf":{"@id":"https:\/\/fermesinsac.com\/#website"},"primaryImageOfPage":{"@id":"https:\/\/fermesinsac.com\/evenements\/#primaryimage"},"image":{"@id":"https:\/\/fermesinsac.com\/evenements\/#primaryimage"},"thumbnailUrl":"https:\/\/fermesinsac.com\/wp-content\/uploads\/2024\/11\/IMG_1754D-140x140.jpg","datePublished":"2026-01-19T15:09:10+00:00","dateModified":"2026-01-23T16:56:22+00:00","breadcrumb":{"@id":"https:\/\/fermesinsac.com\/evenements\/#breadcrumb"},"inLanguage":"es","potentialAction":[{"@type":"ReadAction","target":["https:\/\/fermesinsac.com\/evenements\/"]}]},{"@type":"ImageObject","inLanguage":"es","@id":"https:\/\/fermesinsac.com\/evenements\/#primaryimage","url":"https:\/\/fermesinsac.com\/wp-content\/uploads\/2024\/11\/IMG_1754D-140x140.jpg","contentUrl":"https:\/\/fermesinsac.com\/wp-content\/uploads\/2024\/11\/IMG_1754D-140x140.jpg"},{"@type":"BreadcrumbList","@id":"https:\/\/fermesinsac.com\/evenements\/#breadcrumb","itemListElement":[{"@type":"ListItem","position":1,"name":"Accueil","item":"https:\/\/fermesinsac.com\/"},{"@type":"ListItem","position":2,"name":"Evenements"}]},{"@type":"WebSite","@id":"https:\/\/fermesinsac.com\/#website","url":"https:\/\/fermesinsac.com\/","name":"Granja Sinsac","description":"la biodiversidad ante todo","publisher":{"@id":"https:\/\/fermesinsac.com\/#organization"},"potentialAction":[{"@type":"SearchAction","target":{"@type":"EntryPoint","urlTemplate":"https:\/\/fermesinsac.com\/?s={search_term_string}"},"query-input":{"@type":"PropertyValueSpecification","valueRequired":true,"valueName":"search_term_string"}}],"inLanguage":"es"},{"@type":"Organization","@id":"https:\/\/fermesinsac.com\/#organization","name":"Granja Sinsac","url":"https:\/\/fermesinsac.com\/","logo":{"@type":"ImageObject","inLanguage":"es","@id":"https:\/\/fermesinsac.com\/#\/schema\/logo\/image\/","url":"https:\/\/fermesinsac.com\/wp-content\/uploads\/2025\/01\/cropped-logo-ferme-sinsac-klein.webp","contentUrl":"https:\/\/fermesinsac.com\/wp-content\/uploads\/2025\/01\/cropped-logo-ferme-sinsac-klein.webp","width":512,"height":512,"caption":"Ferme Sinsac"},"image":{"@id":"https:\/\/fermesinsac.com\/#\/schema\/logo\/image\/"},"sameAs":["https:\/\/www.facebook.com\/fermebiosinsac","https:\/\/www.tiktok.com\/@fermesinsac?lang=nl-NL","https:\/\/www.instagram.com\/fermebiosinsac\/","https:\/\/www.linkedin.com\/company\/31423500\/"]}]}},"jetpack_sharing_enabled":true,"ticketed":false,"_links":{"self":[{"href":"https:\/\/fermesinsac.com\/es\/wp-json\/wp\/v2\/pages\/45178","targetHints":{"allow":["GET"]}}],"collection":[{"href":"https:\/\/fermesinsac.com\/es\/wp-json\/wp\/v2\/pages"}],"about":[{"href":"https:\/\/fermesinsac.com\/es\/wp-json\/wp\/v2\/types\/page"}],"author":[{"embeddable":true,"href":"https:\/\/fermesinsac.com\/es\/wp-json\/wp\/v2\/users\/1"}],"replies":[{"embeddable":true,"href":"https:\/\/fermesinsac.com\/es\/wp-json\/wp\/v2\/comments?post=45178"}],"version-history":[{"count":8,"href":"https:\/\/fermesinsac.com\/es\/wp-json\/wp\/v2\/pages\/45178\/revisions"}],"predecessor-version":[{"id":45218,"href":"https:\/\/fermesinsac.com\/es\/wp-json\/wp\/v2\/pages\/45178\/revisions\/45218"}],"wp:attachment":[{"href":"https:\/\/fermesinsac.com\/es\/wp-json\/wp\/v2\/media?parent=45178"}],"curies":[{"name":"wp","href":"https:\/\/api.w.org\/{rel}","templated":true}]}}