{"id":44160,"date":"2025-02-08T20:15:41","date_gmt":"2025-02-08T19:15:41","guid":{"rendered":"http:\/\/fermesinsac.com\/?page_id=44160"},"modified":"2025-08-21T18:31:06","modified_gmt":"2025-08-21T16:31:06","slug":"faq","status":"publish","type":"page","link":"https:\/\/fermesinsac.com\/es\/faq\/","title":{"rendered":"PREGUNTAS FRECUENTES"},"content":{"rendered":"<div data-elementor-type=\"wp-page\" data-elementor-id=\"44160\" class=\"elementor elementor-44160\" data-elementor-post-type=\"page\">\n\t\t\t\t<div class=\"elementor-element elementor-element-f4fdfc5 e-flex e-con-boxed e-con e-parent\" data-id=\"f4fdfc5\" data-element_type=\"container\" data-e-type=\"container\">\n\t\t\t\t\t<div class=\"e-con-inner\">\n\t\t\t\t<div class=\"elementor-element elementor-element-6356108 lte-watermark-offset-1 elementor-widget elementor-widget-lte-header\" data-id=\"6356108\" data-element_type=\"widget\" data-e-type=\"widget\" data-widget_type=\"lte-header.default\">\n\t\t\t\t<div class=\"elementor-widget-container\">\n\t\t\t\t\t<div class=\"lte-heading lte-style-header-subheader heading-tag-h2 heading-subtag-h6\"><div class=\"lte-heading-content\"><h2 class=\"lte-header\">Nuestras condiciones generales de venta<\/h2><\/div><\/div>\t\t\t\t<\/div>\n\t\t\t\t<\/div>\n\t\t\t\t\t<\/div>\n\t\t\t\t<\/div>\n\t\t<div class=\"elementor-element elementor-element-02df33e e-flex e-con-boxed e-con e-parent\" data-id=\"02df33e\" data-element_type=\"container\" data-e-type=\"container\">\n\t\t\t\t\t<div class=\"e-con-inner\">\n\t\t\t\t<div class=\"elementor-element elementor-element-23a2720 elementor-widget elementor-widget-heading\" data-id=\"23a2720\" data-element_type=\"widget\" data-e-type=\"widget\" data-widget_type=\"heading.default\">\n\t\t\t\t<div class=\"elementor-widget-container\">\n\t\t\t\t\t<h2 class=\"elementor-heading-title elementor-size-default\">Necesito m\u00e1s informaci\u00f3n sobre un producto\n<\/h2>\t\t\t\t<\/div>\n\t\t\t\t<\/div>\n\t\t\t\t\t<\/div>\n\t\t\t\t<\/div>\n\t\t<div class=\"elementor-element elementor-element-db425b6 e-flex e-con-boxed e-con e-parent\" data-id=\"db425b6\" data-element_type=\"container\" data-e-type=\"container\">\n\t\t\t\t\t<div class=\"e-con-inner\">\n\t\t\t\t<div class=\"elementor-element elementor-element-b4f68b6 elementor-widget elementor-widget-text-editor\" data-id=\"b4f68b6\" data-element_type=\"widget\" data-e-type=\"widget\" data-widget_type=\"text-editor.default\">\n\t\t\t\t<div class=\"elementor-widget-container\">\n\t\t\t\t\t\t\t\t\t<p>En cada ficha de producto se ofrece una amplia gama de informaci\u00f3n, desde las pesta\u00f1as &#8220;Descripci\u00f3n&#8221; y &#8220;Composici\u00f3n&#8221;.<br \/>Si desea congelar un producto, consulte la descripci\u00f3n del mismo.<\/p><p>Tambi\u00e9n puede formular su pregunta directamente pulsando en <a href=\"https:\/\/fermesinsac.com\/contacts\/\" target=\"_blank\" rel=\"noopener\">&#8220;contactez-nous&#8221;<\/a><\/p>\t\t\t\t\t\t\t\t<\/div>\n\t\t\t\t<\/div>\n\t\t\t\t<div class=\"elementor-element elementor-element-b4f8ba6 elementor-widget elementor-widget-heading\" data-id=\"b4f8ba6\" data-element_type=\"widget\" data-e-type=\"widget\" data-widget_type=\"heading.default\">\n\t\t\t\t<div class=\"elementor-widget-container\">\n\t\t\t\t\t<h2 class=\"elementor-heading-title elementor-size-default\">\u00bfD\u00f3nde hacen las entregas?\n<\/h2>\t\t\t\t<\/div>\n\t\t\t\t<\/div>\n\t\t\t\t<div class=\"elementor-element elementor-element-1867504 elementor-widget elementor-widget-text-editor\" data-id=\"1867504\" data-element_type=\"widget\" data-e-type=\"widget\" data-widget_type=\"text-editor.default\">\n\t\t\t\t<div class=\"elementor-widget-container\">\n\t\t\t\t\t\t\t\t\t<p>Puede recibir su pedido en <strong>en toda Francia continental, <\/strong>los pa\u00edses <strong>Europa, Norteam\u00e9rica y Sudam\u00e9rica <\/strong>con nuestro socio DPD.<\/p><p>Los plazos de entrega son de 24-48 horas en Francia, 3 d\u00edas en Europa y 5 d\u00edas para el resto del mundo.<\/p>\t\t\t\t\t\t\t\t<\/div>\n\t\t\t\t<\/div>\n\t\t\t\t<div class=\"elementor-element elementor-element-e8735c2 elementor-widget elementor-widget-heading\" data-id=\"e8735c2\" data-element_type=\"widget\" data-e-type=\"widget\" data-widget_type=\"heading.default\">\n\t\t\t\t<div class=\"elementor-widget-container\">\n\t\t\t\t\t<h2 class=\"elementor-heading-title elementor-size-default\">\u00bfCu\u00e1les son los gastos de env\u00edo?\n<\/h2>\t\t\t\t<\/div>\n\t\t\t\t<\/div>\n\t\t\t\t<div class=\"elementor-element elementor-element-d6bb56e elementor-widget elementor-widget-text-editor\" data-id=\"d6bb56e\" data-element_type=\"widget\" data-e-type=\"widget\" data-widget_type=\"text-editor.default\">\n\t\t\t\t<div class=\"elementor-widget-container\">\n\t\t\t\t\t\t\t\t\t<p>Los gastos de env\u00edo se muestran en la cesta al introducir la direcci\u00f3n de entrega.<\/p><p>Puede elegir entre una gama de servicios y transportistas, con cada tarifa adaptada a sus necesidades.<\/p><p>Para compras superiores a 100 euros en Francia, la entrega es gratuita.<\/p><p>Para compras superiores a 150 euros para el resto del mundo, la entrega es gratuita.<\/p>\t\t\t\t\t\t\t\t<\/div>\n\t\t\t\t<\/div>\n\t\t\t\t<div class=\"elementor-element elementor-element-97b6357 elementor-widget elementor-widget-heading\" data-id=\"97b6357\" data-element_type=\"widget\" data-e-type=\"widget\" data-widget_type=\"heading.default\">\n\t\t\t\t<div class=\"elementor-widget-container\">\n\t\t\t\t\t<h2 class=\"elementor-heading-title elementor-size-default\">\u00bfPuedo devolver uno o varios art\u00edculos?\n<\/h2>\t\t\t\t<\/div>\n\t\t\t\t<\/div>\n\t\t\t\t<div class=\"elementor-element elementor-element-40489d5 elementor-widget elementor-widget-text-editor\" data-id=\"40489d5\" data-element_type=\"widget\" data-e-type=\"widget\" data-widget_type=\"text-editor.default\">\n\t\t\t\t<div class=\"elementor-widget-container\">\n\t\t\t\t\t\t\t\t\t<p>No aceptamos la devoluci\u00f3n de art\u00edculos comprados.<\/p><p>Si su art\u00edculo ha llegado da\u00f1ado durante el transporte, haga una foto del paquete y del contenido roto, y env\u00edenosla a nuestra direcci\u00f3n: info@fermesinsac.com.<\/p><p>El producto tiene un defecto, describa el defecto y le ofreceremos un reemplazo. Env\u00edelo a nuestra direcci\u00f3n: info@fermesinsac.com<\/p>\t\t\t\t\t\t\t\t<\/div>\n\t\t\t\t<\/div>\n\t\t\t\t<div class=\"elementor-element elementor-element-783039e elementor-widget elementor-widget-heading\" data-id=\"783039e\" data-element_type=\"widget\" data-e-type=\"widget\" data-widget_type=\"heading.default\">\n\t\t\t\t<div class=\"elementor-widget-container\">\n\t\t\t\t\t<h2 class=\"elementor-heading-title elementor-size-default\">Tengo otra pregunta\n<\/h2>\t\t\t\t<\/div>\n\t\t\t\t<\/div>\n\t\t\t\t<div class=\"elementor-element elementor-element-ae05a2e elementor-widget elementor-widget-text-editor\" data-id=\"ae05a2e\" data-element_type=\"widget\" data-e-type=\"widget\" data-widget_type=\"text-editor.default\">\n\t\t\t\t<div class=\"elementor-widget-container\">\n\t\t\t\t\t\t\t\t\t<p>P\u00f3ngase en contacto con nosotros<a href=\"https:\/\/fermesinsac.com\/contacts\/\" target=\"_blank\" rel=\"noopener\"> aqu\u00ed<\/a><\/p><p>Puede ponerse en contacto con nosotros por tel\u00e9fono en +33647361538<\/p>\t\t\t\t\t\t\t\t<\/div>\n\t\t\t\t<\/div>\n\t\t\t\t\t<\/div>\n\t\t\t\t<\/div>\n\t\t<div class=\"elementor-element elementor-element-563e97f e-flex e-con-boxed e-con e-parent\" data-id=\"563e97f\" data-element_type=\"container\" data-e-type=\"container\">\n\t\t\t\t\t<div class=\"e-con-inner\">\n\t\t\t\t<div class=\"elementor-element elementor-element-60ae92e elementor-widget elementor-widget-lte-testimonials\" data-id=\"60ae92e\" data-element_type=\"widget\" data-e-type=\"widget\" data-widget_type=\"lte-testimonials.default\">\n\t\t\t\t<div class=\"elementor-widget-container\">\n\t\t\t\t\t<div class=\"lte-swiper-slider-wrapper\"><div class=\"lte-swiper-slider swiper swiper-container lte-testimonials-list lte-testimonials-sc lte-testimonials-layout-swiper lte-cols-1 showQuoteChar showHeader margin-negative lte-arrows-visible-always\" data-space-between=\"30\" data-arrows=\"sides-outside\" data-arrows-mobile=\"md\" data-autoplay=\"0\" data-autoplay-interaction=\"\" data-loop=\"\" data-speed=\"1000\" data-effect=\"slide\" data-slides-per-group=\"-1\" data-touch-move=\"1\" data-breakpoints=\"1;;;;;\"><div class=\"swiper-wrapper\"><div class=\"lte-item swiper-slide\"><div class=\"lte-inner  lte-photo-no\">\n\t<div class=\"lte-descr\"><p>Escrito por Marie-Odile, el 16\/08\/2025 tras una compra el 04\/08\/2025\r\n\r\nvaloraci\u00f3n 5\/5: El pastel salado est\u00e1 delicioso. Gracias por el fizz de mora de regalo, muy apreciado... Por favor, contin\u00faen<\/p><span class=\"lte-triangle\"><\/span><\/div><div class=\"lte-author-wrap\"><div class=\"lte-name\"><div class=\"lte-header\">Comentarios de los clientes<\/div><\/div><\/div><\/div>\n<\/div><\/div><\/div><\/div>\t\t\t\t<\/div>\n\t\t\t\t<\/div>\n\t\t\t\t\t<\/div>\n\t\t\t\t<\/div>\n\t\t\t\t<\/div>","protected":false},"excerpt":{"rendered":"<p>Nos conditions g\u00e9n\u00e9rales de vente J&#8217;ai besoin de plus d&#8217;information sur un produit Sur la fiche de chaque produit, de nombreuses informations sont disponibles depuis les onglets &#8220;Description&#8221; et &#8220;Composition&#8221;.Si [&hellip;]<\/p>\n","protected":false},"author":1,"featured_media":0,"parent":0,"menu_order":0,"comment_status":"closed","ping_status":"closed","template":"","meta":{"_price":"","_stock":"","_tribe_ticket_header":"","_tribe_default_ticket_provider":"","_tribe_ticket_capacity":"0","_ticket_start_date":"","_ticket_end_date":"","_tribe_ticket_show_description":"","_tribe_ticket_show_not_going":false,"_tribe_ticket_use_global_stock":"","_tribe_ticket_global_stock_level":"","_global_stock_mode":"","_global_stock_cap":"","_tribe_rsvp_for_event":"","_tribe_ticket_going_count":"","_tribe_ticket_not_going_count":"","_tribe_tickets_list":"[]","_tribe_ticket_has_attendee_info_fields":false,"footnotes":"","_tec_slr_enabled":"","_tec_slr_layout":""},"class_list":["post-44160","page","type-page","status-publish","hentry"],"yoast_head":"<!-- This site is optimized with the Yoast SEO plugin v26.6 - https:\/\/yoast.com\/wordpress\/plugins\/seo\/ -->\n<title>FAQ - Ferme Sinsac<\/title>\n<meta name=\"robots\" content=\"index, follow, max-snippet:-1, max-image-preview:large, max-video-preview:-1\" \/>\n<link rel=\"canonical\" href=\"https:\/\/fermesinsac.com\/es\/faq\/\" \/>\n<meta property=\"og:locale\" content=\"es_ES\" \/>\n<meta property=\"og:type\" content=\"article\" \/>\n<meta property=\"og:title\" content=\"FAQ - Ferme Sinsac\" \/>\n<meta property=\"og:description\" content=\"Nos conditions g\u00e9n\u00e9rales de vente J&#8217;ai besoin de plus d&#8217;information sur un produit Sur la fiche de chaque produit, de nombreuses informations sont disponibles depuis les onglets &#8220;Description&#8221; et &#8220;Composition&#8221;.Si [&hellip;]\" \/>\n<meta property=\"og:url\" content=\"https:\/\/fermesinsac.com\/es\/faq\/\" \/>\n<meta property=\"og:site_name\" content=\"Ferme Sinsac\" \/>\n<meta property=\"article:publisher\" content=\"https:\/\/www.facebook.com\/fermebiosinsac\" \/>\n<meta property=\"article:modified_time\" content=\"2025-08-21T16:31:06+00:00\" \/>\n<meta name=\"twitter:card\" content=\"summary_large_image\" \/>\n<meta name=\"twitter:label1\" content=\"Tiempo de lectura\" \/>\n\t<meta name=\"twitter:data1\" content=\"1 minuto\" \/>\n<script type=\"application\/ld+json\" class=\"yoast-schema-graph\">{\"@context\":\"https:\/\/schema.org\",\"@graph\":[{\"@type\":\"WebPage\",\"@id\":\"https:\/\/fermesinsac.com\/faq\/\",\"url\":\"https:\/\/fermesinsac.com\/faq\/\",\"name\":\"FAQ - Ferme Sinsac\",\"isPartOf\":{\"@id\":\"https:\/\/fermesinsac.com\/#website\"},\"datePublished\":\"2025-02-08T19:15:41+00:00\",\"dateModified\":\"2025-08-21T16:31:06+00:00\",\"breadcrumb\":{\"@id\":\"https:\/\/fermesinsac.com\/faq\/#breadcrumb\"},\"inLanguage\":\"es\",\"potentialAction\":[{\"@type\":\"ReadAction\",\"target\":[\"https:\/\/fermesinsac.com\/faq\/\"]}]},{\"@type\":\"BreadcrumbList\",\"@id\":\"https:\/\/fermesinsac.com\/faq\/#breadcrumb\",\"itemListElement\":[{\"@type\":\"ListItem\",\"position\":1,\"name\":\"Accueil\",\"item\":\"https:\/\/fermesinsac.com\/\"},{\"@type\":\"ListItem\",\"position\":2,\"name\":\"FAQ\"}]},{\"@type\":\"WebSite\",\"@id\":\"https:\/\/fermesinsac.com\/#website\",\"url\":\"https:\/\/fermesinsac.com\/\",\"name\":\"Ferme Sinsac\",\"description\":\"la biodiversit\u00e9 avant tout\",\"publisher\":{\"@id\":\"https:\/\/fermesinsac.com\/#organization\"},\"potentialAction\":[{\"@type\":\"SearchAction\",\"target\":{\"@type\":\"EntryPoint\",\"urlTemplate\":\"https:\/\/fermesinsac.com\/?s={search_term_string}\"},\"query-input\":{\"@type\":\"PropertyValueSpecification\",\"valueRequired\":true,\"valueName\":\"search_term_string\"}}],\"inLanguage\":\"es\"},{\"@type\":\"Organization\",\"@id\":\"https:\/\/fermesinsac.com\/#organization\",\"name\":\"Ferme Sinsac\",\"url\":\"https:\/\/fermesinsac.com\/\",\"logo\":{\"@type\":\"ImageObject\",\"inLanguage\":\"es\",\"@id\":\"https:\/\/fermesinsac.com\/#\/schema\/logo\/image\/\",\"url\":\"https:\/\/fermesinsac.com\/wp-content\/uploads\/2025\/01\/cropped-logo-ferme-sinsac-klein.webp\",\"contentUrl\":\"https:\/\/fermesinsac.com\/wp-content\/uploads\/2025\/01\/cropped-logo-ferme-sinsac-klein.webp\",\"width\":512,\"height\":512,\"caption\":\"Ferme Sinsac\"},\"image\":{\"@id\":\"https:\/\/fermesinsac.com\/#\/schema\/logo\/image\/\"},\"sameAs\":[\"https:\/\/www.facebook.com\/fermebiosinsac\",\"https:\/\/www.tiktok.com\/@fermesinsac?lang=nl-NL\",\"https:\/\/www.instagram.com\/fermebiosinsac\/\",\"https:\/\/www.linkedin.com\/company\/31423500\/\"]}]}<\/script>\n<!-- \/ Yoast SEO plugin. -->","yoast_head_json":{"title":"FAQ - Ferme Sinsac","robots":{"index":"index","follow":"follow","max-snippet":"max-snippet:-1","max-image-preview":"max-image-preview:large","max-video-preview":"max-video-preview:-1"},"canonical":"https:\/\/fermesinsac.com\/es\/faq\/","og_locale":"es_ES","og_type":"article","og_title":"FAQ - Ferme Sinsac","og_description":"Nos conditions g\u00e9n\u00e9rales de vente J&#8217;ai besoin de plus d&#8217;information sur un produit Sur la fiche de chaque produit, de nombreuses informations sont disponibles depuis les onglets &#8220;Description&#8221; et &#8220;Composition&#8221;.Si [&hellip;]","og_url":"https:\/\/fermesinsac.com\/es\/faq\/","og_site_name":"Ferme Sinsac","article_publisher":"https:\/\/www.facebook.com\/fermebiosinsac","article_modified_time":"2025-08-21T16:31:06+00:00","twitter_card":"summary_large_image","twitter_misc":{"Tiempo de lectura":"1 minuto"},"schema":{"@context":"https:\/\/schema.org","@graph":[{"@type":"WebPage","@id":"https:\/\/fermesinsac.com\/faq\/","url":"https:\/\/fermesinsac.com\/faq\/","name":"FAQ - Ferme Sinsac","isPartOf":{"@id":"https:\/\/fermesinsac.com\/#website"},"datePublished":"2025-02-08T19:15:41+00:00","dateModified":"2025-08-21T16:31:06+00:00","breadcrumb":{"@id":"https:\/\/fermesinsac.com\/faq\/#breadcrumb"},"inLanguage":"es","potentialAction":[{"@type":"ReadAction","target":["https:\/\/fermesinsac.com\/faq\/"]}]},{"@type":"BreadcrumbList","@id":"https:\/\/fermesinsac.com\/faq\/#breadcrumb","itemListElement":[{"@type":"ListItem","position":1,"name":"Accueil","item":"https:\/\/fermesinsac.com\/"},{"@type":"ListItem","position":2,"name":"FAQ"}]},{"@type":"WebSite","@id":"https:\/\/fermesinsac.com\/#website","url":"https:\/\/fermesinsac.com\/","name":"Granja Sinsac","description":"la biodiversidad ante todo","publisher":{"@id":"https:\/\/fermesinsac.com\/#organization"},"potentialAction":[{"@type":"SearchAction","target":{"@type":"EntryPoint","urlTemplate":"https:\/\/fermesinsac.com\/?s={search_term_string}"},"query-input":{"@type":"PropertyValueSpecification","valueRequired":true,"valueName":"search_term_string"}}],"inLanguage":"es"},{"@type":"Organization","@id":"https:\/\/fermesinsac.com\/#organization","name":"Granja Sinsac","url":"https:\/\/fermesinsac.com\/","logo":{"@type":"ImageObject","inLanguage":"es","@id":"https:\/\/fermesinsac.com\/#\/schema\/logo\/image\/","url":"https:\/\/fermesinsac.com\/wp-content\/uploads\/2025\/01\/cropped-logo-ferme-sinsac-klein.webp","contentUrl":"https:\/\/fermesinsac.com\/wp-content\/uploads\/2025\/01\/cropped-logo-ferme-sinsac-klein.webp","width":512,"height":512,"caption":"Ferme Sinsac"},"image":{"@id":"https:\/\/fermesinsac.com\/#\/schema\/logo\/image\/"},"sameAs":["https:\/\/www.facebook.com\/fermebiosinsac","https:\/\/www.tiktok.com\/@fermesinsac?lang=nl-NL","https:\/\/www.instagram.com\/fermebiosinsac\/","https:\/\/www.linkedin.com\/company\/31423500\/"]}]}},"jetpack_sharing_enabled":true,"ticketed":false,"_links":{"self":[{"href":"https:\/\/fermesinsac.com\/es\/wp-json\/wp\/v2\/pages\/44160","targetHints":{"allow":["GET"]}}],"collection":[{"href":"https:\/\/fermesinsac.com\/es\/wp-json\/wp\/v2\/pages"}],"about":[{"href":"https:\/\/fermesinsac.com\/es\/wp-json\/wp\/v2\/types\/page"}],"author":[{"embeddable":true,"href":"https:\/\/fermesinsac.com\/es\/wp-json\/wp\/v2\/users\/1"}],"replies":[{"embeddable":true,"href":"https:\/\/fermesinsac.com\/es\/wp-json\/wp\/v2\/comments?post=44160"}],"version-history":[{"count":18,"href":"https:\/\/fermesinsac.com\/es\/wp-json\/wp\/v2\/pages\/44160\/revisions"}],"predecessor-version":[{"id":44945,"href":"https:\/\/fermesinsac.com\/es\/wp-json\/wp\/v2\/pages\/44160\/revisions\/44945"}],"wp:attachment":[{"href":"https:\/\/fermesinsac.com\/es\/wp-json\/wp\/v2\/media?parent=44160"}],"curies":[{"name":"wp","href":"https:\/\/api.w.org\/{rel}","templated":true}]}}