{"id":44887,"date":"2025-07-25T17:43:18","date_gmt":"2025-07-25T15:43:18","guid":{"rendered":"https:\/\/fermesinsac.com\/?post_type=product&#038;p=44887"},"modified":"2026-04-01T12:37:59","modified_gmt":"2026-04-01T10:37:59","slug":"petillant-de-mures","status":"publish","type":"product","link":"https:\/\/fermesinsac.com\/en\/shop\/drinks\/petillant-de-mures\/","title":{"rendered":"boisson Petillante de M\u00fbres sans alcool, ferment\u00e9e naturelle fait maison"},"content":{"rendered":"<p>Nos boisson P\u00e9tillante de\u00a0m\u00fbres sont sans alcool, r\u00e9colt\u00e9s et infus\u00e9s avec du sucre de canne bio et du citron bio. Une fermentation naturelle s&#8217;op\u00e8re ce qui lui conf\u00e8re de fines bulles. Un l\u00e9ger d\u00e9p\u00f4t se forme naturellement. Ne pas agiter avant l ouverture. Aucun conservateur, aucun colorant. <\/p>\n<p>Our blackberries grow in our fields between our fruit trees. From July to September the plant is in fruit, and it's only at this time of year that we make our P\u00e9tillant. This seasonal product is healthy, has a delicate aroma and contains all the beneficial properties of the blackberry: Rich in fibre, it promotes better carbohydrate metabolism and can help stabilise blood sugar levels. Blackberries also help to reduce LDL cholesterol (the bad kind) while supporting the increase in good HDL cholesterol. These combined effects contribute to better cardiovascular health. All our products are produced and packaged at the Sinsac farm. <\/p>\n<p>It's not Kombucha, it's not Kefir, it's the natural fermentation of flowers, plants and fruit. The bubbles form little by little thanks to the enzymes naturally contained in the flowers, plants and fruit and the organic cane sugar. They are fine and light. Good for the intestinal flora, this P\u00e9tillant contains 37g of sugar per 75cl bottle, giving it a delicious taste without excess sugar. P\u00e9tillants are ready to enjoy on the rocks or in cocktails. They contain no alcohol and are refreshing. Each flower and plant has its own beneficial properties. This traditional drink contains no added colourings, preservatives or Co2 and can be kept closed for 6 months. Once opened, put the cap back on the bottle, chill and consume quickly. <\/p>\n<p>The flowers, plants and fruit are grown on our agro-ecological land: a land full of life. We follow the seasons to bring you atypical, refreshing sparkling wines. You'll find a sparkling wine with mimosa flowers, lemon verbena, elderflowers, shiso (a delicate Japanese plant) and peach. We develop our range all year round to surprise you.<\/p>\n<p>Our vegetables and fruit are grown on living soil without chemical fertilisers or pesticides and with respect for biodiversity.<\/p>","protected":false},"excerpt":{"rendered":"<div class=\"woocommerce-product-details__short-description\">\n<p>Ce boisson p\u00e9tillante de M\u00fbres est compos\u00e9 de:<\/p>\n<p>Blackberries, cane sugar* (37 g sugar per bottle), lemon juice*, water <\/p><\/div>\n<p><\/p>\n<div class=\"woocommerce-product-details__short-description\">*products from organic farming<\/div>","protected":false},"featured_media":44888,"comment_status":"open","ping_status":"closed","template":"","meta":{"_price":"9.5","_stock":"","_tribe_ticket_header":"","_tribe_default_ticket_provider":"","_tribe_ticket_capacity":"0","_ticket_start_date":"","_ticket_end_date":"","_tribe_ticket_show_description":"","_tribe_ticket_show_not_going":false,"_tribe_ticket_use_global_stock":"","_tribe_ticket_global_stock_level":"","_global_stock_mode":"","_global_stock_cap":"","_tribe_rsvp_for_event":"","_tribe_ticket_going_count":"","_tribe_ticket_not_going_count":"","_tribe_tickets_list":"[]","_tribe_ticket_has_attendee_info_fields":false,"jetpack_publicize_message":"","jetpack_publicize_feature_enabled":true,"jetpack_social_post_already_shared":true,"jetpack_social_options":{"image_generator_settings":{"template":"highway","default_image_id":0,"font":"","enabled":false},"version":2}},"product_brand":[717],"product_cat":[722],"product_tag":[720],"class_list":{"0":"post-44887","1":"product","2":"type-product","3":"status-publish","4":"has-post-thumbnail","6":"product_brand-ferme_sinsac","7":"product_cat-boissons","8":"product_tag-bio-petillant-verveine-naturel-sansalcool","9":"product_shipping_class-boissons","12":"first","13":"outofstock","14":"taxable","15":"shipping-taxable","16":"purchasable","17":"product-type-simple"},"yoast_head":"<!-- This site is optimized with the Yoast SEO plugin v26.6 - https:\/\/yoast.com\/wordpress\/plugins\/seo\/ -->\n<title>boisson Petillante de M\u00fbres sans alcool, ferment\u00e9e naturelle fait maison - Ferme Sinsac<\/title>\n<meta name=\"robots\" content=\"index, follow, max-snippet:-1, max-image-preview:large, max-video-preview:-1\" \/>\n<link rel=\"canonical\" href=\"https:\/\/fermesinsac.com\/en\/shop\/drinks\/petillant-de-mures\/\" \/>\n<meta property=\"og:locale\" content=\"en_GB\" \/>\n<meta property=\"og:type\" content=\"article\" \/>\n<meta property=\"og:title\" content=\"boisson Petillante de M\u00fbres sans alcool, ferment\u00e9e naturelle fait maison - Ferme Sinsac\" \/>\n<meta property=\"og:description\" content=\"Ce boisson p\u00e9tillante de M\u00fbres est compos\u00e9 de:M\u00fbres, sucre de canne*(37 grs de sucre par bouteille) , jus de citron*, eau *produits issus de l agriculture biologique\" \/>\n<meta property=\"og:url\" content=\"https:\/\/fermesinsac.com\/en\/shop\/drinks\/petillant-de-mures\/\" \/>\n<meta property=\"og:site_name\" content=\"Ferme Sinsac\" \/>\n<meta property=\"article:publisher\" content=\"https:\/\/www.facebook.com\/fermebiosinsac\" \/>\n<meta property=\"article:modified_time\" content=\"2026-04-01T10:37:59+00:00\" \/>\n<meta property=\"og:image\" content=\"https:\/\/fermesinsac.com\/wp-content\/uploads\/2025\/07\/petillant-de-mures-33cl.webp\" \/>\n\t<meta property=\"og:image:width\" content=\"1920\" \/>\n\t<meta property=\"og:image:height\" content=\"1440\" \/>\n\t<meta property=\"og:image:type\" content=\"image\/webp\" \/>\n<meta name=\"twitter:card\" content=\"summary_large_image\" \/>\n<meta name=\"twitter:label1\" content=\"Estimated reading time\" \/>\n\t<meta name=\"twitter:data1\" content=\"2 minutes\" \/>\n<script type=\"application\/ld+json\" class=\"yoast-schema-graph\">{\"@context\":\"https:\/\/schema.org\",\"@graph\":[{\"@type\":\"WebPage\",\"@id\":\"https:\/\/fermesinsac.com\/shop\/boissons\/petillant-de-mures\/\",\"url\":\"https:\/\/fermesinsac.com\/shop\/boissons\/petillant-de-mures\/\",\"name\":\"boisson Petillante de M\u00fbres sans alcool, ferment\u00e9e naturelle fait maison - Ferme Sinsac\",\"isPartOf\":{\"@id\":\"https:\/\/fermesinsac.com\/#website\"},\"primaryImageOfPage\":{\"@id\":\"https:\/\/fermesinsac.com\/shop\/boissons\/petillant-de-mures\/#primaryimage\"},\"image\":{\"@id\":\"https:\/\/fermesinsac.com\/shop\/boissons\/petillant-de-mures\/#primaryimage\"},\"thumbnailUrl\":\"https:\/\/fermesinsac.com\/wp-content\/uploads\/2025\/07\/petillant-de-mures-33cl.webp\",\"datePublished\":\"2025-07-25T15:43:18+00:00\",\"dateModified\":\"2026-04-01T10:37:59+00:00\",\"breadcrumb\":{\"@id\":\"https:\/\/fermesinsac.com\/shop\/boissons\/petillant-de-mures\/#breadcrumb\"},\"inLanguage\":\"en-GB\",\"potentialAction\":[{\"@type\":\"ReadAction\",\"target\":[\"https:\/\/fermesinsac.com\/shop\/boissons\/petillant-de-mures\/\"]}]},{\"@type\":\"ImageObject\",\"inLanguage\":\"en-GB\",\"@id\":\"https:\/\/fermesinsac.com\/shop\/boissons\/petillant-de-mures\/#primaryimage\",\"url\":\"https:\/\/fermesinsac.com\/wp-content\/uploads\/2025\/07\/petillant-de-mures-33cl.webp\",\"contentUrl\":\"https:\/\/fermesinsac.com\/wp-content\/uploads\/2025\/07\/petillant-de-mures-33cl.webp\",\"width\":1920,\"height\":1440,\"caption\":\"boisson petillante de mures cocktail sans alcool avec limonade fermentee naturelle gazeuze fait maison ferme sinsac\"},{\"@type\":\"BreadcrumbList\",\"@id\":\"https:\/\/fermesinsac.com\/shop\/boissons\/petillant-de-mures\/#breadcrumb\",\"itemListElement\":[{\"@type\":\"ListItem\",\"position\":1,\"name\":\"Accueil\",\"item\":\"https:\/\/fermesinsac.com\/\"},{\"@type\":\"ListItem\",\"position\":2,\"name\":\"Shop\",\"item\":\"https:\/\/fermesinsac.com\/shop\/\"},{\"@type\":\"ListItem\",\"position\":3,\"name\":\"boisson Petillante de M\u00fbres sans alcool, ferment\u00e9e naturelle fait maison\"}]},{\"@type\":\"WebSite\",\"@id\":\"https:\/\/fermesinsac.com\/#website\",\"url\":\"https:\/\/fermesinsac.com\/\",\"name\":\"Ferme Sinsac\",\"description\":\"la biodiversit\u00e9 avant tout\",\"publisher\":{\"@id\":\"https:\/\/fermesinsac.com\/#organization\"},\"potentialAction\":[{\"@type\":\"SearchAction\",\"target\":{\"@type\":\"EntryPoint\",\"urlTemplate\":\"https:\/\/fermesinsac.com\/?s={search_term_string}\"},\"query-input\":{\"@type\":\"PropertyValueSpecification\",\"valueRequired\":true,\"valueName\":\"search_term_string\"}}],\"inLanguage\":\"en-GB\"},{\"@type\":\"Organization\",\"@id\":\"https:\/\/fermesinsac.com\/#organization\",\"name\":\"Ferme Sinsac\",\"url\":\"https:\/\/fermesinsac.com\/\",\"logo\":{\"@type\":\"ImageObject\",\"inLanguage\":\"en-GB\",\"@id\":\"https:\/\/fermesinsac.com\/#\/schema\/logo\/image\/\",\"url\":\"https:\/\/fermesinsac.com\/wp-content\/uploads\/2025\/01\/cropped-logo-ferme-sinsac-klein.webp\",\"contentUrl\":\"https:\/\/fermesinsac.com\/wp-content\/uploads\/2025\/01\/cropped-logo-ferme-sinsac-klein.webp\",\"width\":512,\"height\":512,\"caption\":\"Ferme Sinsac\"},\"image\":{\"@id\":\"https:\/\/fermesinsac.com\/#\/schema\/logo\/image\/\"},\"sameAs\":[\"https:\/\/www.facebook.com\/fermebiosinsac\",\"https:\/\/www.tiktok.com\/@fermesinsac?lang=nl-NL\",\"https:\/\/www.instagram.com\/fermebiosinsac\/\",\"https:\/\/www.linkedin.com\/company\/31423500\/\"]}]}<\/script>\n<!-- \/ Yoast SEO plugin. -->","yoast_head_json":{"title":"boisson Petillante de M\u00fbres sans alcool, ferment\u00e9e naturelle fait maison - Ferme Sinsac","robots":{"index":"index","follow":"follow","max-snippet":"max-snippet:-1","max-image-preview":"max-image-preview:large","max-video-preview":"max-video-preview:-1"},"canonical":"https:\/\/fermesinsac.com\/en\/shop\/drinks\/petillant-de-mures\/","og_locale":"en_GB","og_type":"article","og_title":"boisson Petillante de M\u00fbres sans alcool, ferment\u00e9e naturelle fait maison - Ferme Sinsac","og_description":"Ce boisson p\u00e9tillante de M\u00fbres est compos\u00e9 de:M\u00fbres, sucre de canne*(37 grs de sucre par bouteille) , jus de citron*, eau *produits issus de l agriculture biologique","og_url":"https:\/\/fermesinsac.com\/en\/shop\/drinks\/petillant-de-mures\/","og_site_name":"Ferme Sinsac","article_publisher":"https:\/\/www.facebook.com\/fermebiosinsac","article_modified_time":"2026-04-01T10:37:59+00:00","og_image":[{"width":1920,"height":1440,"url":"https:\/\/fermesinsac.com\/wp-content\/uploads\/2025\/07\/petillant-de-mures-33cl.webp","type":"image\/webp"}],"twitter_card":"summary_large_image","twitter_misc":{"Estimated reading time":"2 minutes"},"schema":{"@context":"https:\/\/schema.org","@graph":[{"@type":"WebPage","@id":"https:\/\/fermesinsac.com\/shop\/boissons\/petillant-de-mures\/","url":"https:\/\/fermesinsac.com\/shop\/boissons\/petillant-de-mures\/","name":"boisson Petillante de M\u00fbres sans alcool, ferment\u00e9e naturelle fait maison - Ferme Sinsac","isPartOf":{"@id":"https:\/\/fermesinsac.com\/#website"},"primaryImageOfPage":{"@id":"https:\/\/fermesinsac.com\/shop\/boissons\/petillant-de-mures\/#primaryimage"},"image":{"@id":"https:\/\/fermesinsac.com\/shop\/boissons\/petillant-de-mures\/#primaryimage"},"thumbnailUrl":"https:\/\/fermesinsac.com\/wp-content\/uploads\/2025\/07\/petillant-de-mures-33cl.webp","datePublished":"2025-07-25T15:43:18+00:00","dateModified":"2026-04-01T10:37:59+00:00","breadcrumb":{"@id":"https:\/\/fermesinsac.com\/shop\/boissons\/petillant-de-mures\/#breadcrumb"},"inLanguage":"en-GB","potentialAction":[{"@type":"ReadAction","target":["https:\/\/fermesinsac.com\/shop\/boissons\/petillant-de-mures\/"]}]},{"@type":"ImageObject","inLanguage":"en-GB","@id":"https:\/\/fermesinsac.com\/shop\/boissons\/petillant-de-mures\/#primaryimage","url":"https:\/\/fermesinsac.com\/wp-content\/uploads\/2025\/07\/petillant-de-mures-33cl.webp","contentUrl":"https:\/\/fermesinsac.com\/wp-content\/uploads\/2025\/07\/petillant-de-mures-33cl.webp","width":1920,"height":1440,"caption":"boisson petillante de mures cocktail sans alcool avec limonade fermentee naturelle gazeuze fait maison ferme sinsac"},{"@type":"BreadcrumbList","@id":"https:\/\/fermesinsac.com\/shop\/boissons\/petillant-de-mures\/#breadcrumb","itemListElement":[{"@type":"ListItem","position":1,"name":"Accueil","item":"https:\/\/fermesinsac.com\/"},{"@type":"ListItem","position":2,"name":"Shop","item":"https:\/\/fermesinsac.com\/shop\/"},{"@type":"ListItem","position":3,"name":"boisson Petillante de M\u00fbres sans alcool, ferment\u00e9e naturelle fait maison"}]},{"@type":"WebSite","@id":"https:\/\/fermesinsac.com\/#website","url":"https:\/\/fermesinsac.com\/","name":"Sinsac Farm","description":"biodiversity first and foremost","publisher":{"@id":"https:\/\/fermesinsac.com\/#organization"},"potentialAction":[{"@type":"SearchAction","target":{"@type":"EntryPoint","urlTemplate":"https:\/\/fermesinsac.com\/?s={search_term_string}"},"query-input":{"@type":"PropertyValueSpecification","valueRequired":true,"valueName":"search_term_string"}}],"inLanguage":"en-GB"},{"@type":"Organization","@id":"https:\/\/fermesinsac.com\/#organization","name":"Sinsac Farm","url":"https:\/\/fermesinsac.com\/","logo":{"@type":"ImageObject","inLanguage":"en-GB","@id":"https:\/\/fermesinsac.com\/#\/schema\/logo\/image\/","url":"https:\/\/fermesinsac.com\/wp-content\/uploads\/2025\/01\/cropped-logo-ferme-sinsac-klein.webp","contentUrl":"https:\/\/fermesinsac.com\/wp-content\/uploads\/2025\/01\/cropped-logo-ferme-sinsac-klein.webp","width":512,"height":512,"caption":"Ferme Sinsac"},"image":{"@id":"https:\/\/fermesinsac.com\/#\/schema\/logo\/image\/"},"sameAs":["https:\/\/www.facebook.com\/fermebiosinsac","https:\/\/www.tiktok.com\/@fermesinsac?lang=nl-NL","https:\/\/www.instagram.com\/fermebiosinsac\/","https:\/\/www.linkedin.com\/company\/31423500\/"]}]}},"jetpack_publicize_connections":[],"jetpack_sharing_enabled":true,"_links":{"self":[{"href":"https:\/\/fermesinsac.com\/en\/wp-json\/wp\/v2\/product\/44887","targetHints":{"allow":["GET"]}}],"collection":[{"href":"https:\/\/fermesinsac.com\/en\/wp-json\/wp\/v2\/product"}],"about":[{"href":"https:\/\/fermesinsac.com\/en\/wp-json\/wp\/v2\/types\/product"}],"replies":[{"embeddable":true,"href":"https:\/\/fermesinsac.com\/en\/wp-json\/wp\/v2\/comments?post=44887"}],"version-history":[{"count":2,"href":"https:\/\/fermesinsac.com\/en\/wp-json\/wp\/v2\/product\/44887\/revisions"}],"predecessor-version":[{"id":45261,"href":"https:\/\/fermesinsac.com\/en\/wp-json\/wp\/v2\/product\/44887\/revisions\/45261"}],"wp:featuredmedia":[{"embeddable":true,"href":"https:\/\/fermesinsac.com\/en\/wp-json\/wp\/v2\/media\/44888"}],"wp:attachment":[{"href":"https:\/\/fermesinsac.com\/en\/wp-json\/wp\/v2\/media?parent=44887"}],"wp:term":[{"taxonomy":"product_brand","embeddable":true,"href":"https:\/\/fermesinsac.com\/en\/wp-json\/wp\/v2\/product_brand?post=44887"},{"taxonomy":"product_cat","embeddable":true,"href":"https:\/\/fermesinsac.com\/en\/wp-json\/wp\/v2\/product_cat?post=44887"},{"taxonomy":"product_tag","embeddable":true,"href":"https:\/\/fermesinsac.com\/en\/wp-json\/wp\/v2\/product_tag?post=44887"}],"curies":[{"name":"wp","href":"https:\/\/api.w.org\/{rel}","templated":true}]}}