{"id":44962,"date":"2025-09-02T11:19:12","date_gmt":"2025-09-02T09:19:12","guid":{"rendered":"https:\/\/fermesinsac.com\/?post_type=product&#038;p=44962"},"modified":"2026-04-01T12:25:36","modified_gmt":"2026-04-01T10:25:36","slug":"petillant-aux-fleurs-de-sureau-carton-de-6-bouteilles","status":"publish","type":"product","link":"https:\/\/fermesinsac.com\/de\/shop\/getranke\/petillant-aux-fleurs-de-sureau-carton-de-6-bouteilles\/","title":{"rendered":"Boisson P\u00e9tillante aux fleurs de sureau sans alcool, ferment\u00e9e naturelle gazeuze"},"content":{"rendered":"<p>Nos boisson p\u00e9tillante de fleurs de Sureau sont sans alcool, r\u00e9colt\u00e9s et infus\u00e9s avec du sucre de canne bio et du citron bio. Une fermentation naturelle s&#8217;op\u00e8re ce qui lui conf\u00e8re de fines bulles. Un l\u00e9ger d\u00e9p\u00f4t se forme naturellement. Ne pas agiter avant l ouverture. Aucun conservateur, aucun colorant. <\/p>\n<p>Unser Holunder w\u00e4chst auf unseren Feldern zwischen unseren Obstb\u00e4umen, im Mai bl\u00fcht er und nur in dieser Zeit stellen wir unseren Sprudel her. Dieses saisonale Produkt ist gesund, hat einen erfrischenden Geschmack und enth\u00e4lt alle positiven Eigenschaften der Holunderbl\u00fcte: antibakteriell, antioxidativ, blutreinigend, harntreibend und entschlackend, aber auch antirheumatisch und antidiabetisch. Alle unsere Produkte werden auf dem Bauernhof Sinsac hergestellt und verpackt. <\/p>\n<p>Dies ist kein Kombucha, kein Kefir, sondern die nat\u00fcrliche Fermentation von Blumen, Pflanzen und Fr\u00fcchten. Die Blasen bilden sich nach und nach dank der Enzyme, die nat\u00fcrlich in den Blumen, Pflanzen und Fr\u00fcchten enthalten sind, und des biologischen Rohrzuckers, sie sind fein und leicht. Dieser Perlwein ist gut f\u00fcr die Darmflora und enth\u00e4lt 37 g Zucker pro 75-cl-Flasche, was ihm Genuss ohne \u00fcberm\u00e4\u00dfigen Zuckergehalt verleiht. Der Sprudel ist mit Eisw\u00fcrfeln oder als Cocktail genussfertig. <\/p>\n<p>Sie enthalten keinen Alkohol und sind erfrischend. Jede Blume und Pflanze hat ihre eigenen wohltuenden Eigenschaften. Dieses handwerklich hergestellte Getr\u00e4nk enth\u00e4lt keine Farb- oder Konservierungsstoffe, kein zugesetztes Co2 und ist verschlossen bis zu 6 Monate haltbar. Nach dem \u00d6ffnen die Kapsel wieder auf die Flasche setzen, k\u00fchl stellen und schnell verbrauchen. Die Blumen, Pflanzen und Fr\u00fcchte werden auf unserem Land nach den Prinzipien der Agrar\u00f6kologie angebaut: ein Land voller Leben. Wir richten uns nach den Jahreszeiten, um Ihnen untypische und erfrischende Limonaden anzubieten. Sie finden bei uns unter anderem prickelnde Limonaden mit Mimosenbl\u00fcten, Zitronenverbene, Holunderbl\u00fcten, Shiso, einer zarten japanischen Pflanze, und Pfirsich. Wir entwickeln unser Sortiment das ganze Jahr \u00fcber weiter, um Sie zu \u00fcberraschen.<\/p>\n<p>Unser Gem\u00fcse und Obst wird auf lebenden B\u00f6den angebaut, ohne chemische D\u00fcngemittel, ohne Pestizide und mit Respekt f\u00fcr die biologische Vielfalt.<\/p>","protected":false},"excerpt":{"rendered":"<div class=\"woocommerce-product-details__short-description\">Carton de 6 bouteilles<br \/>Ce boisson p\u00e9tillante de fleurs de sureaux est compos\u00e9 de:<\/p>\n<p>Holunderbl\u00fcten, Rohrzucker*(37 g Zucker pro Flasche) , Zitronensaft*, Wasser <\/p><\/div>\n<p><\/p>\n<div class=\"woocommerce-product-details__short-description\">*Produkte aus biologischer Landwirtschaft<\/div>","protected":false},"featured_media":44877,"comment_status":"open","ping_status":"closed","template":"","meta":{"_price":"32.4","_stock":"","_tribe_ticket_header":"","_tribe_default_ticket_provider":"","_tribe_ticket_capacity":"0","_ticket_start_date":"","_ticket_end_date":"","_tribe_ticket_show_description":"","_tribe_ticket_show_not_going":false,"_tribe_ticket_use_global_stock":"","_tribe_ticket_global_stock_level":"","_global_stock_mode":"","_global_stock_cap":"","_tribe_rsvp_for_event":"","_tribe_ticket_going_count":"","_tribe_ticket_not_going_count":"","_tribe_tickets_list":"[]","_tribe_ticket_has_attendee_info_fields":false,"jetpack_publicize_message":"","jetpack_publicize_feature_enabled":true,"jetpack_social_post_already_shared":true,"jetpack_social_options":{"image_generator_settings":{"template":"highway","default_image_id":0,"font":"","enabled":false},"version":2}},"product_brand":[],"product_cat":[722],"product_tag":[732],"class_list":{"0":"post-44962","1":"product","2":"type-product","3":"status-publish","4":"has-post-thumbnail","6":"product_cat-boissons","7":"product_tag-bio-petillant-sureau-naturel-sansalcool","8":"product_shipping_class-boissons","11":"first","12":"outofstock","13":"sale","14":"taxable","15":"shipping-taxable","16":"purchasable","17":"product-type-simple"},"yoast_head":"<!-- This site is optimized with the Yoast SEO plugin v26.6 - https:\/\/yoast.com\/wordpress\/plugins\/seo\/ -->\n<title>Boisson P\u00e9tillante aux fleurs de sureau sans alcool, ferment\u00e9e naturelle gazeuze - Ferme Sinsac<\/title>\n<meta name=\"robots\" content=\"index, follow, max-snippet:-1, max-image-preview:large, max-video-preview:-1\" \/>\n<link rel=\"canonical\" href=\"https:\/\/fermesinsac.com\/de\/shop\/getranke\/petillant-aux-fleurs-de-sureau-carton-de-6-bouteilles\/\" \/>\n<meta property=\"og:locale\" content=\"de_DE\" \/>\n<meta property=\"og:type\" content=\"article\" \/>\n<meta property=\"og:title\" content=\"Boisson P\u00e9tillante aux fleurs de sureau sans alcool, ferment\u00e9e naturelle gazeuze - Ferme Sinsac\" \/>\n<meta property=\"og:description\" content=\"Carton de 6 bouteillesCe boisson p\u00e9tillante de fleurs de sureaux est compos\u00e9 de:Fleurs de sureau, sucre de canne*(37 grs de sucre par bouteille) , jus de citron*, eau *produits issus de l agriculture biologique\" \/>\n<meta property=\"og:url\" content=\"https:\/\/fermesinsac.com\/de\/shop\/getranke\/petillant-aux-fleurs-de-sureau-carton-de-6-bouteilles\/\" \/>\n<meta property=\"og:site_name\" content=\"Ferme Sinsac\" \/>\n<meta property=\"article:publisher\" content=\"https:\/\/www.facebook.com\/fermebiosinsac\" \/>\n<meta property=\"article:modified_time\" content=\"2026-04-01T10:25:36+00:00\" \/>\n<meta property=\"og:image\" content=\"https:\/\/fermesinsac.com\/wp-content\/uploads\/2025\/07\/petillant-sureau-2025.jpg\" \/>\n\t<meta property=\"og:image:width\" content=\"4032\" \/>\n\t<meta property=\"og:image:height\" content=\"3024\" \/>\n\t<meta property=\"og:image:type\" content=\"image\/jpeg\" \/>\n<meta name=\"twitter:card\" content=\"summary_large_image\" \/>\n<meta name=\"twitter:label1\" content=\"Gesch\u00e4tzte Lesezeit\" \/>\n\t<meta name=\"twitter:data1\" content=\"2\u00a0Minuten\" \/>\n<script type=\"application\/ld+json\" class=\"yoast-schema-graph\">{\"@context\":\"https:\/\/schema.org\",\"@graph\":[{\"@type\":\"WebPage\",\"@id\":\"https:\/\/fermesinsac.com\/shop\/boissons\/petillant-aux-fleurs-de-sureau-carton-de-6-bouteilles\/\",\"url\":\"https:\/\/fermesinsac.com\/shop\/boissons\/petillant-aux-fleurs-de-sureau-carton-de-6-bouteilles\/\",\"name\":\"Boisson P\u00e9tillante aux fleurs de sureau sans alcool, ferment\u00e9e naturelle gazeuze - Ferme Sinsac\",\"isPartOf\":{\"@id\":\"https:\/\/fermesinsac.com\/#website\"},\"primaryImageOfPage\":{\"@id\":\"https:\/\/fermesinsac.com\/shop\/boissons\/petillant-aux-fleurs-de-sureau-carton-de-6-bouteilles\/#primaryimage\"},\"image\":{\"@id\":\"https:\/\/fermesinsac.com\/shop\/boissons\/petillant-aux-fleurs-de-sureau-carton-de-6-bouteilles\/#primaryimage\"},\"thumbnailUrl\":\"https:\/\/fermesinsac.com\/wp-content\/uploads\/2025\/07\/petillant-sureau-2025.jpg\",\"datePublished\":\"2025-09-02T09:19:12+00:00\",\"dateModified\":\"2026-04-01T10:25:36+00:00\",\"breadcrumb\":{\"@id\":\"https:\/\/fermesinsac.com\/shop\/boissons\/petillant-aux-fleurs-de-sureau-carton-de-6-bouteilles\/#breadcrumb\"},\"inLanguage\":\"de\",\"potentialAction\":[{\"@type\":\"ReadAction\",\"target\":[\"https:\/\/fermesinsac.com\/shop\/boissons\/petillant-aux-fleurs-de-sureau-carton-de-6-bouteilles\/\"]}]},{\"@type\":\"ImageObject\",\"inLanguage\":\"de\",\"@id\":\"https:\/\/fermesinsac.com\/shop\/boissons\/petillant-aux-fleurs-de-sureau-carton-de-6-bouteilles\/#primaryimage\",\"url\":\"https:\/\/fermesinsac.com\/wp-content\/uploads\/2025\/07\/petillant-sureau-2025.jpg\",\"contentUrl\":\"https:\/\/fermesinsac.com\/wp-content\/uploads\/2025\/07\/petillant-sureau-2025.jpg\",\"width\":4032,\"height\":3024,\"caption\":\"boisson petillante sureau sans alcool limonade naturelle gazeuze maison soda ferme sinsac\"},{\"@type\":\"BreadcrumbList\",\"@id\":\"https:\/\/fermesinsac.com\/shop\/boissons\/petillant-aux-fleurs-de-sureau-carton-de-6-bouteilles\/#breadcrumb\",\"itemListElement\":[{\"@type\":\"ListItem\",\"position\":1,\"name\":\"Accueil\",\"item\":\"https:\/\/fermesinsac.com\/\"},{\"@type\":\"ListItem\",\"position\":2,\"name\":\"Shop\",\"item\":\"https:\/\/fermesinsac.com\/shop\/\"},{\"@type\":\"ListItem\",\"position\":3,\"name\":\"Boisson P\u00e9tillante aux fleurs de sureau sans alcool, ferment\u00e9e naturelle gazeuze\"}]},{\"@type\":\"WebSite\",\"@id\":\"https:\/\/fermesinsac.com\/#website\",\"url\":\"https:\/\/fermesinsac.com\/\",\"name\":\"Ferme Sinsac\",\"description\":\"la biodiversit\u00e9 avant tout\",\"publisher\":{\"@id\":\"https:\/\/fermesinsac.com\/#organization\"},\"potentialAction\":[{\"@type\":\"SearchAction\",\"target\":{\"@type\":\"EntryPoint\",\"urlTemplate\":\"https:\/\/fermesinsac.com\/?s={search_term_string}\"},\"query-input\":{\"@type\":\"PropertyValueSpecification\",\"valueRequired\":true,\"valueName\":\"search_term_string\"}}],\"inLanguage\":\"de\"},{\"@type\":\"Organization\",\"@id\":\"https:\/\/fermesinsac.com\/#organization\",\"name\":\"Ferme Sinsac\",\"url\":\"https:\/\/fermesinsac.com\/\",\"logo\":{\"@type\":\"ImageObject\",\"inLanguage\":\"de\",\"@id\":\"https:\/\/fermesinsac.com\/#\/schema\/logo\/image\/\",\"url\":\"https:\/\/fermesinsac.com\/wp-content\/uploads\/2025\/01\/cropped-logo-ferme-sinsac-klein.webp\",\"contentUrl\":\"https:\/\/fermesinsac.com\/wp-content\/uploads\/2025\/01\/cropped-logo-ferme-sinsac-klein.webp\",\"width\":512,\"height\":512,\"caption\":\"Ferme Sinsac\"},\"image\":{\"@id\":\"https:\/\/fermesinsac.com\/#\/schema\/logo\/image\/\"},\"sameAs\":[\"https:\/\/www.facebook.com\/fermebiosinsac\",\"https:\/\/www.tiktok.com\/@fermesinsac?lang=nl-NL\",\"https:\/\/www.instagram.com\/fermebiosinsac\/\",\"https:\/\/www.linkedin.com\/company\/31423500\/\"]}]}<\/script>\n<!-- \/ Yoast SEO plugin. -->","yoast_head_json":{"title":"Boisson P\u00e9tillante aux fleurs de sureau sans alcool, ferment\u00e9e naturelle gazeuze - Ferme Sinsac","robots":{"index":"index","follow":"follow","max-snippet":"max-snippet:-1","max-image-preview":"max-image-preview:large","max-video-preview":"max-video-preview:-1"},"canonical":"https:\/\/fermesinsac.com\/de\/shop\/getranke\/petillant-aux-fleurs-de-sureau-carton-de-6-bouteilles\/","og_locale":"de_DE","og_type":"article","og_title":"Boisson P\u00e9tillante aux fleurs de sureau sans alcool, ferment\u00e9e naturelle gazeuze - Ferme Sinsac","og_description":"Carton de 6 bouteillesCe boisson p\u00e9tillante de fleurs de sureaux est compos\u00e9 de:Fleurs de sureau, sucre de canne*(37 grs de sucre par bouteille) , jus de citron*, eau *produits issus de l agriculture biologique","og_url":"https:\/\/fermesinsac.com\/de\/shop\/getranke\/petillant-aux-fleurs-de-sureau-carton-de-6-bouteilles\/","og_site_name":"Ferme Sinsac","article_publisher":"https:\/\/www.facebook.com\/fermebiosinsac","article_modified_time":"2026-04-01T10:25:36+00:00","og_image":[{"width":4032,"height":3024,"url":"https:\/\/fermesinsac.com\/wp-content\/uploads\/2025\/07\/petillant-sureau-2025.jpg","type":"image\/jpeg"}],"twitter_card":"summary_large_image","twitter_misc":{"Gesch\u00e4tzte Lesezeit":"2\u00a0Minuten"},"schema":{"@context":"https:\/\/schema.org","@graph":[{"@type":"WebPage","@id":"https:\/\/fermesinsac.com\/shop\/boissons\/petillant-aux-fleurs-de-sureau-carton-de-6-bouteilles\/","url":"https:\/\/fermesinsac.com\/shop\/boissons\/petillant-aux-fleurs-de-sureau-carton-de-6-bouteilles\/","name":"Boisson P\u00e9tillante aux fleurs de sureau sans alcool, ferment\u00e9e naturelle gazeuze - Ferme Sinsac","isPartOf":{"@id":"https:\/\/fermesinsac.com\/#website"},"primaryImageOfPage":{"@id":"https:\/\/fermesinsac.com\/shop\/boissons\/petillant-aux-fleurs-de-sureau-carton-de-6-bouteilles\/#primaryimage"},"image":{"@id":"https:\/\/fermesinsac.com\/shop\/boissons\/petillant-aux-fleurs-de-sureau-carton-de-6-bouteilles\/#primaryimage"},"thumbnailUrl":"https:\/\/fermesinsac.com\/wp-content\/uploads\/2025\/07\/petillant-sureau-2025.jpg","datePublished":"2025-09-02T09:19:12+00:00","dateModified":"2026-04-01T10:25:36+00:00","breadcrumb":{"@id":"https:\/\/fermesinsac.com\/shop\/boissons\/petillant-aux-fleurs-de-sureau-carton-de-6-bouteilles\/#breadcrumb"},"inLanguage":"de","potentialAction":[{"@type":"ReadAction","target":["https:\/\/fermesinsac.com\/shop\/boissons\/petillant-aux-fleurs-de-sureau-carton-de-6-bouteilles\/"]}]},{"@type":"ImageObject","inLanguage":"de","@id":"https:\/\/fermesinsac.com\/shop\/boissons\/petillant-aux-fleurs-de-sureau-carton-de-6-bouteilles\/#primaryimage","url":"https:\/\/fermesinsac.com\/wp-content\/uploads\/2025\/07\/petillant-sureau-2025.jpg","contentUrl":"https:\/\/fermesinsac.com\/wp-content\/uploads\/2025\/07\/petillant-sureau-2025.jpg","width":4032,"height":3024,"caption":"boisson petillante sureau sans alcool limonade naturelle gazeuze maison soda ferme sinsac"},{"@type":"BreadcrumbList","@id":"https:\/\/fermesinsac.com\/shop\/boissons\/petillant-aux-fleurs-de-sureau-carton-de-6-bouteilles\/#breadcrumb","itemListElement":[{"@type":"ListItem","position":1,"name":"Accueil","item":"https:\/\/fermesinsac.com\/"},{"@type":"ListItem","position":2,"name":"Shop","item":"https:\/\/fermesinsac.com\/shop\/"},{"@type":"ListItem","position":3,"name":"Boisson P\u00e9tillante aux fleurs de sureau sans alcool, ferment\u00e9e naturelle gazeuze"}]},{"@type":"WebSite","@id":"https:\/\/fermesinsac.com\/#website","url":"https:\/\/fermesinsac.com\/","name":"Bauernhof Sinsac","description":"die biologische Vielfalt an erster Stelle","publisher":{"@id":"https:\/\/fermesinsac.com\/#organization"},"potentialAction":[{"@type":"SearchAction","target":{"@type":"EntryPoint","urlTemplate":"https:\/\/fermesinsac.com\/?s={search_term_string}"},"query-input":{"@type":"PropertyValueSpecification","valueRequired":true,"valueName":"search_term_string"}}],"inLanguage":"de"},{"@type":"Organization","@id":"https:\/\/fermesinsac.com\/#organization","name":"Bauernhof Sinsac","url":"https:\/\/fermesinsac.com\/","logo":{"@type":"ImageObject","inLanguage":"de","@id":"https:\/\/fermesinsac.com\/#\/schema\/logo\/image\/","url":"https:\/\/fermesinsac.com\/wp-content\/uploads\/2025\/01\/cropped-logo-ferme-sinsac-klein.webp","contentUrl":"https:\/\/fermesinsac.com\/wp-content\/uploads\/2025\/01\/cropped-logo-ferme-sinsac-klein.webp","width":512,"height":512,"caption":"Ferme Sinsac"},"image":{"@id":"https:\/\/fermesinsac.com\/#\/schema\/logo\/image\/"},"sameAs":["https:\/\/www.facebook.com\/fermebiosinsac","https:\/\/www.tiktok.com\/@fermesinsac?lang=nl-NL","https:\/\/www.instagram.com\/fermebiosinsac\/","https:\/\/www.linkedin.com\/company\/31423500\/"]}]}},"jetpack_publicize_connections":[],"jetpack_sharing_enabled":true,"_links":{"self":[{"href":"https:\/\/fermesinsac.com\/de\/wp-json\/wp\/v2\/product\/44962","targetHints":{"allow":["GET"]}}],"collection":[{"href":"https:\/\/fermesinsac.com\/de\/wp-json\/wp\/v2\/product"}],"about":[{"href":"https:\/\/fermesinsac.com\/de\/wp-json\/wp\/v2\/types\/product"}],"replies":[{"embeddable":true,"href":"https:\/\/fermesinsac.com\/de\/wp-json\/wp\/v2\/comments?post=44962"}],"version-history":[{"count":2,"href":"https:\/\/fermesinsac.com\/de\/wp-json\/wp\/v2\/product\/44962\/revisions"}],"predecessor-version":[{"id":45255,"href":"https:\/\/fermesinsac.com\/de\/wp-json\/wp\/v2\/product\/44962\/revisions\/45255"}],"wp:featuredmedia":[{"embeddable":true,"href":"https:\/\/fermesinsac.com\/de\/wp-json\/wp\/v2\/media\/44877"}],"wp:attachment":[{"href":"https:\/\/fermesinsac.com\/de\/wp-json\/wp\/v2\/media?parent=44962"}],"wp:term":[{"taxonomy":"product_brand","embeddable":true,"href":"https:\/\/fermesinsac.com\/de\/wp-json\/wp\/v2\/product_brand?post=44962"},{"taxonomy":"product_cat","embeddable":true,"href":"https:\/\/fermesinsac.com\/de\/wp-json\/wp\/v2\/product_cat?post=44962"},{"taxonomy":"product_tag","embeddable":true,"href":"https:\/\/fermesinsac.com\/de\/wp-json\/wp\/v2\/product_tag?post=44962"}],"curies":[{"name":"wp","href":"https:\/\/api.w.org\/{rel}","templated":true}]}}