{"id":45075,"date":"2025-11-15T11:36:22","date_gmt":"2025-11-15T10:36:22","guid":{"rendered":"https:\/\/fermesinsac.com\/?post_type=product&#038;p=45075"},"modified":"2026-04-01T12:33:57","modified_gmt":"2026-04-01T10:33:57","slug":"petillant-de-shiso-perilla-pourpre-75-cl","status":"publish","type":"product","link":"https:\/\/fermesinsac.com\/ar\/shop\/boissons\/petillant-de-shiso-perilla-pourpre-75-cl\/","title":{"rendered":"Boisson Petillante de Shiso (perilla pourpre) ferment\u00e9e naturelle sans alcool"},"content":{"rendered":"<p>Notre boisson p\u00e9tillante de shiso pourpre ou perilla rouge a un go\u00fbt venue d&#8217;Orient qui est incomparable. Nos Shiso poussent dans notre verger entre les arbres fruitiers et les l\u00e9gumes, nous utilisons les feuilles pour faire notre p\u00e9tillant. Nos P\u00e9tillant de\u00a0shiso sont sans alcool, r\u00e9colt\u00e9s et infus\u00e9s avec du sucre de canne bio et du citron bio. Une fermentation naturelle s&#8217;op\u00e8re ce qui lui conf\u00e8re de fines bulles. Un l\u00e9ger d\u00e9p\u00f4t se forme naturellement. Ne pas agiter avant l ouverture. Aucun conservateur, aucun colorant.<\/p>\n<p>Ce produit de saison est sain, a un parfum d\u00e9licat. Ce n&#8217;est pas du Kombucha, ce n&#8217;est pas du K\u00e9fir, c\u2019est de la fermentation naturelle de fleurs, de plantes et de fruits. Les bulles se forment petit \u00e0 petit gr\u00e2ces aux enzymes contenus naturellement dans les fleurs, les plantes, les fruits et au sucre de canne biologique, elles sont fines et l\u00e9g\u00e8res. Bon pour la flore intestinale, cet P\u00e9tillant\u00a0 contient 37 grs de sucre par bouteille de 75 cl ce qui lui conf\u00e8re de la gourmandise sans exc\u00e8s de sucre. Les P\u00e9tillants\u00a0sont pr\u00eats \u00e0 d\u00e9guster avec des gla\u00e7ons ou en cocktail. Ils ne contiennent pas d alcool et sont rafraichissantes. Chaque fleur et plante a ses propres propri\u00e9t\u00e9s b\u00e9n\u00e9fiques. Cette boisson artisanale ne contient ni colorant, ni conservateur, ni Co2 ajout\u00e9 et se conserve ferm\u00e9 pendant 6 mois. Une fois ouverte, reposer la capsule sur la bouteille, mettre au frais et \u00e0 consommer rapidement. Les fleurs, les plantes et les fruits sont cultiv\u00e9es sur nos terres en agro-\u00e9cologie: une terre pleine de vie. Nous suivons les saisons pour vous proposer des P\u00e9tillants\u00a0atypiques et rafraichissants. Vous trouverez notamment un P\u00e9tillant\u00a0aux fleurs de Mimosa, \u00e0 la verveine citronn\u00e9e, aux fleurs de sureau, au Shiso cette plante japonaise d\u00e9licate, \u00e0 la p\u00eache. Nous d\u00e9veloppons notre gamme toute l&#8217;ann\u00e9e pour vous surprendre.<\/p>","protected":false},"excerpt":{"rendered":"<div class=\"woocommerce-product-details__short-description\">\n<p>Ce boisson p\u00e9tillante de Shiso 75 cl est compos\u00e9 de:<\/p><\/div>\n<div class=\"woocommerce-product-details__short-description\">Shiso (perilla pourpre), sucre de canne*(37 grs de sucre par bouteille) , jus de citron*, eau <\/div>\n<p><\/p>\n<div class=\"woocommerce-product-details__short-description\">*produits issus de l agriculture biologique<\/div>","protected":false},"featured_media":45071,"comment_status":"open","ping_status":"closed","template":"","meta":{"_price":"9.5","_stock":"","_tribe_ticket_header":"","_tribe_default_ticket_provider":"","_tribe_ticket_capacity":"0","_ticket_start_date":"","_ticket_end_date":"","_tribe_ticket_show_description":"","_tribe_ticket_show_not_going":false,"_tribe_ticket_use_global_stock":"","_tribe_ticket_global_stock_level":"","_global_stock_mode":"","_global_stock_cap":"","_tribe_rsvp_for_event":"","_tribe_ticket_going_count":"","_tribe_ticket_not_going_count":"","_tribe_tickets_list":"[]","_tribe_ticket_has_attendee_info_fields":false,"jetpack_publicize_message":"","jetpack_publicize_feature_enabled":true,"jetpack_social_post_already_shared":true,"jetpack_social_options":{"image_generator_settings":{"template":"highway","default_image_id":0,"font":"","enabled":false},"version":2}},"product_brand":[717],"product_cat":[722],"product_tag":[740],"class_list":{"0":"post-45075","1":"product","2":"type-product","3":"status-publish","4":"has-post-thumbnail","6":"product_brand-ferme_sinsac","7":"product_cat-boissons","8":"product_tag-bio-petillant-shiso-naturel-sansalcool","9":"product_shipping_class-boissons","12":"first","13":"outofstock","14":"purchasable","15":"product-type-simple"},"yoast_head":"<!-- This site is optimized with the Yoast SEO plugin v26.6 - https:\/\/yoast.com\/wordpress\/plugins\/seo\/ -->\n<title>Boisson Petillante de Shiso (perilla pourpre) ferment\u00e9e naturelle sans alcool - Ferme Sinsac<\/title>\n<meta name=\"robots\" content=\"index, follow, max-snippet:-1, max-image-preview:large, max-video-preview:-1\" \/>\n<link rel=\"canonical\" href=\"https:\/\/fermesinsac.com\/ar\/shop\/boissons\/petillant-de-shiso-perilla-pourpre-75-cl\/\" \/>\n<meta property=\"og:locale\" content=\"ar_AR\" \/>\n<meta property=\"og:type\" content=\"article\" \/>\n<meta property=\"og:title\" content=\"Boisson Petillante de Shiso (perilla pourpre) ferment\u00e9e naturelle sans alcool - Ferme Sinsac\" \/>\n<meta property=\"og:description\" content=\"Ce boisson p\u00e9tillante de Shiso 75 cl est compos\u00e9 de:Shiso (perilla pourpre), sucre de canne*(37 grs de sucre par bouteille) , jus de citron*, eau *produits issus de l agriculture biologique\" \/>\n<meta property=\"og:url\" content=\"https:\/\/fermesinsac.com\/ar\/shop\/boissons\/petillant-de-shiso-perilla-pourpre-75-cl\/\" \/>\n<meta property=\"og:site_name\" content=\"Ferme Sinsac\" \/>\n<meta property=\"article:publisher\" content=\"https:\/\/www.facebook.com\/fermebiosinsac\" \/>\n<meta property=\"article:modified_time\" content=\"2026-04-01T10:33:57+00:00\" \/>\n<meta property=\"og:image\" content=\"https:\/\/fermesinsac.com\/wp-content\/uploads\/2025\/11\/petillant-de-Shiso.webp\" \/>\n\t<meta property=\"og:image:width\" content=\"1920\" \/>\n\t<meta property=\"og:image:height\" content=\"1440\" \/>\n\t<meta property=\"og:image:type\" content=\"image\/webp\" \/>\n<meta name=\"twitter:card\" content=\"summary_large_image\" \/>\n<meta name=\"twitter:label1\" content=\"\u0648\u0642\u062a \u0627\u0644\u0642\u0631\u0627\u0621\u0629 \u0627\u0644\u0645\u064f\u0642\u062f\u0651\u0631\" \/>\n\t<meta name=\"twitter:data1\" content=\"\u062f\u0642\u064a\u0642\u062a\u0627\u0646\" \/>\n<script type=\"application\/ld+json\" class=\"yoast-schema-graph\">{\"@context\":\"https:\/\/schema.org\",\"@graph\":[{\"@type\":\"WebPage\",\"@id\":\"https:\/\/fermesinsac.com\/shop\/boissons\/petillant-de-shiso-perilla-pourpre-75-cl\/\",\"url\":\"https:\/\/fermesinsac.com\/shop\/boissons\/petillant-de-shiso-perilla-pourpre-75-cl\/\",\"name\":\"Boisson Petillante de Shiso (perilla pourpre) ferment\u00e9e naturelle sans alcool - Ferme Sinsac\",\"isPartOf\":{\"@id\":\"https:\/\/fermesinsac.com\/#website\"},\"primaryImageOfPage\":{\"@id\":\"https:\/\/fermesinsac.com\/shop\/boissons\/petillant-de-shiso-perilla-pourpre-75-cl\/#primaryimage\"},\"image\":{\"@id\":\"https:\/\/fermesinsac.com\/shop\/boissons\/petillant-de-shiso-perilla-pourpre-75-cl\/#primaryimage\"},\"thumbnailUrl\":\"https:\/\/fermesinsac.com\/wp-content\/uploads\/2025\/11\/petillant-de-Shiso.webp\",\"datePublished\":\"2025-11-15T10:36:22+00:00\",\"dateModified\":\"2026-04-01T10:33:57+00:00\",\"breadcrumb\":{\"@id\":\"https:\/\/fermesinsac.com\/shop\/boissons\/petillant-de-shiso-perilla-pourpre-75-cl\/#breadcrumb\"},\"inLanguage\":\"ar\",\"potentialAction\":[{\"@type\":\"ReadAction\",\"target\":[\"https:\/\/fermesinsac.com\/shop\/boissons\/petillant-de-shiso-perilla-pourpre-75-cl\/\"]}]},{\"@type\":\"ImageObject\",\"inLanguage\":\"ar\",\"@id\":\"https:\/\/fermesinsac.com\/shop\/boissons\/petillant-de-shiso-perilla-pourpre-75-cl\/#primaryimage\",\"url\":\"https:\/\/fermesinsac.com\/wp-content\/uploads\/2025\/11\/petillant-de-Shiso.webp\",\"contentUrl\":\"https:\/\/fermesinsac.com\/wp-content\/uploads\/2025\/11\/petillant-de-Shiso.webp\",\"width\":1920,\"height\":1440,\"caption\":\"boisson p\u00e9tillante de Shiso sans alcool fermentee naturelle maison gazeuze soda limonade\"},{\"@type\":\"BreadcrumbList\",\"@id\":\"https:\/\/fermesinsac.com\/shop\/boissons\/petillant-de-shiso-perilla-pourpre-75-cl\/#breadcrumb\",\"itemListElement\":[{\"@type\":\"ListItem\",\"position\":1,\"name\":\"Accueil\",\"item\":\"https:\/\/fermesinsac.com\/\"},{\"@type\":\"ListItem\",\"position\":2,\"name\":\"Shop\",\"item\":\"https:\/\/fermesinsac.com\/shop\/\"},{\"@type\":\"ListItem\",\"position\":3,\"name\":\"Boisson Petillante de Shiso (perilla pourpre) ferment\u00e9e naturelle sans alcool\"}]},{\"@type\":\"WebSite\",\"@id\":\"https:\/\/fermesinsac.com\/#website\",\"url\":\"https:\/\/fermesinsac.com\/\",\"name\":\"Ferme Sinsac\",\"description\":\"la biodiversit\u00e9 avant tout\",\"publisher\":{\"@id\":\"https:\/\/fermesinsac.com\/#organization\"},\"potentialAction\":[{\"@type\":\"SearchAction\",\"target\":{\"@type\":\"EntryPoint\",\"urlTemplate\":\"https:\/\/fermesinsac.com\/?s={search_term_string}\"},\"query-input\":{\"@type\":\"PropertyValueSpecification\",\"valueRequired\":true,\"valueName\":\"search_term_string\"}}],\"inLanguage\":\"ar\"},{\"@type\":\"Organization\",\"@id\":\"https:\/\/fermesinsac.com\/#organization\",\"name\":\"Ferme Sinsac\",\"url\":\"https:\/\/fermesinsac.com\/\",\"logo\":{\"@type\":\"ImageObject\",\"inLanguage\":\"ar\",\"@id\":\"https:\/\/fermesinsac.com\/#\/schema\/logo\/image\/\",\"url\":\"https:\/\/fermesinsac.com\/wp-content\/uploads\/2025\/01\/cropped-logo-ferme-sinsac-klein.webp\",\"contentUrl\":\"https:\/\/fermesinsac.com\/wp-content\/uploads\/2025\/01\/cropped-logo-ferme-sinsac-klein.webp\",\"width\":512,\"height\":512,\"caption\":\"Ferme Sinsac\"},\"image\":{\"@id\":\"https:\/\/fermesinsac.com\/#\/schema\/logo\/image\/\"},\"sameAs\":[\"https:\/\/www.facebook.com\/fermebiosinsac\",\"https:\/\/www.tiktok.com\/@fermesinsac?lang=nl-NL\",\"https:\/\/www.instagram.com\/fermebiosinsac\/\",\"https:\/\/www.linkedin.com\/company\/31423500\/\"]}]}<\/script>\n<!-- \/ Yoast SEO plugin. -->","yoast_head_json":{"title":"Boisson Petillante de Shiso (perilla pourpre) ferment\u00e9e naturelle sans alcool - Ferme Sinsac","robots":{"index":"index","follow":"follow","max-snippet":"max-snippet:-1","max-image-preview":"max-image-preview:large","max-video-preview":"max-video-preview:-1"},"canonical":"https:\/\/fermesinsac.com\/ar\/shop\/boissons\/petillant-de-shiso-perilla-pourpre-75-cl\/","og_locale":"ar_AR","og_type":"article","og_title":"Boisson Petillante de Shiso (perilla pourpre) ferment\u00e9e naturelle sans alcool - Ferme Sinsac","og_description":"Ce boisson p\u00e9tillante de Shiso 75 cl est compos\u00e9 de:Shiso (perilla pourpre), sucre de canne*(37 grs de sucre par bouteille) , jus de citron*, eau *produits issus de l agriculture biologique","og_url":"https:\/\/fermesinsac.com\/ar\/shop\/boissons\/petillant-de-shiso-perilla-pourpre-75-cl\/","og_site_name":"Ferme Sinsac","article_publisher":"https:\/\/www.facebook.com\/fermebiosinsac","article_modified_time":"2026-04-01T10:33:57+00:00","og_image":[{"width":1920,"height":1440,"url":"https:\/\/fermesinsac.com\/wp-content\/uploads\/2025\/11\/petillant-de-Shiso.webp","type":"image\/webp"}],"twitter_card":"summary_large_image","twitter_misc":{"\u0648\u0642\u062a \u0627\u0644\u0642\u0631\u0627\u0621\u0629 \u0627\u0644\u0645\u064f\u0642\u062f\u0651\u0631":"\u062f\u0642\u064a\u0642\u062a\u0627\u0646"},"schema":{"@context":"https:\/\/schema.org","@graph":[{"@type":"WebPage","@id":"https:\/\/fermesinsac.com\/shop\/boissons\/petillant-de-shiso-perilla-pourpre-75-cl\/","url":"https:\/\/fermesinsac.com\/shop\/boissons\/petillant-de-shiso-perilla-pourpre-75-cl\/","name":"Boisson Petillante de Shiso (perilla pourpre) ferment\u00e9e naturelle sans alcool - Ferme Sinsac","isPartOf":{"@id":"https:\/\/fermesinsac.com\/#website"},"primaryImageOfPage":{"@id":"https:\/\/fermesinsac.com\/shop\/boissons\/petillant-de-shiso-perilla-pourpre-75-cl\/#primaryimage"},"image":{"@id":"https:\/\/fermesinsac.com\/shop\/boissons\/petillant-de-shiso-perilla-pourpre-75-cl\/#primaryimage"},"thumbnailUrl":"https:\/\/fermesinsac.com\/wp-content\/uploads\/2025\/11\/petillant-de-Shiso.webp","datePublished":"2025-11-15T10:36:22+00:00","dateModified":"2026-04-01T10:33:57+00:00","breadcrumb":{"@id":"https:\/\/fermesinsac.com\/shop\/boissons\/petillant-de-shiso-perilla-pourpre-75-cl\/#breadcrumb"},"inLanguage":"ar","potentialAction":[{"@type":"ReadAction","target":["https:\/\/fermesinsac.com\/shop\/boissons\/petillant-de-shiso-perilla-pourpre-75-cl\/"]}]},{"@type":"ImageObject","inLanguage":"ar","@id":"https:\/\/fermesinsac.com\/shop\/boissons\/petillant-de-shiso-perilla-pourpre-75-cl\/#primaryimage","url":"https:\/\/fermesinsac.com\/wp-content\/uploads\/2025\/11\/petillant-de-Shiso.webp","contentUrl":"https:\/\/fermesinsac.com\/wp-content\/uploads\/2025\/11\/petillant-de-Shiso.webp","width":1920,"height":1440,"caption":"boisson p\u00e9tillante de Shiso sans alcool fermentee naturelle maison gazeuze soda limonade"},{"@type":"BreadcrumbList","@id":"https:\/\/fermesinsac.com\/shop\/boissons\/petillant-de-shiso-perilla-pourpre-75-cl\/#breadcrumb","itemListElement":[{"@type":"ListItem","position":1,"name":"Accueil","item":"https:\/\/fermesinsac.com\/"},{"@type":"ListItem","position":2,"name":"Shop","item":"https:\/\/fermesinsac.com\/shop\/"},{"@type":"ListItem","position":3,"name":"Boisson Petillante de Shiso (perilla pourpre) ferment\u00e9e naturelle sans alcool"}]},{"@type":"WebSite","@id":"https:\/\/fermesinsac.com\/#website","url":"https:\/\/fermesinsac.com\/","name":"Ferme Sinsac","description":"la biodiversit\u00e9 avant tout","publisher":{"@id":"https:\/\/fermesinsac.com\/#organization"},"potentialAction":[{"@type":"SearchAction","target":{"@type":"EntryPoint","urlTemplate":"https:\/\/fermesinsac.com\/?s={search_term_string}"},"query-input":{"@type":"PropertyValueSpecification","valueRequired":true,"valueName":"search_term_string"}}],"inLanguage":"ar"},{"@type":"Organization","@id":"https:\/\/fermesinsac.com\/#organization","name":"Ferme Sinsac","url":"https:\/\/fermesinsac.com\/","logo":{"@type":"ImageObject","inLanguage":"ar","@id":"https:\/\/fermesinsac.com\/#\/schema\/logo\/image\/","url":"https:\/\/fermesinsac.com\/wp-content\/uploads\/2025\/01\/cropped-logo-ferme-sinsac-klein.webp","contentUrl":"https:\/\/fermesinsac.com\/wp-content\/uploads\/2025\/01\/cropped-logo-ferme-sinsac-klein.webp","width":512,"height":512,"caption":"Ferme Sinsac"},"image":{"@id":"https:\/\/fermesinsac.com\/#\/schema\/logo\/image\/"},"sameAs":["https:\/\/www.facebook.com\/fermebiosinsac","https:\/\/www.tiktok.com\/@fermesinsac?lang=nl-NL","https:\/\/www.instagram.com\/fermebiosinsac\/","https:\/\/www.linkedin.com\/company\/31423500\/"]}]}},"jetpack_publicize_connections":[],"jetpack_sharing_enabled":true,"_links":{"self":[{"href":"https:\/\/fermesinsac.com\/ar\/wp-json\/wp\/v2\/product\/45075","targetHints":{"allow":["GET"]}}],"collection":[{"href":"https:\/\/fermesinsac.com\/ar\/wp-json\/wp\/v2\/product"}],"about":[{"href":"https:\/\/fermesinsac.com\/ar\/wp-json\/wp\/v2\/types\/product"}],"replies":[{"embeddable":true,"href":"https:\/\/fermesinsac.com\/ar\/wp-json\/wp\/v2\/comments?post=45075"}],"version-history":[{"count":3,"href":"https:\/\/fermesinsac.com\/ar\/wp-json\/wp\/v2\/product\/45075\/revisions"}],"predecessor-version":[{"id":45259,"href":"https:\/\/fermesinsac.com\/ar\/wp-json\/wp\/v2\/product\/45075\/revisions\/45259"}],"wp:featuredmedia":[{"embeddable":true,"href":"https:\/\/fermesinsac.com\/ar\/wp-json\/wp\/v2\/media\/45071"}],"wp:attachment":[{"href":"https:\/\/fermesinsac.com\/ar\/wp-json\/wp\/v2\/media?parent=45075"}],"wp:term":[{"taxonomy":"product_brand","embeddable":true,"href":"https:\/\/fermesinsac.com\/ar\/wp-json\/wp\/v2\/product_brand?post=45075"},{"taxonomy":"product_cat","embeddable":true,"href":"https:\/\/fermesinsac.com\/ar\/wp-json\/wp\/v2\/product_cat?post=45075"},{"taxonomy":"product_tag","embeddable":true,"href":"https:\/\/fermesinsac.com\/ar\/wp-json\/wp\/v2\/product_tag?post=45075"}],"curies":[{"name":"wp","href":"https:\/\/api.w.org\/{rel}","templated":true}]}}