{"id":44996,"date":"2025-10-18T12:03:11","date_gmt":"2025-10-18T10:03:11","guid":{"rendered":"https:\/\/fermesinsac.com\/?post_type=product&#038;p=44996"},"modified":"2025-11-29T09:21:30","modified_gmt":"2025-11-29T08:21:30","slug":"pain-au-levain-100-ble-en-moule-1kg","status":"publish","type":"product","link":"https:\/\/fermesinsac.com\/ar\/shop\/pains-tartes-et-gateaux\/pain-au-levain-100-ble-en-moule-1kg\/","title":{"rendered":"Pain au levain 100% bl\u00e9 en moul\u00e9 1kg"},"content":{"rendered":"<p>Nos pains sont fait maison avec notre propre levain et des farines locales, certifi\u00e9s AB et sans additifs du Moulin de Bobina (st Martin de Riberac). Nous utilisons du sel de l&#8217;Himalaya pour son apport en min\u00e9raux ainsi que de l eau filtr\u00e9e au charbon pour sa puret\u00e9. En choisissant notre pain vous nourrissez votre corps avec un produit vivant et d\u00e9licieux, bon pour votre transit intestinal. Vous retrouverez plusieurs variantes au choix.<br \/>Nous ne coupons pas les pains pour garantir leur fraicheur a leur arriv\u00e9 chez vous.<br \/>\u00a0<\/p>","protected":false},"excerpt":{"rendered":"<p>Nos pains sont fait maison avec notre propre levain et des farines locales, certifi\u00e9s AB et sans additifs du Moulin de Bobina (st Martin de Riberac). Nous utilisons du sel de l&#8217;Himalaya pour son apport en min\u00e9raux ainsi que de l eau filtr\u00e9e au charbon pour sa puret\u00e9. En choisissant notre pain vous nourrissez votre corps avec un produit vivant et d\u00e9licieux, bon pour votre transit intestinal. Vous retrouverez plusieurs variantes au choix.<br \/>Nous ne coupons pas les pains pour garantir leur fraicheur a leur arriv\u00e9 chez vous.<br \/>\u00a0<\/p>","protected":false},"featured_media":44993,"comment_status":"open","ping_status":"closed","template":"","meta":{"_price":"9.60","_stock":"","_tribe_ticket_header":"","_tribe_default_ticket_provider":"","_tribe_ticket_capacity":"0","_ticket_start_date":"","_ticket_end_date":"","_tribe_ticket_show_description":"","_tribe_ticket_show_not_going":false,"_tribe_ticket_use_global_stock":"","_tribe_ticket_global_stock_level":"","_global_stock_mode":"","_global_stock_cap":"","_tribe_rsvp_for_event":"","_tribe_ticket_going_count":"","_tribe_ticket_not_going_count":"","_tribe_tickets_list":"[]","_tribe_ticket_has_attendee_info_fields":false,"jetpack_publicize_message":"","jetpack_publicize_feature_enabled":true,"jetpack_social_post_already_shared":true,"jetpack_social_options":{"image_generator_settings":{"template":"highway","default_image_id":0,"font":"","enabled":false},"version":2}},"product_brand":[717],"product_cat":[725],"product_tag":[],"class_list":{"0":"post-44996","1":"product","2":"type-product","3":"status-publish","4":"has-post-thumbnail","6":"product_brand-ferme_sinsac","7":"product_cat-pains-tartes-et-gateaux","8":"product_shipping_class-pains-tartes-et-gateaux","11":"first","12":"instock","13":"taxable","14":"shipping-taxable","15":"purchasable","16":"product-type-simple"},"yoast_head":"<!-- This site is optimized with the Yoast SEO plugin v26.6 - https:\/\/yoast.com\/wordpress\/plugins\/seo\/ -->\n<title>Pain au levain 100% bl\u00e9 en moul\u00e9 1kg - Ferme Sinsac<\/title>\n<meta name=\"robots\" content=\"index, follow, max-snippet:-1, max-image-preview:large, max-video-preview:-1\" \/>\n<link rel=\"canonical\" href=\"https:\/\/fermesinsac.com\/ar\/shop\/pains-tartes-et-gateaux\/pain-au-levain-100-ble-en-moule-1kg\/\" \/>\n<meta property=\"og:locale\" content=\"ar_AR\" \/>\n<meta property=\"og:type\" content=\"article\" \/>\n<meta property=\"og:title\" content=\"Pain au levain 100% bl\u00e9 en moul\u00e9 1kg - Ferme Sinsac\" \/>\n<meta property=\"og:description\" content=\"Nos pains sont fait maison avec notre propre levain et des farines locales, certifi\u00e9s AB et sans additifs du Moulin de Bobina (st Martin de Riberac). Nous utilisons du sel de l&#039;Himalaya pour son apport en min\u00e9raux ainsi que de l eau filtr\u00e9e au charbon pour sa puret\u00e9. En choisissant notre pain vous nourrissez votre corps avec un produit vivant et d\u00e9licieux, bon pour votre transit intestinal. Vous retrouverez plusieurs variantes au choix.Nous ne coupons pas les pains pour garantir leur fraicheur a leur arriv\u00e9 chez vous.\u00a0\" \/>\n<meta property=\"og:url\" content=\"https:\/\/fermesinsac.com\/ar\/shop\/pains-tartes-et-gateaux\/pain-au-levain-100-ble-en-moule-1kg\/\" \/>\n<meta property=\"og:site_name\" content=\"Ferme Sinsac\" \/>\n<meta property=\"article:publisher\" content=\"https:\/\/www.facebook.com\/fermebiosinsac\" \/>\n<meta property=\"article:modified_time\" content=\"2025-11-29T08:21:30+00:00\" \/>\n<meta property=\"og:image\" content=\"https:\/\/fermesinsac.com\/wp-content\/uploads\/2025\/10\/pain-moule-au-levain.webp\" \/>\n\t<meta property=\"og:image:width\" content=\"1920\" \/>\n\t<meta property=\"og:image:height\" content=\"1440\" \/>\n\t<meta property=\"og:image:type\" content=\"image\/webp\" \/>\n<meta name=\"twitter:card\" content=\"summary_large_image\" \/>\n<script type=\"application\/ld+json\" class=\"yoast-schema-graph\">{\"@context\":\"https:\/\/schema.org\",\"@graph\":[{\"@type\":\"WebPage\",\"@id\":\"https:\/\/fermesinsac.com\/shop\/pains-tartes-et-gateaux\/pain-au-levain-100-ble-en-moule-1kg\/\",\"url\":\"https:\/\/fermesinsac.com\/shop\/pains-tartes-et-gateaux\/pain-au-levain-100-ble-en-moule-1kg\/\",\"name\":\"Pain au levain 100% bl\u00e9 en moul\u00e9 1kg - Ferme Sinsac\",\"isPartOf\":{\"@id\":\"https:\/\/fermesinsac.com\/#website\"},\"primaryImageOfPage\":{\"@id\":\"https:\/\/fermesinsac.com\/shop\/pains-tartes-et-gateaux\/pain-au-levain-100-ble-en-moule-1kg\/#primaryimage\"},\"image\":{\"@id\":\"https:\/\/fermesinsac.com\/shop\/pains-tartes-et-gateaux\/pain-au-levain-100-ble-en-moule-1kg\/#primaryimage\"},\"thumbnailUrl\":\"https:\/\/fermesinsac.com\/wp-content\/uploads\/2025\/10\/pain-moule-au-levain.webp\",\"datePublished\":\"2025-10-18T10:03:11+00:00\",\"dateModified\":\"2025-11-29T08:21:30+00:00\",\"breadcrumb\":{\"@id\":\"https:\/\/fermesinsac.com\/shop\/pains-tartes-et-gateaux\/pain-au-levain-100-ble-en-moule-1kg\/#breadcrumb\"},\"inLanguage\":\"ar\",\"potentialAction\":[{\"@type\":\"ReadAction\",\"target\":[\"https:\/\/fermesinsac.com\/shop\/pains-tartes-et-gateaux\/pain-au-levain-100-ble-en-moule-1kg\/\"]}]},{\"@type\":\"ImageObject\",\"inLanguage\":\"ar\",\"@id\":\"https:\/\/fermesinsac.com\/shop\/pains-tartes-et-gateaux\/pain-au-levain-100-ble-en-moule-1kg\/#primaryimage\",\"url\":\"https:\/\/fermesinsac.com\/wp-content\/uploads\/2025\/10\/pain-moule-au-levain.webp\",\"contentUrl\":\"https:\/\/fermesinsac.com\/wp-content\/uploads\/2025\/10\/pain-moule-au-levain.webp\",\"width\":1920,\"height\":1440},{\"@type\":\"BreadcrumbList\",\"@id\":\"https:\/\/fermesinsac.com\/shop\/pains-tartes-et-gateaux\/pain-au-levain-100-ble-en-moule-1kg\/#breadcrumb\",\"itemListElement\":[{\"@type\":\"ListItem\",\"position\":1,\"name\":\"Accueil\",\"item\":\"https:\/\/fermesinsac.com\/\"},{\"@type\":\"ListItem\",\"position\":2,\"name\":\"Shop\",\"item\":\"https:\/\/fermesinsac.com\/shop\/\"},{\"@type\":\"ListItem\",\"position\":3,\"name\":\"Pain au levain 100% bl\u00e9 en moul\u00e9 1kg\"}]},{\"@type\":\"WebSite\",\"@id\":\"https:\/\/fermesinsac.com\/#website\",\"url\":\"https:\/\/fermesinsac.com\/\",\"name\":\"Ferme Sinsac\",\"description\":\"la biodiversit\u00e9 avant tout\",\"publisher\":{\"@id\":\"https:\/\/fermesinsac.com\/#organization\"},\"potentialAction\":[{\"@type\":\"SearchAction\",\"target\":{\"@type\":\"EntryPoint\",\"urlTemplate\":\"https:\/\/fermesinsac.com\/?s={search_term_string}\"},\"query-input\":{\"@type\":\"PropertyValueSpecification\",\"valueRequired\":true,\"valueName\":\"search_term_string\"}}],\"inLanguage\":\"ar\"},{\"@type\":\"Organization\",\"@id\":\"https:\/\/fermesinsac.com\/#organization\",\"name\":\"Ferme Sinsac\",\"url\":\"https:\/\/fermesinsac.com\/\",\"logo\":{\"@type\":\"ImageObject\",\"inLanguage\":\"ar\",\"@id\":\"https:\/\/fermesinsac.com\/#\/schema\/logo\/image\/\",\"url\":\"https:\/\/fermesinsac.com\/wp-content\/uploads\/2025\/01\/cropped-logo-ferme-sinsac-klein.webp\",\"contentUrl\":\"https:\/\/fermesinsac.com\/wp-content\/uploads\/2025\/01\/cropped-logo-ferme-sinsac-klein.webp\",\"width\":512,\"height\":512,\"caption\":\"Ferme Sinsac\"},\"image\":{\"@id\":\"https:\/\/fermesinsac.com\/#\/schema\/logo\/image\/\"},\"sameAs\":[\"https:\/\/www.facebook.com\/fermebiosinsac\",\"https:\/\/www.tiktok.com\/@fermesinsac?lang=nl-NL\",\"https:\/\/www.instagram.com\/fermebiosinsac\/\",\"https:\/\/www.linkedin.com\/company\/31423500\/\"]}]}<\/script>\n<!-- \/ Yoast SEO plugin. -->","yoast_head_json":{"title":"Pain au levain 100% bl\u00e9 en moul\u00e9 1kg - Ferme Sinsac","robots":{"index":"index","follow":"follow","max-snippet":"max-snippet:-1","max-image-preview":"max-image-preview:large","max-video-preview":"max-video-preview:-1"},"canonical":"https:\/\/fermesinsac.com\/ar\/shop\/pains-tartes-et-gateaux\/pain-au-levain-100-ble-en-moule-1kg\/","og_locale":"ar_AR","og_type":"article","og_title":"Pain au levain 100% bl\u00e9 en moul\u00e9 1kg - Ferme Sinsac","og_description":"Nos pains sont fait maison avec notre propre levain et des farines locales, certifi\u00e9s AB et sans additifs du Moulin de Bobina (st Martin de Riberac). Nous utilisons du sel de l'Himalaya pour son apport en min\u00e9raux ainsi que de l eau filtr\u00e9e au charbon pour sa puret\u00e9. En choisissant notre pain vous nourrissez votre corps avec un produit vivant et d\u00e9licieux, bon pour votre transit intestinal. Vous retrouverez plusieurs variantes au choix.Nous ne coupons pas les pains pour garantir leur fraicheur a leur arriv\u00e9 chez vous.\u00a0","og_url":"https:\/\/fermesinsac.com\/ar\/shop\/pains-tartes-et-gateaux\/pain-au-levain-100-ble-en-moule-1kg\/","og_site_name":"Ferme Sinsac","article_publisher":"https:\/\/www.facebook.com\/fermebiosinsac","article_modified_time":"2025-11-29T08:21:30+00:00","og_image":[{"width":1920,"height":1440,"url":"https:\/\/fermesinsac.com\/wp-content\/uploads\/2025\/10\/pain-moule-au-levain.webp","type":"image\/webp"}],"twitter_card":"summary_large_image","schema":{"@context":"https:\/\/schema.org","@graph":[{"@type":"WebPage","@id":"https:\/\/fermesinsac.com\/shop\/pains-tartes-et-gateaux\/pain-au-levain-100-ble-en-moule-1kg\/","url":"https:\/\/fermesinsac.com\/shop\/pains-tartes-et-gateaux\/pain-au-levain-100-ble-en-moule-1kg\/","name":"Pain au levain 100% bl\u00e9 en moul\u00e9 1kg - Ferme Sinsac","isPartOf":{"@id":"https:\/\/fermesinsac.com\/#website"},"primaryImageOfPage":{"@id":"https:\/\/fermesinsac.com\/shop\/pains-tartes-et-gateaux\/pain-au-levain-100-ble-en-moule-1kg\/#primaryimage"},"image":{"@id":"https:\/\/fermesinsac.com\/shop\/pains-tartes-et-gateaux\/pain-au-levain-100-ble-en-moule-1kg\/#primaryimage"},"thumbnailUrl":"https:\/\/fermesinsac.com\/wp-content\/uploads\/2025\/10\/pain-moule-au-levain.webp","datePublished":"2025-10-18T10:03:11+00:00","dateModified":"2025-11-29T08:21:30+00:00","breadcrumb":{"@id":"https:\/\/fermesinsac.com\/shop\/pains-tartes-et-gateaux\/pain-au-levain-100-ble-en-moule-1kg\/#breadcrumb"},"inLanguage":"ar","potentialAction":[{"@type":"ReadAction","target":["https:\/\/fermesinsac.com\/shop\/pains-tartes-et-gateaux\/pain-au-levain-100-ble-en-moule-1kg\/"]}]},{"@type":"ImageObject","inLanguage":"ar","@id":"https:\/\/fermesinsac.com\/shop\/pains-tartes-et-gateaux\/pain-au-levain-100-ble-en-moule-1kg\/#primaryimage","url":"https:\/\/fermesinsac.com\/wp-content\/uploads\/2025\/10\/pain-moule-au-levain.webp","contentUrl":"https:\/\/fermesinsac.com\/wp-content\/uploads\/2025\/10\/pain-moule-au-levain.webp","width":1920,"height":1440},{"@type":"BreadcrumbList","@id":"https:\/\/fermesinsac.com\/shop\/pains-tartes-et-gateaux\/pain-au-levain-100-ble-en-moule-1kg\/#breadcrumb","itemListElement":[{"@type":"ListItem","position":1,"name":"Accueil","item":"https:\/\/fermesinsac.com\/"},{"@type":"ListItem","position":2,"name":"Shop","item":"https:\/\/fermesinsac.com\/shop\/"},{"@type":"ListItem","position":3,"name":"Pain au levain 100% bl\u00e9 en moul\u00e9 1kg"}]},{"@type":"WebSite","@id":"https:\/\/fermesinsac.com\/#website","url":"https:\/\/fermesinsac.com\/","name":"Ferme Sinsac","description":"la biodiversit\u00e9 avant tout","publisher":{"@id":"https:\/\/fermesinsac.com\/#organization"},"potentialAction":[{"@type":"SearchAction","target":{"@type":"EntryPoint","urlTemplate":"https:\/\/fermesinsac.com\/?s={search_term_string}"},"query-input":{"@type":"PropertyValueSpecification","valueRequired":true,"valueName":"search_term_string"}}],"inLanguage":"ar"},{"@type":"Organization","@id":"https:\/\/fermesinsac.com\/#organization","name":"Ferme Sinsac","url":"https:\/\/fermesinsac.com\/","logo":{"@type":"ImageObject","inLanguage":"ar","@id":"https:\/\/fermesinsac.com\/#\/schema\/logo\/image\/","url":"https:\/\/fermesinsac.com\/wp-content\/uploads\/2025\/01\/cropped-logo-ferme-sinsac-klein.webp","contentUrl":"https:\/\/fermesinsac.com\/wp-content\/uploads\/2025\/01\/cropped-logo-ferme-sinsac-klein.webp","width":512,"height":512,"caption":"Ferme Sinsac"},"image":{"@id":"https:\/\/fermesinsac.com\/#\/schema\/logo\/image\/"},"sameAs":["https:\/\/www.facebook.com\/fermebiosinsac","https:\/\/www.tiktok.com\/@fermesinsac?lang=nl-NL","https:\/\/www.instagram.com\/fermebiosinsac\/","https:\/\/www.linkedin.com\/company\/31423500\/"]}]}},"jetpack_publicize_connections":[],"jetpack_sharing_enabled":true,"_links":{"self":[{"href":"https:\/\/fermesinsac.com\/ar\/wp-json\/wp\/v2\/product\/44996","targetHints":{"allow":["GET"]}}],"collection":[{"href":"https:\/\/fermesinsac.com\/ar\/wp-json\/wp\/v2\/product"}],"about":[{"href":"https:\/\/fermesinsac.com\/ar\/wp-json\/wp\/v2\/types\/product"}],"replies":[{"embeddable":true,"href":"https:\/\/fermesinsac.com\/ar\/wp-json\/wp\/v2\/comments?post=44996"}],"version-history":[{"count":1,"href":"https:\/\/fermesinsac.com\/ar\/wp-json\/wp\/v2\/product\/44996\/revisions"}],"predecessor-version":[{"id":44997,"href":"https:\/\/fermesinsac.com\/ar\/wp-json\/wp\/v2\/product\/44996\/revisions\/44997"}],"wp:featuredmedia":[{"embeddable":true,"href":"https:\/\/fermesinsac.com\/ar\/wp-json\/wp\/v2\/media\/44993"}],"wp:attachment":[{"href":"https:\/\/fermesinsac.com\/ar\/wp-json\/wp\/v2\/media?parent=44996"}],"wp:term":[{"taxonomy":"product_brand","embeddable":true,"href":"https:\/\/fermesinsac.com\/ar\/wp-json\/wp\/v2\/product_brand?post=44996"},{"taxonomy":"product_cat","embeddable":true,"href":"https:\/\/fermesinsac.com\/ar\/wp-json\/wp\/v2\/product_cat?post=44996"},{"taxonomy":"product_tag","embeddable":true,"href":"https:\/\/fermesinsac.com\/ar\/wp-json\/wp\/v2\/product_tag?post=44996"}],"curies":[{"name":"wp","href":"https:\/\/api.w.org\/{rel}","templated":true}]}}