{"id":44175,"date":"2025-02-09T16:04:09","date_gmt":"2025-02-09T15:04:09","guid":{"rendered":"http:\/\/fermesinsac.com\/?post_type=product&#038;p=44175"},"modified":"2026-04-05T19:13:36","modified_gmt":"2026-04-05T17:13:36","slug":"oeuf-frais-de-poules","status":"publish","type":"product","link":"https:\/\/fermesinsac.com\/ar\/shop\/oeufs-frais\/oeuf-frais-de-poules\/","title":{"rendered":"Oeuf frais fermier de poules"},"content":{"rendered":"<p>Nos oeufs frais de poules<\/p>\n<p>Nos poules sont \u00e9lev\u00e9s avec leurs fr\u00e8res en toute libert\u00e9: \u00a0Ici il n y a pas de cl\u00f4tures, elles marchent \u00e0 leur gr\u00e8s et mangent ce qui lui plaisent. Le soir, elles rentrent passer la nuit en s\u00e9curit\u00e9 pr\u00e8s de la maison dans leur poulailler. Elles choisissent quand elles rentrent et quand elle repartent aux champs.<\/p>\n<p>Nous faisons les naissances naturelles et sous couveuses \u00e0 la ferme. Nous essayons de sauvegard\u00e9 la race des poules et coq de Gascogne qui sont en voie de disparition en nouvelle Aquitaine. Ces poules et Coqs tr\u00e8s rustiques sont noires \u00e0 la cr\u00eate rouge.<\/p>\n<p>&nbsp;<\/p>","protected":false},"excerpt":{"rendered":"<p>commandez sur pourdebon <a href=\"https:\/\/www.pourdebon.com\/ferme-sinsac-s778\">https:\/\/www.pourdebon.com\/ferme-sinsac-s778<\/a><\/p>\n<div class=\"woocommerce-product-details__short-description\">Nos oeufs frais de poules font environ 70 grs, c est la cat\u00e9gorie d oeufs XL. Ils sont exp\u00e9di\u00e9 le jours de la ponte et jusque 3 jours apr\u00e8s la ponte ce qui en font des oeufs extra frais \u00e0 la livraison chez vous. Vous recevrez 6 oeufs.<\/p>\n<\/div>","protected":false},"featured_media":44097,"comment_status":"open","ping_status":"closed","template":"","meta":{"_price":"4.50","_stock":null,"_tribe_ticket_header":"","_tribe_default_ticket_provider":"","_tribe_ticket_capacity":"0","_ticket_start_date":"","_ticket_end_date":"","_tribe_ticket_show_description":"","_tribe_ticket_show_not_going":false,"_tribe_ticket_use_global_stock":"","_tribe_ticket_global_stock_level":"","_global_stock_mode":"","_global_stock_cap":"","_tribe_rsvp_for_event":"","_tribe_ticket_going_count":"","_tribe_ticket_not_going_count":"","_tribe_tickets_list":"[]","_tribe_ticket_has_attendee_info_fields":false,"jetpack_publicize_message":"","jetpack_publicize_feature_enabled":true,"jetpack_social_post_already_shared":false,"jetpack_social_options":{"image_generator_settings":{"template":"highway","default_image_id":0,"font":"","enabled":false},"version":2}},"product_brand":[717],"product_cat":[677],"product_tag":[700,701,699],"class_list":{"0":"post-44175","1":"product","2":"type-product","3":"status-publish","4":"has-post-thumbnail","6":"product_brand-ferme_sinsac","7":"product_cat-oeufs-frais","8":"product_tag-gascogne","9":"product_tag-oeufs","10":"product_tag-poule","11":"product_shipping_class-oeufs-frais","14":"first","15":"outofstock","16":"taxable","17":"shipping-taxable","18":"purchasable","19":"product-type-simple"},"yoast_head":"<!-- This site is optimized with the Yoast SEO plugin v26.6 - https:\/\/yoast.com\/wordpress\/plugins\/seo\/ -->\n<title>Oeuf frais fermier de poules - Ferme Sinsac<\/title>\n<meta name=\"robots\" content=\"index, follow, max-snippet:-1, max-image-preview:large, max-video-preview:-1\" \/>\n<link rel=\"canonical\" href=\"https:\/\/fermesinsac.com\/ar\/shop\/oeufs-frais\/oeuf-frais-de-poules\/\" \/>\n<meta property=\"og:locale\" content=\"ar_AR\" \/>\n<meta property=\"og:type\" content=\"article\" \/>\n<meta property=\"og:title\" content=\"Oeuf frais fermier de poules - Ferme Sinsac\" \/>\n<meta property=\"og:description\" content=\"commandez sur pourdebon https:\/\/www.pourdebon.com\/ferme-sinsac-s778Nos oeufs frais de poules font environ 70 grs, c est la cat\u00e9gorie d oeufs XL. Ils sont exp\u00e9di\u00e9 le jours de la ponte et jusque 3 jours apr\u00e8s la ponte ce qui en font des oeufs extra frais \u00e0 la livraison chez vous. Vous recevrez 6 oeufs.\" \/>\n<meta property=\"og:url\" content=\"https:\/\/fermesinsac.com\/ar\/shop\/oeufs-frais\/oeuf-frais-de-poules\/\" \/>\n<meta property=\"og:site_name\" content=\"Ferme Sinsac\" \/>\n<meta property=\"article:publisher\" content=\"https:\/\/www.facebook.com\/fermebiosinsac\" \/>\n<meta property=\"article:modified_time\" content=\"2026-04-05T17:13:36+00:00\" \/>\n<meta property=\"og:image\" content=\"https:\/\/fermesinsac.com\/wp-content\/uploads\/2024\/11\/IMG_1690-rotated-e1747050047460.webp\" \/>\n\t<meta property=\"og:image:width\" content=\"1050\" \/>\n\t<meta property=\"og:image:height\" content=\"826\" \/>\n\t<meta property=\"og:image:type\" content=\"image\/webp\" \/>\n<meta name=\"twitter:card\" content=\"summary_large_image\" \/>\n<meta name=\"twitter:label1\" content=\"\u0648\u0642\u062a \u0627\u0644\u0642\u0631\u0627\u0621\u0629 \u0627\u0644\u0645\u064f\u0642\u062f\u0651\u0631\" \/>\n\t<meta name=\"twitter:data1\" content=\"\u062f\u0642\u064a\u0642\u0629 \u0648\u0627\u062d\u062f\u0629\" \/>\n<script type=\"application\/ld+json\" class=\"yoast-schema-graph\">{\"@context\":\"https:\/\/schema.org\",\"@graph\":[{\"@type\":\"WebPage\",\"@id\":\"https:\/\/fermesinsac.com\/shop\/oeufs-frais\/oeuf-frais-de-poules\/\",\"url\":\"https:\/\/fermesinsac.com\/shop\/oeufs-frais\/oeuf-frais-de-poules\/\",\"name\":\"Oeuf frais fermier de poules - Ferme Sinsac\",\"isPartOf\":{\"@id\":\"https:\/\/fermesinsac.com\/#website\"},\"primaryImageOfPage\":{\"@id\":\"https:\/\/fermesinsac.com\/shop\/oeufs-frais\/oeuf-frais-de-poules\/#primaryimage\"},\"image\":{\"@id\":\"https:\/\/fermesinsac.com\/shop\/oeufs-frais\/oeuf-frais-de-poules\/#primaryimage\"},\"thumbnailUrl\":\"https:\/\/fermesinsac.com\/wp-content\/uploads\/2024\/11\/IMG_1690-rotated-e1747050047460.webp\",\"datePublished\":\"2025-02-09T15:04:09+00:00\",\"dateModified\":\"2026-04-05T17:13:36+00:00\",\"breadcrumb\":{\"@id\":\"https:\/\/fermesinsac.com\/shop\/oeufs-frais\/oeuf-frais-de-poules\/#breadcrumb\"},\"inLanguage\":\"ar\",\"potentialAction\":[{\"@type\":\"ReadAction\",\"target\":[\"https:\/\/fermesinsac.com\/shop\/oeufs-frais\/oeuf-frais-de-poules\/\"]}]},{\"@type\":\"ImageObject\",\"inLanguage\":\"ar\",\"@id\":\"https:\/\/fermesinsac.com\/shop\/oeufs-frais\/oeuf-frais-de-poules\/#primaryimage\",\"url\":\"https:\/\/fermesinsac.com\/wp-content\/uploads\/2024\/11\/IMG_1690-rotated-e1747050047460.webp\",\"contentUrl\":\"https:\/\/fermesinsac.com\/wp-content\/uploads\/2024\/11\/IMG_1690-rotated-e1747050047460.webp\",\"width\":1050,\"height\":826},{\"@type\":\"BreadcrumbList\",\"@id\":\"https:\/\/fermesinsac.com\/shop\/oeufs-frais\/oeuf-frais-de-poules\/#breadcrumb\",\"itemListElement\":[{\"@type\":\"ListItem\",\"position\":1,\"name\":\"Accueil\",\"item\":\"https:\/\/fermesinsac.com\/\"},{\"@type\":\"ListItem\",\"position\":2,\"name\":\"Shop\",\"item\":\"https:\/\/fermesinsac.com\/shop\/\"},{\"@type\":\"ListItem\",\"position\":3,\"name\":\"Oeuf frais fermier de poules\"}]},{\"@type\":\"WebSite\",\"@id\":\"https:\/\/fermesinsac.com\/#website\",\"url\":\"https:\/\/fermesinsac.com\/\",\"name\":\"Ferme Sinsac\",\"description\":\"la biodiversit\u00e9 avant tout\",\"publisher\":{\"@id\":\"https:\/\/fermesinsac.com\/#organization\"},\"potentialAction\":[{\"@type\":\"SearchAction\",\"target\":{\"@type\":\"EntryPoint\",\"urlTemplate\":\"https:\/\/fermesinsac.com\/?s={search_term_string}\"},\"query-input\":{\"@type\":\"PropertyValueSpecification\",\"valueRequired\":true,\"valueName\":\"search_term_string\"}}],\"inLanguage\":\"ar\"},{\"@type\":\"Organization\",\"@id\":\"https:\/\/fermesinsac.com\/#organization\",\"name\":\"Ferme Sinsac\",\"url\":\"https:\/\/fermesinsac.com\/\",\"logo\":{\"@type\":\"ImageObject\",\"inLanguage\":\"ar\",\"@id\":\"https:\/\/fermesinsac.com\/#\/schema\/logo\/image\/\",\"url\":\"https:\/\/fermesinsac.com\/wp-content\/uploads\/2025\/01\/cropped-logo-ferme-sinsac-klein.webp\",\"contentUrl\":\"https:\/\/fermesinsac.com\/wp-content\/uploads\/2025\/01\/cropped-logo-ferme-sinsac-klein.webp\",\"width\":512,\"height\":512,\"caption\":\"Ferme Sinsac\"},\"image\":{\"@id\":\"https:\/\/fermesinsac.com\/#\/schema\/logo\/image\/\"},\"sameAs\":[\"https:\/\/www.facebook.com\/fermebiosinsac\",\"https:\/\/www.tiktok.com\/@fermesinsac?lang=nl-NL\",\"https:\/\/www.instagram.com\/fermebiosinsac\/\",\"https:\/\/www.linkedin.com\/company\/31423500\/\"]}]}<\/script>\n<!-- \/ Yoast SEO plugin. -->","yoast_head_json":{"title":"Oeuf frais fermier de poules - Ferme Sinsac","robots":{"index":"index","follow":"follow","max-snippet":"max-snippet:-1","max-image-preview":"max-image-preview:large","max-video-preview":"max-video-preview:-1"},"canonical":"https:\/\/fermesinsac.com\/ar\/shop\/oeufs-frais\/oeuf-frais-de-poules\/","og_locale":"ar_AR","og_type":"article","og_title":"Oeuf frais fermier de poules - Ferme Sinsac","og_description":"commandez sur pourdebon https:\/\/www.pourdebon.com\/ferme-sinsac-s778Nos oeufs frais de poules font environ 70 grs, c est la cat\u00e9gorie d oeufs XL. Ils sont exp\u00e9di\u00e9 le jours de la ponte et jusque 3 jours apr\u00e8s la ponte ce qui en font des oeufs extra frais \u00e0 la livraison chez vous. Vous recevrez 6 oeufs.","og_url":"https:\/\/fermesinsac.com\/ar\/shop\/oeufs-frais\/oeuf-frais-de-poules\/","og_site_name":"Ferme Sinsac","article_publisher":"https:\/\/www.facebook.com\/fermebiosinsac","article_modified_time":"2026-04-05T17:13:36+00:00","og_image":[{"width":1050,"height":826,"url":"https:\/\/fermesinsac.com\/wp-content\/uploads\/2024\/11\/IMG_1690-rotated-e1747050047460.webp","type":"image\/webp"}],"twitter_card":"summary_large_image","twitter_misc":{"\u0648\u0642\u062a \u0627\u0644\u0642\u0631\u0627\u0621\u0629 \u0627\u0644\u0645\u064f\u0642\u062f\u0651\u0631":"\u062f\u0642\u064a\u0642\u0629 \u0648\u0627\u062d\u062f\u0629"},"schema":{"@context":"https:\/\/schema.org","@graph":[{"@type":"WebPage","@id":"https:\/\/fermesinsac.com\/shop\/oeufs-frais\/oeuf-frais-de-poules\/","url":"https:\/\/fermesinsac.com\/shop\/oeufs-frais\/oeuf-frais-de-poules\/","name":"Oeuf frais fermier de poules - Ferme Sinsac","isPartOf":{"@id":"https:\/\/fermesinsac.com\/#website"},"primaryImageOfPage":{"@id":"https:\/\/fermesinsac.com\/shop\/oeufs-frais\/oeuf-frais-de-poules\/#primaryimage"},"image":{"@id":"https:\/\/fermesinsac.com\/shop\/oeufs-frais\/oeuf-frais-de-poules\/#primaryimage"},"thumbnailUrl":"https:\/\/fermesinsac.com\/wp-content\/uploads\/2024\/11\/IMG_1690-rotated-e1747050047460.webp","datePublished":"2025-02-09T15:04:09+00:00","dateModified":"2026-04-05T17:13:36+00:00","breadcrumb":{"@id":"https:\/\/fermesinsac.com\/shop\/oeufs-frais\/oeuf-frais-de-poules\/#breadcrumb"},"inLanguage":"ar","potentialAction":[{"@type":"ReadAction","target":["https:\/\/fermesinsac.com\/shop\/oeufs-frais\/oeuf-frais-de-poules\/"]}]},{"@type":"ImageObject","inLanguage":"ar","@id":"https:\/\/fermesinsac.com\/shop\/oeufs-frais\/oeuf-frais-de-poules\/#primaryimage","url":"https:\/\/fermesinsac.com\/wp-content\/uploads\/2024\/11\/IMG_1690-rotated-e1747050047460.webp","contentUrl":"https:\/\/fermesinsac.com\/wp-content\/uploads\/2024\/11\/IMG_1690-rotated-e1747050047460.webp","width":1050,"height":826},{"@type":"BreadcrumbList","@id":"https:\/\/fermesinsac.com\/shop\/oeufs-frais\/oeuf-frais-de-poules\/#breadcrumb","itemListElement":[{"@type":"ListItem","position":1,"name":"Accueil","item":"https:\/\/fermesinsac.com\/"},{"@type":"ListItem","position":2,"name":"Shop","item":"https:\/\/fermesinsac.com\/shop\/"},{"@type":"ListItem","position":3,"name":"Oeuf frais fermier de poules"}]},{"@type":"WebSite","@id":"https:\/\/fermesinsac.com\/#website","url":"https:\/\/fermesinsac.com\/","name":"Ferme Sinsac","description":"la biodiversit\u00e9 avant tout","publisher":{"@id":"https:\/\/fermesinsac.com\/#organization"},"potentialAction":[{"@type":"SearchAction","target":{"@type":"EntryPoint","urlTemplate":"https:\/\/fermesinsac.com\/?s={search_term_string}"},"query-input":{"@type":"PropertyValueSpecification","valueRequired":true,"valueName":"search_term_string"}}],"inLanguage":"ar"},{"@type":"Organization","@id":"https:\/\/fermesinsac.com\/#organization","name":"Ferme Sinsac","url":"https:\/\/fermesinsac.com\/","logo":{"@type":"ImageObject","inLanguage":"ar","@id":"https:\/\/fermesinsac.com\/#\/schema\/logo\/image\/","url":"https:\/\/fermesinsac.com\/wp-content\/uploads\/2025\/01\/cropped-logo-ferme-sinsac-klein.webp","contentUrl":"https:\/\/fermesinsac.com\/wp-content\/uploads\/2025\/01\/cropped-logo-ferme-sinsac-klein.webp","width":512,"height":512,"caption":"Ferme Sinsac"},"image":{"@id":"https:\/\/fermesinsac.com\/#\/schema\/logo\/image\/"},"sameAs":["https:\/\/www.facebook.com\/fermebiosinsac","https:\/\/www.tiktok.com\/@fermesinsac?lang=nl-NL","https:\/\/www.instagram.com\/fermebiosinsac\/","https:\/\/www.linkedin.com\/company\/31423500\/"]}]}},"jetpack_publicize_connections":[],"jetpack_sharing_enabled":true,"_links":{"self":[{"href":"https:\/\/fermesinsac.com\/ar\/wp-json\/wp\/v2\/product\/44175","targetHints":{"allow":["GET"]}}],"collection":[{"href":"https:\/\/fermesinsac.com\/ar\/wp-json\/wp\/v2\/product"}],"about":[{"href":"https:\/\/fermesinsac.com\/ar\/wp-json\/wp\/v2\/types\/product"}],"replies":[{"embeddable":true,"href":"https:\/\/fermesinsac.com\/ar\/wp-json\/wp\/v2\/comments?post=44175"}],"version-history":[{"count":3,"href":"https:\/\/fermesinsac.com\/ar\/wp-json\/wp\/v2\/product\/44175\/revisions"}],"predecessor-version":[{"id":45288,"href":"https:\/\/fermesinsac.com\/ar\/wp-json\/wp\/v2\/product\/44175\/revisions\/45288"}],"wp:featuredmedia":[{"embeddable":true,"href":"https:\/\/fermesinsac.com\/ar\/wp-json\/wp\/v2\/media\/44097"}],"wp:attachment":[{"href":"https:\/\/fermesinsac.com\/ar\/wp-json\/wp\/v2\/media?parent=44175"}],"wp:term":[{"taxonomy":"product_brand","embeddable":true,"href":"https:\/\/fermesinsac.com\/ar\/wp-json\/wp\/v2\/product_brand?post=44175"},{"taxonomy":"product_cat","embeddable":true,"href":"https:\/\/fermesinsac.com\/ar\/wp-json\/wp\/v2\/product_cat?post=44175"},{"taxonomy":"product_tag","embeddable":true,"href":"https:\/\/fermesinsac.com\/ar\/wp-json\/wp\/v2\/product_tag?post=44175"}],"curies":[{"name":"wp","href":"https:\/\/api.w.org\/{rel}","templated":true}]}}