{"id":43712,"date":"2025-02-04T17:15:58","date_gmt":"2025-02-04T16:15:58","guid":{"rendered":"http:\/\/fermesinsac.com\/?post_type=product&#038;p=43712"},"modified":"2025-08-21T17:11:51","modified_gmt":"2025-08-21T15:11:51","slug":"haie-ecologique-pour-oiseaux-et-auxiliaires","status":"publish","type":"product","link":"https:\/\/fermesinsac.com\/ar\/shop\/haie-champetre\/haie-ecologique-pour-oiseaux-et-auxiliaires\/","title":{"rendered":"Haie \u00e9cologique pour oiseaux et auxiliaires"},"content":{"rendered":"<p>Haie \u00e9cologique pour oiseaux et auxiliaires comprenant 20 esp\u00e8ces d&#8217;arbustes utiles \u00e0 la faune et aux oiseaux et \u00e9galement d\u00e9coratives en toutes saisons.<\/p>\n<p>Les haies champ\u00eatres sont des barri\u00e8res naturelles pour retenir la terre et \u00e9viter les coul\u00e9s de boues lors des grandes pluies hivernales. Elles se plantent en bout de champs sur l aval du terrain.<\/p>\n<p>Le prix comprend: Scion en racines nues de 18 \u00e0 24 mois pour une meilleure reprise \u00e0 la plantation en provenance de p\u00e9pini\u00e8res locales et lab\u00e9lis\u00e9s AB, la plantation sur nos terrain, le paillage et l entretien de l&#8217;arbre pendant 20 ans.<\/p>\n<p>Nous plantons les arbres achet\u00e9s <strong>sur nos terrains<\/strong> et nous vous envoyons une facture de compensation carbone avec le lieu de plantation de vos arbres. <\/p>\n<p>Nous vous engageons \u00e0 venir \u00e0 notre rencontre pour voir nos vergers et for\u00eats plant\u00e9s.<\/p>","protected":false},"excerpt":{"rendered":"<div class=\"woocommerce-product-details__short-description\">\n<p>Haie \u00e9cologique pour oiseaux et auxiliaires comprenant 20 esp\u00e8ces d&#8217;arbustes utiles \u00e0 la faune et aux oiseaux et \u00e9galement d\u00e9coratives en toutes saisons.<\/p><\/div>\n<div class=\"woocommerce-product-details__short-description\">20 scions en racines nues de 18 \u00e0 24 mois pour une meilleure reprise \u00e0 la plantation.<\/div>\n<p><\/p>\n<div class=\"woocommerce-product-details__short-description\">Permettant une facture de compensation carbone pour vous ou votre entreprise, les arbres sont plant\u00e9s sur un de nos terrains.<\/p>\n<p>\u00a0<\/p>\n<\/div>","protected":false},"featured_media":43711,"comment_status":"open","ping_status":"closed","template":"","meta":{"_price":"360.00","_stock":"99","_tribe_ticket_header":"","_tribe_default_ticket_provider":"","_tribe_ticket_capacity":"100","_ticket_start_date":"","_ticket_end_date":"","_tribe_ticket_show_description":"","_tribe_ticket_show_not_going":false,"_tribe_ticket_use_global_stock":"","_tribe_ticket_global_stock_level":"","_global_stock_mode":"","_global_stock_cap":"","_tribe_rsvp_for_event":"","_tribe_ticket_going_count":"","_tribe_ticket_not_going_count":"","_tribe_tickets_list":"[]","_tribe_ticket_has_attendee_info_fields":false,"jetpack_publicize_message":"","jetpack_publicize_feature_enabled":true,"jetpack_social_post_already_shared":false,"jetpack_social_options":{"image_generator_settings":{"template":"highway","default_image_id":0,"font":"","enabled":false},"version":2}},"product_brand":[],"product_cat":[687],"product_tag":[688],"class_list":{"0":"post-43712","1":"product","2":"type-product","3":"status-publish","4":"has-post-thumbnail","6":"product_cat-haie-champetre","7":"product_tag-haieoiseauxauxiliairesbio","10":"first","11":"instock","12":"virtual","13":"taxable","14":"purchasable","15":"product-type-simple"},"yoast_head":"<!-- This site is optimized with the Yoast SEO plugin v26.6 - https:\/\/yoast.com\/wordpress\/plugins\/seo\/ -->\n<title>Haie \u00e9cologique pour oiseaux et auxiliaires - Ferme Sinsac<\/title>\n<meta name=\"robots\" content=\"index, follow, max-snippet:-1, max-image-preview:large, max-video-preview:-1\" \/>\n<link rel=\"canonical\" href=\"https:\/\/fermesinsac.com\/ar\/shop\/haie-champetre\/haie-ecologique-pour-oiseaux-et-auxiliaires\/\" \/>\n<meta property=\"og:locale\" content=\"ar_AR\" \/>\n<meta property=\"og:type\" content=\"article\" \/>\n<meta property=\"og:title\" content=\"Haie \u00e9cologique pour oiseaux et auxiliaires - Ferme Sinsac\" \/>\n<meta property=\"og:description\" content=\"Haie \u00e9cologique pour oiseaux et auxiliaires comprenant 20 esp\u00e8ces d&#039;arbustes utiles \u00e0 la faune et aux oiseaux et \u00e9galement d\u00e9coratives en toutes saisons.20 scions en racines nues de 18 \u00e0 24 mois pour une meilleure reprise \u00e0 la plantation.Permettant une facture de compensation carbone pour vous ou votre entreprise, les arbres sont plant\u00e9s sur un de nos terrains.\u00a0\" \/>\n<meta property=\"og:url\" content=\"https:\/\/fermesinsac.com\/ar\/shop\/haie-champetre\/haie-ecologique-pour-oiseaux-et-auxiliaires\/\" \/>\n<meta property=\"og:site_name\" content=\"Ferme Sinsac\" \/>\n<meta property=\"article:publisher\" content=\"https:\/\/www.facebook.com\/fermebiosinsac\" \/>\n<meta property=\"article:modified_time\" content=\"2025-08-21T15:11:51+00:00\" \/>\n<meta property=\"og:image\" content=\"https:\/\/fermesinsac.com\/wp-content\/uploads\/2025\/02\/Haie-champetre.webp\" \/>\n\t<meta property=\"og:image:width\" content=\"474\" \/>\n\t<meta property=\"og:image:height\" content=\"294\" \/>\n\t<meta property=\"og:image:type\" content=\"image\/webp\" \/>\n<meta name=\"twitter:card\" content=\"summary_large_image\" \/>\n<meta name=\"twitter:label1\" content=\"\u0648\u0642\u062a \u0627\u0644\u0642\u0631\u0627\u0621\u0629 \u0627\u0644\u0645\u064f\u0642\u062f\u0651\u0631\" \/>\n\t<meta name=\"twitter:data1\" content=\"\u062f\u0642\u064a\u0642\u0629 \u0648\u0627\u062d\u062f\u0629\" \/>\n<script type=\"application\/ld+json\" class=\"yoast-schema-graph\">{\"@context\":\"https:\/\/schema.org\",\"@graph\":[{\"@type\":\"WebPage\",\"@id\":\"https:\/\/fermesinsac.com\/shop\/haie-champetre\/haie-ecologique-pour-oiseaux-et-auxiliaires\/\",\"url\":\"https:\/\/fermesinsac.com\/shop\/haie-champetre\/haie-ecologique-pour-oiseaux-et-auxiliaires\/\",\"name\":\"Haie \u00e9cologique pour oiseaux et auxiliaires - Ferme Sinsac\",\"isPartOf\":{\"@id\":\"https:\/\/fermesinsac.com\/#website\"},\"primaryImageOfPage\":{\"@id\":\"https:\/\/fermesinsac.com\/shop\/haie-champetre\/haie-ecologique-pour-oiseaux-et-auxiliaires\/#primaryimage\"},\"image\":{\"@id\":\"https:\/\/fermesinsac.com\/shop\/haie-champetre\/haie-ecologique-pour-oiseaux-et-auxiliaires\/#primaryimage\"},\"thumbnailUrl\":\"https:\/\/fermesinsac.com\/wp-content\/uploads\/2025\/02\/Haie-champetre.webp\",\"datePublished\":\"2025-02-04T16:15:58+00:00\",\"dateModified\":\"2025-08-21T15:11:51+00:00\",\"breadcrumb\":{\"@id\":\"https:\/\/fermesinsac.com\/shop\/haie-champetre\/haie-ecologique-pour-oiseaux-et-auxiliaires\/#breadcrumb\"},\"inLanguage\":\"ar\",\"potentialAction\":[{\"@type\":\"ReadAction\",\"target\":[\"https:\/\/fermesinsac.com\/shop\/haie-champetre\/haie-ecologique-pour-oiseaux-et-auxiliaires\/\"]}]},{\"@type\":\"ImageObject\",\"inLanguage\":\"ar\",\"@id\":\"https:\/\/fermesinsac.com\/shop\/haie-champetre\/haie-ecologique-pour-oiseaux-et-auxiliaires\/#primaryimage\",\"url\":\"https:\/\/fermesinsac.com\/wp-content\/uploads\/2025\/02\/Haie-champetre.webp\",\"contentUrl\":\"https:\/\/fermesinsac.com\/wp-content\/uploads\/2025\/02\/Haie-champetre.webp\",\"width\":474,\"height\":294},{\"@type\":\"BreadcrumbList\",\"@id\":\"https:\/\/fermesinsac.com\/shop\/haie-champetre\/haie-ecologique-pour-oiseaux-et-auxiliaires\/#breadcrumb\",\"itemListElement\":[{\"@type\":\"ListItem\",\"position\":1,\"name\":\"Accueil\",\"item\":\"https:\/\/fermesinsac.com\/\"},{\"@type\":\"ListItem\",\"position\":2,\"name\":\"Shop\",\"item\":\"https:\/\/fermesinsac.com\/shop\/\"},{\"@type\":\"ListItem\",\"position\":3,\"name\":\"Haie \u00e9cologique pour oiseaux et auxiliaires\"}]},{\"@type\":\"WebSite\",\"@id\":\"https:\/\/fermesinsac.com\/#website\",\"url\":\"https:\/\/fermesinsac.com\/\",\"name\":\"Ferme Sinsac\",\"description\":\"la biodiversit\u00e9 avant tout\",\"publisher\":{\"@id\":\"https:\/\/fermesinsac.com\/#organization\"},\"potentialAction\":[{\"@type\":\"SearchAction\",\"target\":{\"@type\":\"EntryPoint\",\"urlTemplate\":\"https:\/\/fermesinsac.com\/?s={search_term_string}\"},\"query-input\":{\"@type\":\"PropertyValueSpecification\",\"valueRequired\":true,\"valueName\":\"search_term_string\"}}],\"inLanguage\":\"ar\"},{\"@type\":\"Organization\",\"@id\":\"https:\/\/fermesinsac.com\/#organization\",\"name\":\"Ferme Sinsac\",\"url\":\"https:\/\/fermesinsac.com\/\",\"logo\":{\"@type\":\"ImageObject\",\"inLanguage\":\"ar\",\"@id\":\"https:\/\/fermesinsac.com\/#\/schema\/logo\/image\/\",\"url\":\"https:\/\/fermesinsac.com\/wp-content\/uploads\/2025\/01\/cropped-logo-ferme-sinsac-klein.webp\",\"contentUrl\":\"https:\/\/fermesinsac.com\/wp-content\/uploads\/2025\/01\/cropped-logo-ferme-sinsac-klein.webp\",\"width\":512,\"height\":512,\"caption\":\"Ferme Sinsac\"},\"image\":{\"@id\":\"https:\/\/fermesinsac.com\/#\/schema\/logo\/image\/\"},\"sameAs\":[\"https:\/\/www.facebook.com\/fermebiosinsac\",\"https:\/\/www.tiktok.com\/@fermesinsac?lang=nl-NL\",\"https:\/\/www.instagram.com\/fermebiosinsac\/\",\"https:\/\/www.linkedin.com\/company\/31423500\/\"]}]}<\/script>\n<!-- \/ Yoast SEO plugin. -->","yoast_head_json":{"title":"Haie \u00e9cologique pour oiseaux et auxiliaires - Ferme Sinsac","robots":{"index":"index","follow":"follow","max-snippet":"max-snippet:-1","max-image-preview":"max-image-preview:large","max-video-preview":"max-video-preview:-1"},"canonical":"https:\/\/fermesinsac.com\/ar\/shop\/haie-champetre\/haie-ecologique-pour-oiseaux-et-auxiliaires\/","og_locale":"ar_AR","og_type":"article","og_title":"Haie \u00e9cologique pour oiseaux et auxiliaires - Ferme Sinsac","og_description":"Haie \u00e9cologique pour oiseaux et auxiliaires comprenant 20 esp\u00e8ces d'arbustes utiles \u00e0 la faune et aux oiseaux et \u00e9galement d\u00e9coratives en toutes saisons.20 scions en racines nues de 18 \u00e0 24 mois pour une meilleure reprise \u00e0 la plantation.Permettant une facture de compensation carbone pour vous ou votre entreprise, les arbres sont plant\u00e9s sur un de nos terrains.\u00a0","og_url":"https:\/\/fermesinsac.com\/ar\/shop\/haie-champetre\/haie-ecologique-pour-oiseaux-et-auxiliaires\/","og_site_name":"Ferme Sinsac","article_publisher":"https:\/\/www.facebook.com\/fermebiosinsac","article_modified_time":"2025-08-21T15:11:51+00:00","og_image":[{"width":474,"height":294,"url":"https:\/\/fermesinsac.com\/wp-content\/uploads\/2025\/02\/Haie-champetre.webp","type":"image\/webp"}],"twitter_card":"summary_large_image","twitter_misc":{"\u0648\u0642\u062a \u0627\u0644\u0642\u0631\u0627\u0621\u0629 \u0627\u0644\u0645\u064f\u0642\u062f\u0651\u0631":"\u062f\u0642\u064a\u0642\u0629 \u0648\u0627\u062d\u062f\u0629"},"schema":{"@context":"https:\/\/schema.org","@graph":[{"@type":"WebPage","@id":"https:\/\/fermesinsac.com\/shop\/haie-champetre\/haie-ecologique-pour-oiseaux-et-auxiliaires\/","url":"https:\/\/fermesinsac.com\/shop\/haie-champetre\/haie-ecologique-pour-oiseaux-et-auxiliaires\/","name":"Haie \u00e9cologique pour oiseaux et auxiliaires - Ferme Sinsac","isPartOf":{"@id":"https:\/\/fermesinsac.com\/#website"},"primaryImageOfPage":{"@id":"https:\/\/fermesinsac.com\/shop\/haie-champetre\/haie-ecologique-pour-oiseaux-et-auxiliaires\/#primaryimage"},"image":{"@id":"https:\/\/fermesinsac.com\/shop\/haie-champetre\/haie-ecologique-pour-oiseaux-et-auxiliaires\/#primaryimage"},"thumbnailUrl":"https:\/\/fermesinsac.com\/wp-content\/uploads\/2025\/02\/Haie-champetre.webp","datePublished":"2025-02-04T16:15:58+00:00","dateModified":"2025-08-21T15:11:51+00:00","breadcrumb":{"@id":"https:\/\/fermesinsac.com\/shop\/haie-champetre\/haie-ecologique-pour-oiseaux-et-auxiliaires\/#breadcrumb"},"inLanguage":"ar","potentialAction":[{"@type":"ReadAction","target":["https:\/\/fermesinsac.com\/shop\/haie-champetre\/haie-ecologique-pour-oiseaux-et-auxiliaires\/"]}]},{"@type":"ImageObject","inLanguage":"ar","@id":"https:\/\/fermesinsac.com\/shop\/haie-champetre\/haie-ecologique-pour-oiseaux-et-auxiliaires\/#primaryimage","url":"https:\/\/fermesinsac.com\/wp-content\/uploads\/2025\/02\/Haie-champetre.webp","contentUrl":"https:\/\/fermesinsac.com\/wp-content\/uploads\/2025\/02\/Haie-champetre.webp","width":474,"height":294},{"@type":"BreadcrumbList","@id":"https:\/\/fermesinsac.com\/shop\/haie-champetre\/haie-ecologique-pour-oiseaux-et-auxiliaires\/#breadcrumb","itemListElement":[{"@type":"ListItem","position":1,"name":"Accueil","item":"https:\/\/fermesinsac.com\/"},{"@type":"ListItem","position":2,"name":"Shop","item":"https:\/\/fermesinsac.com\/shop\/"},{"@type":"ListItem","position":3,"name":"Haie \u00e9cologique pour oiseaux et auxiliaires"}]},{"@type":"WebSite","@id":"https:\/\/fermesinsac.com\/#website","url":"https:\/\/fermesinsac.com\/","name":"Ferme Sinsac","description":"la biodiversit\u00e9 avant tout","publisher":{"@id":"https:\/\/fermesinsac.com\/#organization"},"potentialAction":[{"@type":"SearchAction","target":{"@type":"EntryPoint","urlTemplate":"https:\/\/fermesinsac.com\/?s={search_term_string}"},"query-input":{"@type":"PropertyValueSpecification","valueRequired":true,"valueName":"search_term_string"}}],"inLanguage":"ar"},{"@type":"Organization","@id":"https:\/\/fermesinsac.com\/#organization","name":"Ferme Sinsac","url":"https:\/\/fermesinsac.com\/","logo":{"@type":"ImageObject","inLanguage":"ar","@id":"https:\/\/fermesinsac.com\/#\/schema\/logo\/image\/","url":"https:\/\/fermesinsac.com\/wp-content\/uploads\/2025\/01\/cropped-logo-ferme-sinsac-klein.webp","contentUrl":"https:\/\/fermesinsac.com\/wp-content\/uploads\/2025\/01\/cropped-logo-ferme-sinsac-klein.webp","width":512,"height":512,"caption":"Ferme Sinsac"},"image":{"@id":"https:\/\/fermesinsac.com\/#\/schema\/logo\/image\/"},"sameAs":["https:\/\/www.facebook.com\/fermebiosinsac","https:\/\/www.tiktok.com\/@fermesinsac?lang=nl-NL","https:\/\/www.instagram.com\/fermebiosinsac\/","https:\/\/www.linkedin.com\/company\/31423500\/"]}]}},"jetpack_publicize_connections":[],"jetpack_sharing_enabled":true,"_links":{"self":[{"href":"https:\/\/fermesinsac.com\/ar\/wp-json\/wp\/v2\/product\/43712","targetHints":{"allow":["GET"]}}],"collection":[{"href":"https:\/\/fermesinsac.com\/ar\/wp-json\/wp\/v2\/product"}],"about":[{"href":"https:\/\/fermesinsac.com\/ar\/wp-json\/wp\/v2\/types\/product"}],"replies":[{"embeddable":true,"href":"https:\/\/fermesinsac.com\/ar\/wp-json\/wp\/v2\/comments?post=43712"}],"version-history":[{"count":8,"href":"https:\/\/fermesinsac.com\/ar\/wp-json\/wp\/v2\/product\/43712\/revisions"}],"predecessor-version":[{"id":44935,"href":"https:\/\/fermesinsac.com\/ar\/wp-json\/wp\/v2\/product\/43712\/revisions\/44935"}],"wp:featuredmedia":[{"embeddable":true,"href":"https:\/\/fermesinsac.com\/ar\/wp-json\/wp\/v2\/media\/43711"}],"wp:attachment":[{"href":"https:\/\/fermesinsac.com\/ar\/wp-json\/wp\/v2\/media?parent=43712"}],"wp:term":[{"taxonomy":"product_brand","embeddable":true,"href":"https:\/\/fermesinsac.com\/ar\/wp-json\/wp\/v2\/product_brand?post=43712"},{"taxonomy":"product_cat","embeddable":true,"href":"https:\/\/fermesinsac.com\/ar\/wp-json\/wp\/v2\/product_cat?post=43712"},{"taxonomy":"product_tag","embeddable":true,"href":"https:\/\/fermesinsac.com\/ar\/wp-json\/wp\/v2\/product_tag?post=43712"}],"curies":[{"name":"wp","href":"https:\/\/api.w.org\/{rel}","templated":true}]}}