{"id":42808,"date":"2024-11-23T18:24:36","date_gmt":"2024-11-23T17:24:36","guid":{"rendered":"http:\/\/fermesinsac.com\/?post_type=product&#038;p=42808"},"modified":"2026-04-05T19:12:13","modified_gmt":"2026-04-05T17:12:13","slug":"oeuf-frais-d-oies","status":"publish","type":"product","link":"https:\/\/fermesinsac.com\/ar\/shop\/oeufs-frais\/oeuf-frais-d-oies\/","title":{"rendered":"Oeuf frais d&#8217;Oies"},"content":{"rendered":"<p>Nos oeufs frais d&#8217;Oies<\/p>\n<p>Nos Oies sont de fid\u00e8les compagnes qui entretiennent les chemins enherb\u00e9s de la ferme. Ici il n&#8217;y a pas de cl\u00f4tures, elles marchent en colonne \u00e0 leur gr\u00e9 et mangent ce qui leur pla\u00eet. Le soir, elles rentrent passer la nuit en s\u00e9curit\u00e9 sur notre \u00e9tang. Elles choisissent quand elles rentrent et quand elle repartent aux champs.<\/p>\n<p>A la saison, nous les laissons faire elles-m\u00eames leurs nids et choisir leurs emplacements. Nous venons tous les jours prendre les oeufs frais (mais pas tous !) et nous marquons ceux laiss\u00e9s pour quelles puissent couver. Nous avons eu 3 naissances en 2023.<\/p>\n<p>\u00a0<\/p>","protected":false},"excerpt":{"rendered":"<p>Commandez sur pourdebon <a href=\"https:\/\/www.pourdebon.com\/ferme-sinsac-s778\">https:\/\/www.pourdebon.com\/ferme-sinsac-s778<\/a><\/p>\n<div class=\"woocommerce-product-details__short-description\">Nos oeufs frais d&#8217;oies font environ 150 grs, ils peuvent aller jusqu&#8217;\u00e0 180 grs chacun. Ils sont exp\u00e9di\u00e9s le jour de la ponte et jusqu&#8217;\u00e0 3 jours apr\u00e8s, ce qui en fait des oeufs extra frais \u00e0 la livraison chez vous.Ils sont vendus par 6 oeufs.<\/p>\n<\/div>","protected":false},"featured_media":43484,"comment_status":"open","ping_status":"closed","template":"","meta":{"_price":"10","_stock":null,"_tribe_ticket_header":"","_tribe_default_ticket_provider":"","_tribe_ticket_capacity":"1","_ticket_start_date":"","_ticket_end_date":"","_tribe_ticket_show_description":"","_tribe_ticket_show_not_going":false,"_tribe_ticket_use_global_stock":"","_tribe_ticket_global_stock_level":"","_global_stock_mode":"","_global_stock_cap":"","_tribe_rsvp_for_event":"","_tribe_ticket_going_count":"","_tribe_ticket_not_going_count":"","_tribe_tickets_list":"[]","_tribe_ticket_has_attendee_info_fields":false,"jetpack_publicize_message":"","jetpack_publicize_feature_enabled":true,"jetpack_social_post_already_shared":false,"jetpack_social_options":{"image_generator_settings":{"template":"highway","default_image_id":0,"font":"","enabled":false},"version":2}},"product_brand":[],"product_cat":[677],"product_tag":[678,600],"class_list":{"0":"post-42808","1":"product","2":"type-product","3":"status-publish","4":"has-post-thumbnail","6":"product_cat-oeufs-frais","7":"product_tag-oies","8":"product_tag-production","11":"first","12":"outofstock","13":"taxable","14":"shipping-taxable","15":"purchasable","16":"product-type-simple"},"yoast_head":"<!-- This site is optimized with the Yoast SEO plugin v26.6 - https:\/\/yoast.com\/wordpress\/plugins\/seo\/ -->\n<title>Oeuf frais d&#039;Oies - Ferme Sinsac<\/title>\n<meta name=\"robots\" content=\"index, follow, max-snippet:-1, max-image-preview:large, max-video-preview:-1\" \/>\n<link rel=\"canonical\" href=\"https:\/\/fermesinsac.com\/ar\/shop\/oeufs-frais\/oeuf-frais-d-oies\/\" \/>\n<meta property=\"og:locale\" content=\"ar_AR\" \/>\n<meta property=\"og:type\" content=\"article\" \/>\n<meta property=\"og:title\" content=\"Oeuf frais d&#039;Oies - Ferme Sinsac\" \/>\n<meta property=\"og:description\" content=\"Commandez sur pourdebon https:\/\/www.pourdebon.com\/ferme-sinsac-s778Nos oeufs frais d&#039;oies font environ 150 grs, ils peuvent aller jusqu&#039;\u00e0 180 grs chacun. Ils sont exp\u00e9di\u00e9s le jour de la ponte et jusqu&#039;\u00e0 3 jours apr\u00e8s, ce qui en fait des oeufs extra frais \u00e0 la livraison chez vous.Ils sont vendus par 6 oeufs.\" \/>\n<meta property=\"og:url\" content=\"https:\/\/fermesinsac.com\/ar\/shop\/oeufs-frais\/oeuf-frais-d-oies\/\" \/>\n<meta property=\"og:site_name\" content=\"Ferme Sinsac\" \/>\n<meta property=\"article:publisher\" content=\"https:\/\/www.facebook.com\/fermebiosinsac\" \/>\n<meta property=\"article:modified_time\" content=\"2026-04-05T17:12:13+00:00\" \/>\n<meta property=\"og:image\" content=\"https:\/\/fermesinsac.com\/wp-content\/uploads\/2024\/11\/oeuf-d-oies-2023.webp\" \/>\n\t<meta property=\"og:image:width\" content=\"1920\" \/>\n\t<meta property=\"og:image:height\" content=\"1440\" \/>\n\t<meta property=\"og:image:type\" content=\"image\/webp\" \/>\n<meta name=\"twitter:card\" content=\"summary_large_image\" \/>\n<meta name=\"twitter:label1\" content=\"\u0648\u0642\u062a \u0627\u0644\u0642\u0631\u0627\u0621\u0629 \u0627\u0644\u0645\u064f\u0642\u062f\u0651\u0631\" \/>\n\t<meta name=\"twitter:data1\" content=\"\u062f\u0642\u064a\u0642\u0629 \u0648\u0627\u062d\u062f\u0629\" \/>\n<script type=\"application\/ld+json\" class=\"yoast-schema-graph\">{\"@context\":\"https:\/\/schema.org\",\"@graph\":[{\"@type\":\"WebPage\",\"@id\":\"https:\/\/fermesinsac.com\/shop\/oeufs-frais\/oeuf-frais-d-oies\/\",\"url\":\"https:\/\/fermesinsac.com\/shop\/oeufs-frais\/oeuf-frais-d-oies\/\",\"name\":\"Oeuf frais d'Oies - Ferme Sinsac\",\"isPartOf\":{\"@id\":\"https:\/\/fermesinsac.com\/#website\"},\"primaryImageOfPage\":{\"@id\":\"https:\/\/fermesinsac.com\/shop\/oeufs-frais\/oeuf-frais-d-oies\/#primaryimage\"},\"image\":{\"@id\":\"https:\/\/fermesinsac.com\/shop\/oeufs-frais\/oeuf-frais-d-oies\/#primaryimage\"},\"thumbnailUrl\":\"https:\/\/fermesinsac.com\/wp-content\/uploads\/2024\/11\/oeuf-d-oies-2023.webp\",\"datePublished\":\"2024-11-23T17:24:36+00:00\",\"dateModified\":\"2026-04-05T17:12:13+00:00\",\"breadcrumb\":{\"@id\":\"https:\/\/fermesinsac.com\/shop\/oeufs-frais\/oeuf-frais-d-oies\/#breadcrumb\"},\"inLanguage\":\"ar\",\"potentialAction\":[{\"@type\":\"ReadAction\",\"target\":[\"https:\/\/fermesinsac.com\/shop\/oeufs-frais\/oeuf-frais-d-oies\/\"]}]},{\"@type\":\"ImageObject\",\"inLanguage\":\"ar\",\"@id\":\"https:\/\/fermesinsac.com\/shop\/oeufs-frais\/oeuf-frais-d-oies\/#primaryimage\",\"url\":\"https:\/\/fermesinsac.com\/wp-content\/uploads\/2024\/11\/oeuf-d-oies-2023.webp\",\"contentUrl\":\"https:\/\/fermesinsac.com\/wp-content\/uploads\/2024\/11\/oeuf-d-oies-2023.webp\",\"width\":1920,\"height\":1440},{\"@type\":\"BreadcrumbList\",\"@id\":\"https:\/\/fermesinsac.com\/shop\/oeufs-frais\/oeuf-frais-d-oies\/#breadcrumb\",\"itemListElement\":[{\"@type\":\"ListItem\",\"position\":1,\"name\":\"Accueil\",\"item\":\"https:\/\/fermesinsac.com\/\"},{\"@type\":\"ListItem\",\"position\":2,\"name\":\"Shop\",\"item\":\"https:\/\/fermesinsac.com\/shop\/\"},{\"@type\":\"ListItem\",\"position\":3,\"name\":\"Oeuf frais d&#8217;Oies\"}]},{\"@type\":\"WebSite\",\"@id\":\"https:\/\/fermesinsac.com\/#website\",\"url\":\"https:\/\/fermesinsac.com\/\",\"name\":\"Ferme Sinsac\",\"description\":\"la biodiversit\u00e9 avant tout\",\"publisher\":{\"@id\":\"https:\/\/fermesinsac.com\/#organization\"},\"potentialAction\":[{\"@type\":\"SearchAction\",\"target\":{\"@type\":\"EntryPoint\",\"urlTemplate\":\"https:\/\/fermesinsac.com\/?s={search_term_string}\"},\"query-input\":{\"@type\":\"PropertyValueSpecification\",\"valueRequired\":true,\"valueName\":\"search_term_string\"}}],\"inLanguage\":\"ar\"},{\"@type\":\"Organization\",\"@id\":\"https:\/\/fermesinsac.com\/#organization\",\"name\":\"Ferme Sinsac\",\"url\":\"https:\/\/fermesinsac.com\/\",\"logo\":{\"@type\":\"ImageObject\",\"inLanguage\":\"ar\",\"@id\":\"https:\/\/fermesinsac.com\/#\/schema\/logo\/image\/\",\"url\":\"https:\/\/fermesinsac.com\/wp-content\/uploads\/2025\/01\/cropped-logo-ferme-sinsac-klein.webp\",\"contentUrl\":\"https:\/\/fermesinsac.com\/wp-content\/uploads\/2025\/01\/cropped-logo-ferme-sinsac-klein.webp\",\"width\":512,\"height\":512,\"caption\":\"Ferme Sinsac\"},\"image\":{\"@id\":\"https:\/\/fermesinsac.com\/#\/schema\/logo\/image\/\"},\"sameAs\":[\"https:\/\/www.facebook.com\/fermebiosinsac\",\"https:\/\/www.tiktok.com\/@fermesinsac?lang=nl-NL\",\"https:\/\/www.instagram.com\/fermebiosinsac\/\",\"https:\/\/www.linkedin.com\/company\/31423500\/\"]}]}<\/script>\n<!-- \/ Yoast SEO plugin. -->","yoast_head_json":{"title":"Oeuf frais d'Oies - Ferme Sinsac","robots":{"index":"index","follow":"follow","max-snippet":"max-snippet:-1","max-image-preview":"max-image-preview:large","max-video-preview":"max-video-preview:-1"},"canonical":"https:\/\/fermesinsac.com\/ar\/shop\/oeufs-frais\/oeuf-frais-d-oies\/","og_locale":"ar_AR","og_type":"article","og_title":"Oeuf frais d'Oies - Ferme Sinsac","og_description":"Commandez sur pourdebon https:\/\/www.pourdebon.com\/ferme-sinsac-s778Nos oeufs frais d'oies font environ 150 grs, ils peuvent aller jusqu'\u00e0 180 grs chacun. Ils sont exp\u00e9di\u00e9s le jour de la ponte et jusqu'\u00e0 3 jours apr\u00e8s, ce qui en fait des oeufs extra frais \u00e0 la livraison chez vous.Ils sont vendus par 6 oeufs.","og_url":"https:\/\/fermesinsac.com\/ar\/shop\/oeufs-frais\/oeuf-frais-d-oies\/","og_site_name":"Ferme Sinsac","article_publisher":"https:\/\/www.facebook.com\/fermebiosinsac","article_modified_time":"2026-04-05T17:12:13+00:00","og_image":[{"width":1920,"height":1440,"url":"https:\/\/fermesinsac.com\/wp-content\/uploads\/2024\/11\/oeuf-d-oies-2023.webp","type":"image\/webp"}],"twitter_card":"summary_large_image","twitter_misc":{"\u0648\u0642\u062a \u0627\u0644\u0642\u0631\u0627\u0621\u0629 \u0627\u0644\u0645\u064f\u0642\u062f\u0651\u0631":"\u062f\u0642\u064a\u0642\u0629 \u0648\u0627\u062d\u062f\u0629"},"schema":{"@context":"https:\/\/schema.org","@graph":[{"@type":"WebPage","@id":"https:\/\/fermesinsac.com\/shop\/oeufs-frais\/oeuf-frais-d-oies\/","url":"https:\/\/fermesinsac.com\/shop\/oeufs-frais\/oeuf-frais-d-oies\/","name":"Oeuf frais d'Oies - Ferme Sinsac","isPartOf":{"@id":"https:\/\/fermesinsac.com\/#website"},"primaryImageOfPage":{"@id":"https:\/\/fermesinsac.com\/shop\/oeufs-frais\/oeuf-frais-d-oies\/#primaryimage"},"image":{"@id":"https:\/\/fermesinsac.com\/shop\/oeufs-frais\/oeuf-frais-d-oies\/#primaryimage"},"thumbnailUrl":"https:\/\/fermesinsac.com\/wp-content\/uploads\/2024\/11\/oeuf-d-oies-2023.webp","datePublished":"2024-11-23T17:24:36+00:00","dateModified":"2026-04-05T17:12:13+00:00","breadcrumb":{"@id":"https:\/\/fermesinsac.com\/shop\/oeufs-frais\/oeuf-frais-d-oies\/#breadcrumb"},"inLanguage":"ar","potentialAction":[{"@type":"ReadAction","target":["https:\/\/fermesinsac.com\/shop\/oeufs-frais\/oeuf-frais-d-oies\/"]}]},{"@type":"ImageObject","inLanguage":"ar","@id":"https:\/\/fermesinsac.com\/shop\/oeufs-frais\/oeuf-frais-d-oies\/#primaryimage","url":"https:\/\/fermesinsac.com\/wp-content\/uploads\/2024\/11\/oeuf-d-oies-2023.webp","contentUrl":"https:\/\/fermesinsac.com\/wp-content\/uploads\/2024\/11\/oeuf-d-oies-2023.webp","width":1920,"height":1440},{"@type":"BreadcrumbList","@id":"https:\/\/fermesinsac.com\/shop\/oeufs-frais\/oeuf-frais-d-oies\/#breadcrumb","itemListElement":[{"@type":"ListItem","position":1,"name":"Accueil","item":"https:\/\/fermesinsac.com\/"},{"@type":"ListItem","position":2,"name":"Shop","item":"https:\/\/fermesinsac.com\/shop\/"},{"@type":"ListItem","position":3,"name":"Oeuf frais d&#8217;Oies"}]},{"@type":"WebSite","@id":"https:\/\/fermesinsac.com\/#website","url":"https:\/\/fermesinsac.com\/","name":"Ferme Sinsac","description":"la biodiversit\u00e9 avant tout","publisher":{"@id":"https:\/\/fermesinsac.com\/#organization"},"potentialAction":[{"@type":"SearchAction","target":{"@type":"EntryPoint","urlTemplate":"https:\/\/fermesinsac.com\/?s={search_term_string}"},"query-input":{"@type":"PropertyValueSpecification","valueRequired":true,"valueName":"search_term_string"}}],"inLanguage":"ar"},{"@type":"Organization","@id":"https:\/\/fermesinsac.com\/#organization","name":"Ferme Sinsac","url":"https:\/\/fermesinsac.com\/","logo":{"@type":"ImageObject","inLanguage":"ar","@id":"https:\/\/fermesinsac.com\/#\/schema\/logo\/image\/","url":"https:\/\/fermesinsac.com\/wp-content\/uploads\/2025\/01\/cropped-logo-ferme-sinsac-klein.webp","contentUrl":"https:\/\/fermesinsac.com\/wp-content\/uploads\/2025\/01\/cropped-logo-ferme-sinsac-klein.webp","width":512,"height":512,"caption":"Ferme Sinsac"},"image":{"@id":"https:\/\/fermesinsac.com\/#\/schema\/logo\/image\/"},"sameAs":["https:\/\/www.facebook.com\/fermebiosinsac","https:\/\/www.tiktok.com\/@fermesinsac?lang=nl-NL","https:\/\/www.instagram.com\/fermebiosinsac\/","https:\/\/www.linkedin.com\/company\/31423500\/"]}]}},"jetpack_publicize_connections":[],"jetpack_sharing_enabled":true,"_links":{"self":[{"href":"https:\/\/fermesinsac.com\/ar\/wp-json\/wp\/v2\/product\/42808","targetHints":{"allow":["GET"]}}],"collection":[{"href":"https:\/\/fermesinsac.com\/ar\/wp-json\/wp\/v2\/product"}],"about":[{"href":"https:\/\/fermesinsac.com\/ar\/wp-json\/wp\/v2\/types\/product"}],"replies":[{"embeddable":true,"href":"https:\/\/fermesinsac.com\/ar\/wp-json\/wp\/v2\/comments?post=42808"}],"version-history":[{"count":6,"href":"https:\/\/fermesinsac.com\/ar\/wp-json\/wp\/v2\/product\/42808\/revisions"}],"predecessor-version":[{"id":45287,"href":"https:\/\/fermesinsac.com\/ar\/wp-json\/wp\/v2\/product\/42808\/revisions\/45287"}],"wp:featuredmedia":[{"embeddable":true,"href":"https:\/\/fermesinsac.com\/ar\/wp-json\/wp\/v2\/media\/43484"}],"wp:attachment":[{"href":"https:\/\/fermesinsac.com\/ar\/wp-json\/wp\/v2\/media?parent=42808"}],"wp:term":[{"taxonomy":"product_brand","embeddable":true,"href":"https:\/\/fermesinsac.com\/ar\/wp-json\/wp\/v2\/product_brand?post=42808"},{"taxonomy":"product_cat","embeddable":true,"href":"https:\/\/fermesinsac.com\/ar\/wp-json\/wp\/v2\/product_cat?post=42808"},{"taxonomy":"product_tag","embeddable":true,"href":"https:\/\/fermesinsac.com\/ar\/wp-json\/wp\/v2\/product_tag?post=42808"}],"curies":[{"name":"wp","href":"https:\/\/api.w.org\/{rel}","templated":true}]}}