{"id":45138,"date":"2025-11-29T10:38:29","date_gmt":"2025-11-29T09:38:29","guid":{"rendered":"https:\/\/fermesinsac.com\/?post_type=product&#038;p=45138"},"modified":"2025-11-29T10:46:05","modified_gmt":"2025-11-29T09:46:05","slug":"carte-cadeaux","status":"publish","type":"product","link":"https:\/\/fermesinsac.com\/af\/shop\/autre\/carte-cadeaux\/","title":{"rendered":"Carte cadeaux"},"content":{"rendered":"<p>Comment \u00e7a marche ? Vous achetez une carte cadeaux du montant de votre choix, apr\u00e8s validation de votre commande, vous recevrez le code promo \u00e0 utiliser lors de votre prochain achat ainsi que le pdf de la carte cadeaux \u00e0 imprimer chez vous ou \u00e0 envoyer par email \u00e0 vos proches.<\/p>","protected":false},"excerpt":{"rendered":"<p>Vous ne savez pas quoi offrir \u00e0 No\u00ebl ? Offrez une carte cadeau \u00e0 vos proches et laissez les choisir ce qui leur fait plaisir. Nos d\u00e9lices sont en livraison dans toute la France gratuitement \u00e0 partir de 45\u20ac d achat.<\/p>","protected":false},"featured_media":45139,"comment_status":"open","ping_status":"closed","template":"","meta":{"_price":"10","_stock":"","_tribe_ticket_header":"","_tribe_default_ticket_provider":"","_tribe_ticket_capacity":"0","_ticket_start_date":"","_ticket_end_date":"","_tribe_ticket_show_description":"","_tribe_ticket_show_not_going":false,"_tribe_ticket_use_global_stock":"","_tribe_ticket_global_stock_level":"","_global_stock_mode":"","_global_stock_cap":"","_tribe_rsvp_for_event":"","_tribe_ticket_going_count":"","_tribe_ticket_not_going_count":"","_tribe_tickets_list":"[]","_tribe_ticket_has_attendee_info_fields":false,"jetpack_publicize_message":"","jetpack_publicize_feature_enabled":true,"jetpack_social_post_already_shared":true,"jetpack_social_options":{"image_generator_settings":{"template":"highway","default_image_id":0,"font":"","enabled":false},"version":2}},"product_brand":[717],"product_cat":[629,741],"product_tag":[],"class_list":{"0":"post-45138","1":"product","2":"type-product","3":"status-publish","4":"has-post-thumbnail","6":"product_brand-ferme_sinsac","7":"product_cat-autre","8":"product_cat-vitrine-de-noel-et-cadeaux","11":"first","12":"instock","13":"downloadable","14":"virtual","15":"taxable","16":"purchasable","17":"product-type-simple"},"yoast_head":"<!-- This site is optimized with the Yoast SEO plugin v26.6 - https:\/\/yoast.com\/wordpress\/plugins\/seo\/ -->\n<title>Carte cadeaux - Ferme Sinsac<\/title>\n<meta name=\"robots\" content=\"index, follow, max-snippet:-1, max-image-preview:large, max-video-preview:-1\" \/>\n<link rel=\"canonical\" href=\"https:\/\/fermesinsac.com\/af\/shop\/autre\/carte-cadeaux\/\" \/>\n<meta property=\"og:locale\" content=\"en_US\" \/>\n<meta property=\"og:type\" content=\"article\" \/>\n<meta property=\"og:title\" content=\"Carte cadeaux - Ferme Sinsac\" \/>\n<meta property=\"og:description\" content=\"Vous ne savez pas quoi offrir \u00e0 No\u00ebl ? Offrez une carte cadeau \u00e0 vos proches et laissez les choisir ce qui leur fait plaisir. Nos d\u00e9lices sont en livraison dans toute la France gratuitement \u00e0 partir de 45\u20ac d achat.\" \/>\n<meta property=\"og:url\" content=\"https:\/\/fermesinsac.com\/af\/shop\/autre\/carte-cadeaux\/\" \/>\n<meta property=\"og:site_name\" content=\"Ferme Sinsac\" \/>\n<meta property=\"article:publisher\" content=\"https:\/\/www.facebook.com\/fermebiosinsac\" \/>\n<meta property=\"article:modified_time\" content=\"2025-11-29T09:46:05+00:00\" \/>\n<meta property=\"og:image\" content=\"https:\/\/fermesinsac.com\/wp-content\/uploads\/2025\/11\/carte-cadeau.jpg\" \/>\n\t<meta property=\"og:image:width\" content=\"1854\" \/>\n\t<meta property=\"og:image:height\" content=\"1232\" \/>\n\t<meta property=\"og:image:type\" content=\"image\/jpeg\" \/>\n<meta name=\"twitter:card\" content=\"summary_large_image\" \/>\n<script type=\"application\/ld+json\" class=\"yoast-schema-graph\">{\"@context\":\"https:\/\/schema.org\",\"@graph\":[{\"@type\":\"WebPage\",\"@id\":\"https:\/\/fermesinsac.com\/shop\/autre\/carte-cadeaux\/\",\"url\":\"https:\/\/fermesinsac.com\/shop\/autre\/carte-cadeaux\/\",\"name\":\"Carte cadeaux - Ferme Sinsac\",\"isPartOf\":{\"@id\":\"https:\/\/fermesinsac.com\/#website\"},\"primaryImageOfPage\":{\"@id\":\"https:\/\/fermesinsac.com\/shop\/autre\/carte-cadeaux\/#primaryimage\"},\"image\":{\"@id\":\"https:\/\/fermesinsac.com\/shop\/autre\/carte-cadeaux\/#primaryimage\"},\"thumbnailUrl\":\"https:\/\/fermesinsac.com\/wp-content\/uploads\/2025\/11\/carte-cadeau.jpg\",\"datePublished\":\"2025-11-29T09:38:29+00:00\",\"dateModified\":\"2025-11-29T09:46:05+00:00\",\"breadcrumb\":{\"@id\":\"https:\/\/fermesinsac.com\/shop\/autre\/carte-cadeaux\/#breadcrumb\"},\"inLanguage\":\"af-ZA\",\"potentialAction\":[{\"@type\":\"ReadAction\",\"target\":[\"https:\/\/fermesinsac.com\/shop\/autre\/carte-cadeaux\/\"]}]},{\"@type\":\"ImageObject\",\"inLanguage\":\"af-ZA\",\"@id\":\"https:\/\/fermesinsac.com\/shop\/autre\/carte-cadeaux\/#primaryimage\",\"url\":\"https:\/\/fermesinsac.com\/wp-content\/uploads\/2025\/11\/carte-cadeau.jpg\",\"contentUrl\":\"https:\/\/fermesinsac.com\/wp-content\/uploads\/2025\/11\/carte-cadeau.jpg\",\"width\":1854,\"height\":1232,\"caption\":\"cadeau noel fetes amis proches\"},{\"@type\":\"BreadcrumbList\",\"@id\":\"https:\/\/fermesinsac.com\/shop\/autre\/carte-cadeaux\/#breadcrumb\",\"itemListElement\":[{\"@type\":\"ListItem\",\"position\":1,\"name\":\"Accueil\",\"item\":\"https:\/\/fermesinsac.com\/\"},{\"@type\":\"ListItem\",\"position\":2,\"name\":\"Shop\",\"item\":\"https:\/\/fermesinsac.com\/shop\/\"},{\"@type\":\"ListItem\",\"position\":3,\"name\":\"Carte cadeaux\"}]},{\"@type\":\"WebSite\",\"@id\":\"https:\/\/fermesinsac.com\/#website\",\"url\":\"https:\/\/fermesinsac.com\/\",\"name\":\"Ferme Sinsac\",\"description\":\"la biodiversit\u00e9 avant tout\",\"publisher\":{\"@id\":\"https:\/\/fermesinsac.com\/#organization\"},\"potentialAction\":[{\"@type\":\"SearchAction\",\"target\":{\"@type\":\"EntryPoint\",\"urlTemplate\":\"https:\/\/fermesinsac.com\/?s={search_term_string}\"},\"query-input\":{\"@type\":\"PropertyValueSpecification\",\"valueRequired\":true,\"valueName\":\"search_term_string\"}}],\"inLanguage\":\"af-ZA\"},{\"@type\":\"Organization\",\"@id\":\"https:\/\/fermesinsac.com\/#organization\",\"name\":\"Ferme Sinsac\",\"url\":\"https:\/\/fermesinsac.com\/\",\"logo\":{\"@type\":\"ImageObject\",\"inLanguage\":\"af-ZA\",\"@id\":\"https:\/\/fermesinsac.com\/#\/schema\/logo\/image\/\",\"url\":\"https:\/\/fermesinsac.com\/wp-content\/uploads\/2025\/01\/cropped-logo-ferme-sinsac-klein.webp\",\"contentUrl\":\"https:\/\/fermesinsac.com\/wp-content\/uploads\/2025\/01\/cropped-logo-ferme-sinsac-klein.webp\",\"width\":512,\"height\":512,\"caption\":\"Ferme Sinsac\"},\"image\":{\"@id\":\"https:\/\/fermesinsac.com\/#\/schema\/logo\/image\/\"},\"sameAs\":[\"https:\/\/www.facebook.com\/fermebiosinsac\",\"https:\/\/www.tiktok.com\/@fermesinsac?lang=nl-NL\",\"https:\/\/www.instagram.com\/fermebiosinsac\/\",\"https:\/\/www.linkedin.com\/company\/31423500\/\"]}]}<\/script>\n<!-- \/ Yoast SEO plugin. -->","yoast_head_json":{"title":"Carte cadeaux - Ferme Sinsac","robots":{"index":"index","follow":"follow","max-snippet":"max-snippet:-1","max-image-preview":"max-image-preview:large","max-video-preview":"max-video-preview:-1"},"canonical":"https:\/\/fermesinsac.com\/af\/shop\/autre\/carte-cadeaux\/","og_locale":"en_US","og_type":"article","og_title":"Carte cadeaux - Ferme Sinsac","og_description":"Vous ne savez pas quoi offrir \u00e0 No\u00ebl ? Offrez une carte cadeau \u00e0 vos proches et laissez les choisir ce qui leur fait plaisir. Nos d\u00e9lices sont en livraison dans toute la France gratuitement \u00e0 partir de 45\u20ac d achat.","og_url":"https:\/\/fermesinsac.com\/af\/shop\/autre\/carte-cadeaux\/","og_site_name":"Ferme Sinsac","article_publisher":"https:\/\/www.facebook.com\/fermebiosinsac","article_modified_time":"2025-11-29T09:46:05+00:00","og_image":[{"width":1854,"height":1232,"url":"https:\/\/fermesinsac.com\/wp-content\/uploads\/2025\/11\/carte-cadeau.jpg","type":"image\/jpeg"}],"twitter_card":"summary_large_image","schema":{"@context":"https:\/\/schema.org","@graph":[{"@type":"WebPage","@id":"https:\/\/fermesinsac.com\/shop\/autre\/carte-cadeaux\/","url":"https:\/\/fermesinsac.com\/shop\/autre\/carte-cadeaux\/","name":"Carte cadeaux - Ferme Sinsac","isPartOf":{"@id":"https:\/\/fermesinsac.com\/#website"},"primaryImageOfPage":{"@id":"https:\/\/fermesinsac.com\/shop\/autre\/carte-cadeaux\/#primaryimage"},"image":{"@id":"https:\/\/fermesinsac.com\/shop\/autre\/carte-cadeaux\/#primaryimage"},"thumbnailUrl":"https:\/\/fermesinsac.com\/wp-content\/uploads\/2025\/11\/carte-cadeau.jpg","datePublished":"2025-11-29T09:38:29+00:00","dateModified":"2025-11-29T09:46:05+00:00","breadcrumb":{"@id":"https:\/\/fermesinsac.com\/shop\/autre\/carte-cadeaux\/#breadcrumb"},"inLanguage":"af-ZA","potentialAction":[{"@type":"ReadAction","target":["https:\/\/fermesinsac.com\/shop\/autre\/carte-cadeaux\/"]}]},{"@type":"ImageObject","inLanguage":"af-ZA","@id":"https:\/\/fermesinsac.com\/shop\/autre\/carte-cadeaux\/#primaryimage","url":"https:\/\/fermesinsac.com\/wp-content\/uploads\/2025\/11\/carte-cadeau.jpg","contentUrl":"https:\/\/fermesinsac.com\/wp-content\/uploads\/2025\/11\/carte-cadeau.jpg","width":1854,"height":1232,"caption":"cadeau noel fetes amis proches"},{"@type":"BreadcrumbList","@id":"https:\/\/fermesinsac.com\/shop\/autre\/carte-cadeaux\/#breadcrumb","itemListElement":[{"@type":"ListItem","position":1,"name":"Accueil","item":"https:\/\/fermesinsac.com\/"},{"@type":"ListItem","position":2,"name":"Shop","item":"https:\/\/fermesinsac.com\/shop\/"},{"@type":"ListItem","position":3,"name":"Carte cadeaux"}]},{"@type":"WebSite","@id":"https:\/\/fermesinsac.com\/#website","url":"https:\/\/fermesinsac.com\/","name":"Ferme Sinsac","description":"la biodiversit\u00e9 avant tout","publisher":{"@id":"https:\/\/fermesinsac.com\/#organization"},"potentialAction":[{"@type":"SearchAction","target":{"@type":"EntryPoint","urlTemplate":"https:\/\/fermesinsac.com\/?s={search_term_string}"},"query-input":{"@type":"PropertyValueSpecification","valueRequired":true,"valueName":"search_term_string"}}],"inLanguage":"af-ZA"},{"@type":"Organization","@id":"https:\/\/fermesinsac.com\/#organization","name":"Ferme Sinsac","url":"https:\/\/fermesinsac.com\/","logo":{"@type":"ImageObject","inLanguage":"af-ZA","@id":"https:\/\/fermesinsac.com\/#\/schema\/logo\/image\/","url":"https:\/\/fermesinsac.com\/wp-content\/uploads\/2025\/01\/cropped-logo-ferme-sinsac-klein.webp","contentUrl":"https:\/\/fermesinsac.com\/wp-content\/uploads\/2025\/01\/cropped-logo-ferme-sinsac-klein.webp","width":512,"height":512,"caption":"Ferme Sinsac"},"image":{"@id":"https:\/\/fermesinsac.com\/#\/schema\/logo\/image\/"},"sameAs":["https:\/\/www.facebook.com\/fermebiosinsac","https:\/\/www.tiktok.com\/@fermesinsac?lang=nl-NL","https:\/\/www.instagram.com\/fermebiosinsac\/","https:\/\/www.linkedin.com\/company\/31423500\/"]}]}},"jetpack_publicize_connections":[],"jetpack_sharing_enabled":true,"_links":{"self":[{"href":"https:\/\/fermesinsac.com\/af\/wp-json\/wp\/v2\/product\/45138","targetHints":{"allow":["GET"]}}],"collection":[{"href":"https:\/\/fermesinsac.com\/af\/wp-json\/wp\/v2\/product"}],"about":[{"href":"https:\/\/fermesinsac.com\/af\/wp-json\/wp\/v2\/types\/product"}],"replies":[{"embeddable":true,"href":"https:\/\/fermesinsac.com\/af\/wp-json\/wp\/v2\/comments?post=45138"}],"version-history":[{"count":1,"href":"https:\/\/fermesinsac.com\/af\/wp-json\/wp\/v2\/product\/45138\/revisions"}],"predecessor-version":[{"id":45141,"href":"https:\/\/fermesinsac.com\/af\/wp-json\/wp\/v2\/product\/45138\/revisions\/45141"}],"wp:featuredmedia":[{"embeddable":true,"href":"https:\/\/fermesinsac.com\/af\/wp-json\/wp\/v2\/media\/45139"}],"wp:attachment":[{"href":"https:\/\/fermesinsac.com\/af\/wp-json\/wp\/v2\/media?parent=45138"}],"wp:term":[{"taxonomy":"product_brand","embeddable":true,"href":"https:\/\/fermesinsac.com\/af\/wp-json\/wp\/v2\/product_brand?post=45138"},{"taxonomy":"product_cat","embeddable":true,"href":"https:\/\/fermesinsac.com\/af\/wp-json\/wp\/v2\/product_cat?post=45138"},{"taxonomy":"product_tag","embeddable":true,"href":"https:\/\/fermesinsac.com\/af\/wp-json\/wp\/v2\/product_tag?post=45138"}],"curies":[{"name":"wp","href":"https:\/\/api.w.org\/{rel}","templated":true}]}}