{"id":44899,"date":"2025-08-20T19:21:20","date_gmt":"2025-08-20T17:21:20","guid":{"rendered":"https:\/\/fermesinsac.com\/?post_type=product&#038;p=44899"},"modified":"2025-09-12T11:58:27","modified_gmt":"2025-09-12T09:58:27","slug":"certificat-carbone-1-tonne","status":"publish","type":"product","link":"https:\/\/fermesinsac.com\/af\/shop\/compensation-c02\/certificat-carbone-1-tonne\/","title":{"rendered":"Certificat carbone 1 tonne"},"content":{"rendered":"<p>Vous souhaitez compenser vos \u00e9missions de CO2 et soutenir le d\u00e9veloppement d&#8217;une ferme agro-\u00e9cologique qui oeuvre pour la biodiversit\u00e9 en Dordogne: Ce certificat est fait pour vous !<br \/>Nous sommes porteur de projet chez Label Bas Carbone France et Verra.org, notre action est concr\u00e8te et peut \u00eatre visit\u00e9 sur r\u00e9servation. Nous disposons en 2025 d un stock de 17 tonne de C02 et nous continuons a planter.<br \/>Le tarif est revue tous les 6 mois en fonction du cours europ\u00e9en, notre d\u00e9marche est un <strong>projet de s\u00e9questration naturelle<\/strong>.<\/p>","protected":false},"excerpt":{"rendered":"<p>Certificat de compensation d&#8217;emission carbone de type VCS, tarif au cours europ\u00e9en d avril 2025 mis a jour tous les 6 mois<\/p>","protected":false},"featured_media":43567,"comment_status":"closed","ping_status":"closed","template":"","meta":{"_price":"75","_stock":"19","_tribe_ticket_header":"","_tribe_default_ticket_provider":"","_tribe_ticket_capacity":"19","_ticket_start_date":"","_ticket_end_date":"","_tribe_ticket_show_description":"","_tribe_ticket_show_not_going":false,"_tribe_ticket_use_global_stock":"","_tribe_ticket_global_stock_level":"","_global_stock_mode":"","_global_stock_cap":"","_tribe_rsvp_for_event":"","_tribe_ticket_going_count":"","_tribe_ticket_not_going_count":"","_tribe_tickets_list":"[]","_tribe_ticket_has_attendee_info_fields":false,"jetpack_publicize_message":"","jetpack_publicize_feature_enabled":true,"jetpack_social_post_already_shared":true,"jetpack_social_options":{"image_generator_settings":{"template":"highway","default_image_id":0,"font":"","enabled":false},"version":2}},"product_brand":[717],"product_cat":[724],"product_tag":[],"class_list":{"0":"post-44899","1":"product","2":"type-product","3":"status-publish","4":"has-post-thumbnail","6":"product_brand-ferme_sinsac","7":"product_cat-compensation-c02","10":"first","11":"instock","12":"featured","13":"taxable","14":"shipping-taxable","15":"purchasable","16":"product-type-simple"},"yoast_head":"<!-- This site is optimized with the Yoast SEO plugin v26.6 - https:\/\/yoast.com\/wordpress\/plugins\/seo\/ -->\n<title>Certificat carbone 1 tonne - Ferme Sinsac<\/title>\n<meta name=\"robots\" content=\"index, follow, max-snippet:-1, max-image-preview:large, max-video-preview:-1\" \/>\n<link rel=\"canonical\" href=\"https:\/\/fermesinsac.com\/af\/shop\/compensation-c02\/certificat-carbone-1-tonne\/\" \/>\n<meta property=\"og:locale\" content=\"en_US\" \/>\n<meta property=\"og:type\" content=\"article\" \/>\n<meta property=\"og:title\" content=\"Certificat carbone 1 tonne - Ferme Sinsac\" \/>\n<meta property=\"og:description\" content=\"Certificat de compensation d&#039;emission carbone de type VCS, tarif au cours europ\u00e9en d avril 2025 mis a jour tous les 6 mois\" \/>\n<meta property=\"og:url\" content=\"https:\/\/fermesinsac.com\/af\/shop\/compensation-c02\/certificat-carbone-1-tonne\/\" \/>\n<meta property=\"og:site_name\" content=\"Ferme Sinsac\" \/>\n<meta property=\"article:publisher\" content=\"https:\/\/www.facebook.com\/fermebiosinsac\" \/>\n<meta property=\"article:modified_time\" content=\"2025-09-12T09:58:27+00:00\" \/>\n<meta property=\"og:image\" content=\"https:\/\/fermesinsac.com\/wp-content\/uploads\/2025\/01\/Afbeelding-e1738254585169.webp\" \/>\n\t<meta property=\"og:image:width\" content=\"490\" \/>\n\t<meta property=\"og:image:height\" content=\"300\" \/>\n\t<meta property=\"og:image:type\" content=\"image\/webp\" \/>\n<meta name=\"twitter:card\" content=\"summary_large_image\" \/>\n<script type=\"application\/ld+json\" class=\"yoast-schema-graph\">{\"@context\":\"https:\/\/schema.org\",\"@graph\":[{\"@type\":\"WebPage\",\"@id\":\"https:\/\/fermesinsac.com\/shop\/compensation-c02\/certificat-carbone-1-tonne\/\",\"url\":\"https:\/\/fermesinsac.com\/shop\/compensation-c02\/certificat-carbone-1-tonne\/\",\"name\":\"Certificat carbone 1 tonne - Ferme Sinsac\",\"isPartOf\":{\"@id\":\"https:\/\/fermesinsac.com\/#website\"},\"primaryImageOfPage\":{\"@id\":\"https:\/\/fermesinsac.com\/shop\/compensation-c02\/certificat-carbone-1-tonne\/#primaryimage\"},\"image\":{\"@id\":\"https:\/\/fermesinsac.com\/shop\/compensation-c02\/certificat-carbone-1-tonne\/#primaryimage\"},\"thumbnailUrl\":\"https:\/\/fermesinsac.com\/wp-content\/uploads\/2025\/01\/Afbeelding-e1738254585169.webp\",\"datePublished\":\"2025-08-20T17:21:20+00:00\",\"dateModified\":\"2025-09-12T09:58:27+00:00\",\"breadcrumb\":{\"@id\":\"https:\/\/fermesinsac.com\/shop\/compensation-c02\/certificat-carbone-1-tonne\/#breadcrumb\"},\"inLanguage\":\"af-ZA\",\"potentialAction\":[{\"@type\":\"ReadAction\",\"target\":[\"https:\/\/fermesinsac.com\/shop\/compensation-c02\/certificat-carbone-1-tonne\/\"]}]},{\"@type\":\"ImageObject\",\"inLanguage\":\"af-ZA\",\"@id\":\"https:\/\/fermesinsac.com\/shop\/compensation-c02\/certificat-carbone-1-tonne\/#primaryimage\",\"url\":\"https:\/\/fermesinsac.com\/wp-content\/uploads\/2025\/01\/Afbeelding-e1738254585169.webp\",\"contentUrl\":\"https:\/\/fermesinsac.com\/wp-content\/uploads\/2025\/01\/Afbeelding-e1738254585169.webp\",\"width\":490,\"height\":300},{\"@type\":\"BreadcrumbList\",\"@id\":\"https:\/\/fermesinsac.com\/shop\/compensation-c02\/certificat-carbone-1-tonne\/#breadcrumb\",\"itemListElement\":[{\"@type\":\"ListItem\",\"position\":1,\"name\":\"Accueil\",\"item\":\"https:\/\/fermesinsac.com\/\"},{\"@type\":\"ListItem\",\"position\":2,\"name\":\"Shop\",\"item\":\"https:\/\/fermesinsac.com\/shop\/\"},{\"@type\":\"ListItem\",\"position\":3,\"name\":\"Certificat carbone 1 tonne\"}]},{\"@type\":\"WebSite\",\"@id\":\"https:\/\/fermesinsac.com\/#website\",\"url\":\"https:\/\/fermesinsac.com\/\",\"name\":\"Ferme Sinsac\",\"description\":\"la biodiversit\u00e9 avant tout\",\"publisher\":{\"@id\":\"https:\/\/fermesinsac.com\/#organization\"},\"potentialAction\":[{\"@type\":\"SearchAction\",\"target\":{\"@type\":\"EntryPoint\",\"urlTemplate\":\"https:\/\/fermesinsac.com\/?s={search_term_string}\"},\"query-input\":{\"@type\":\"PropertyValueSpecification\",\"valueRequired\":true,\"valueName\":\"search_term_string\"}}],\"inLanguage\":\"af-ZA\"},{\"@type\":\"Organization\",\"@id\":\"https:\/\/fermesinsac.com\/#organization\",\"name\":\"Ferme Sinsac\",\"url\":\"https:\/\/fermesinsac.com\/\",\"logo\":{\"@type\":\"ImageObject\",\"inLanguage\":\"af-ZA\",\"@id\":\"https:\/\/fermesinsac.com\/#\/schema\/logo\/image\/\",\"url\":\"https:\/\/fermesinsac.com\/wp-content\/uploads\/2025\/01\/cropped-logo-ferme-sinsac-klein.webp\",\"contentUrl\":\"https:\/\/fermesinsac.com\/wp-content\/uploads\/2025\/01\/cropped-logo-ferme-sinsac-klein.webp\",\"width\":512,\"height\":512,\"caption\":\"Ferme Sinsac\"},\"image\":{\"@id\":\"https:\/\/fermesinsac.com\/#\/schema\/logo\/image\/\"},\"sameAs\":[\"https:\/\/www.facebook.com\/fermebiosinsac\",\"https:\/\/www.tiktok.com\/@fermesinsac?lang=nl-NL\",\"https:\/\/www.instagram.com\/fermebiosinsac\/\",\"https:\/\/www.linkedin.com\/company\/31423500\/\"]}]}<\/script>\n<!-- \/ Yoast SEO plugin. -->","yoast_head_json":{"title":"Certificat carbone 1 tonne - Ferme Sinsac","robots":{"index":"index","follow":"follow","max-snippet":"max-snippet:-1","max-image-preview":"max-image-preview:large","max-video-preview":"max-video-preview:-1"},"canonical":"https:\/\/fermesinsac.com\/af\/shop\/compensation-c02\/certificat-carbone-1-tonne\/","og_locale":"en_US","og_type":"article","og_title":"Certificat carbone 1 tonne - Ferme Sinsac","og_description":"Certificat de compensation d'emission carbone de type VCS, tarif au cours europ\u00e9en d avril 2025 mis a jour tous les 6 mois","og_url":"https:\/\/fermesinsac.com\/af\/shop\/compensation-c02\/certificat-carbone-1-tonne\/","og_site_name":"Ferme Sinsac","article_publisher":"https:\/\/www.facebook.com\/fermebiosinsac","article_modified_time":"2025-09-12T09:58:27+00:00","og_image":[{"width":490,"height":300,"url":"https:\/\/fermesinsac.com\/wp-content\/uploads\/2025\/01\/Afbeelding-e1738254585169.webp","type":"image\/webp"}],"twitter_card":"summary_large_image","schema":{"@context":"https:\/\/schema.org","@graph":[{"@type":"WebPage","@id":"https:\/\/fermesinsac.com\/shop\/compensation-c02\/certificat-carbone-1-tonne\/","url":"https:\/\/fermesinsac.com\/shop\/compensation-c02\/certificat-carbone-1-tonne\/","name":"Certificat carbone 1 tonne - Ferme Sinsac","isPartOf":{"@id":"https:\/\/fermesinsac.com\/#website"},"primaryImageOfPage":{"@id":"https:\/\/fermesinsac.com\/shop\/compensation-c02\/certificat-carbone-1-tonne\/#primaryimage"},"image":{"@id":"https:\/\/fermesinsac.com\/shop\/compensation-c02\/certificat-carbone-1-tonne\/#primaryimage"},"thumbnailUrl":"https:\/\/fermesinsac.com\/wp-content\/uploads\/2025\/01\/Afbeelding-e1738254585169.webp","datePublished":"2025-08-20T17:21:20+00:00","dateModified":"2025-09-12T09:58:27+00:00","breadcrumb":{"@id":"https:\/\/fermesinsac.com\/shop\/compensation-c02\/certificat-carbone-1-tonne\/#breadcrumb"},"inLanguage":"af-ZA","potentialAction":[{"@type":"ReadAction","target":["https:\/\/fermesinsac.com\/shop\/compensation-c02\/certificat-carbone-1-tonne\/"]}]},{"@type":"ImageObject","inLanguage":"af-ZA","@id":"https:\/\/fermesinsac.com\/shop\/compensation-c02\/certificat-carbone-1-tonne\/#primaryimage","url":"https:\/\/fermesinsac.com\/wp-content\/uploads\/2025\/01\/Afbeelding-e1738254585169.webp","contentUrl":"https:\/\/fermesinsac.com\/wp-content\/uploads\/2025\/01\/Afbeelding-e1738254585169.webp","width":490,"height":300},{"@type":"BreadcrumbList","@id":"https:\/\/fermesinsac.com\/shop\/compensation-c02\/certificat-carbone-1-tonne\/#breadcrumb","itemListElement":[{"@type":"ListItem","position":1,"name":"Accueil","item":"https:\/\/fermesinsac.com\/"},{"@type":"ListItem","position":2,"name":"Shop","item":"https:\/\/fermesinsac.com\/shop\/"},{"@type":"ListItem","position":3,"name":"Certificat carbone 1 tonne"}]},{"@type":"WebSite","@id":"https:\/\/fermesinsac.com\/#website","url":"https:\/\/fermesinsac.com\/","name":"Ferme Sinsac","description":"la biodiversit\u00e9 avant tout","publisher":{"@id":"https:\/\/fermesinsac.com\/#organization"},"potentialAction":[{"@type":"SearchAction","target":{"@type":"EntryPoint","urlTemplate":"https:\/\/fermesinsac.com\/?s={search_term_string}"},"query-input":{"@type":"PropertyValueSpecification","valueRequired":true,"valueName":"search_term_string"}}],"inLanguage":"af-ZA"},{"@type":"Organization","@id":"https:\/\/fermesinsac.com\/#organization","name":"Ferme Sinsac","url":"https:\/\/fermesinsac.com\/","logo":{"@type":"ImageObject","inLanguage":"af-ZA","@id":"https:\/\/fermesinsac.com\/#\/schema\/logo\/image\/","url":"https:\/\/fermesinsac.com\/wp-content\/uploads\/2025\/01\/cropped-logo-ferme-sinsac-klein.webp","contentUrl":"https:\/\/fermesinsac.com\/wp-content\/uploads\/2025\/01\/cropped-logo-ferme-sinsac-klein.webp","width":512,"height":512,"caption":"Ferme Sinsac"},"image":{"@id":"https:\/\/fermesinsac.com\/#\/schema\/logo\/image\/"},"sameAs":["https:\/\/www.facebook.com\/fermebiosinsac","https:\/\/www.tiktok.com\/@fermesinsac?lang=nl-NL","https:\/\/www.instagram.com\/fermebiosinsac\/","https:\/\/www.linkedin.com\/company\/31423500\/"]}]}},"jetpack_publicize_connections":[],"jetpack_sharing_enabled":true,"_links":{"self":[{"href":"https:\/\/fermesinsac.com\/af\/wp-json\/wp\/v2\/product\/44899","targetHints":{"allow":["GET"]}}],"collection":[{"href":"https:\/\/fermesinsac.com\/af\/wp-json\/wp\/v2\/product"}],"about":[{"href":"https:\/\/fermesinsac.com\/af\/wp-json\/wp\/v2\/types\/product"}],"replies":[{"embeddable":true,"href":"https:\/\/fermesinsac.com\/af\/wp-json\/wp\/v2\/comments?post=44899"}],"version-history":[{"count":2,"href":"https:\/\/fermesinsac.com\/af\/wp-json\/wp\/v2\/product\/44899\/revisions"}],"predecessor-version":[{"id":44931,"href":"https:\/\/fermesinsac.com\/af\/wp-json\/wp\/v2\/product\/44899\/revisions\/44931"}],"wp:featuredmedia":[{"embeddable":true,"href":"https:\/\/fermesinsac.com\/af\/wp-json\/wp\/v2\/media\/43567"}],"wp:attachment":[{"href":"https:\/\/fermesinsac.com\/af\/wp-json\/wp\/v2\/media?parent=44899"}],"wp:term":[{"taxonomy":"product_brand","embeddable":true,"href":"https:\/\/fermesinsac.com\/af\/wp-json\/wp\/v2\/product_brand?post=44899"},{"taxonomy":"product_cat","embeddable":true,"href":"https:\/\/fermesinsac.com\/af\/wp-json\/wp\/v2\/product_cat?post=44899"},{"taxonomy":"product_tag","embeddable":true,"href":"https:\/\/fermesinsac.com\/af\/wp-json\/wp\/v2\/product_tag?post=44899"}],"curies":[{"name":"wp","href":"https:\/\/api.w.org\/{rel}","templated":true}]}}