{"id":44872,"date":"2025-07-25T17:01:55","date_gmt":"2025-07-25T15:01:55","guid":{"rendered":"https:\/\/fermesinsac.com\/?post_type=product&#038;p=44872"},"modified":"2026-04-01T18:12:09","modified_gmt":"2026-04-01T16:12:09","slug":"petillant-de-peche","status":"publish","type":"product","link":"https:\/\/fermesinsac.com\/af\/shop\/boissons\/petillant-de-peche\/","title":{"rendered":"Boisson P\u00e9tillante de P\u00eache naturelle fermentation Cocktail sans alcool"},"content":{"rendered":"<p>Boisson P\u00e9tillante aux p\u00eaches sont sans alcool, r\u00e9colt\u00e9s et infus\u00e9s avec du sucre de canne bio et du citron bio. Une fermentation naturelle s&#8217;op\u00e8re ce qui lui conf\u00e8re de fines bulles. Un cocktail sans alcool avec un l\u00e9ger d\u00e9p\u00f4t se forme naturellement. <br \/>Ne pas agiter avant l ouverture. Aucun conservateur, aucun colorant. <\/p>\n<p>Nos p\u00eachers sont men\u00e9s en gobelet avec une forme d arbre naturel et de la taille douce en hiver, nous r\u00e9coltons de juin \u00e0 octobre et c est \u00e0 cette p\u00e9riode uniquement que nous faisons notre P\u00e9tillant. Ce produit de saison est sain, a un parfum d\u00e9licat et comporte toutes les propri\u00e9t\u00e9s b\u00e9n\u00e9fiques de la P\u00eache: am\u00e9liore la digestion, renforcent le syst\u00e8me immunitaire, favorise la perte de poids, et a des propri\u00e9t\u00e9s anti-inflammatoires. <br \/>Tous nos produits sont fabriqu\u00e9s et conditionn\u00e9s a la ferme Sinsac. <\/p>\n<p>Ce n&#8217;est pas du Kombucha, ce n&#8217;est pas du K\u00e9fir, c\u2019est de la fermentation naturelle de fleurs, de plantes et de fruits. Les bulles se forment petit \u00e0 petit gr\u00e2ces aux enzymes contenus naturellement dans les fleurs, les plantes, les fruits et au sucre de canne biologique, elles sont fines et l\u00e9g\u00e8res. Bon pour la flore intestinale, cet P\u00e9tillant\u00a0 contient 37 grs de sucre par bouteille de 75 cl ce qui lui conf\u00e8re de la gourmandise sans exc\u00e8s de sucre. Les P\u00e9tillants\u00a0sont pr\u00eats \u00e0 d\u00e9guster avec des gla\u00e7ons ou en cocktail. Ils ne contiennent pas d alcool et sont rafraichissantes. Chaque fleur et plante a ses propres propri\u00e9t\u00e9s b\u00e9n\u00e9fiques. Cette boisson artisanale ne contient ni colorant, ni conservateur, ni Co2 ajout\u00e9 et se conserve ferm\u00e9 pendant 6 mois. Une fois ouverte, reposer la capsule sur la bouteille, mettre au frais et \u00e0 consommer rapidement. Les fleurs, les plantes et les fruits sont cultiv\u00e9es sur nos terres en agro-\u00e9cologie: une terre pleine de vie. Nous suivons les saisons pour vous proposer des P\u00e9tillants\u00a0atypiques et rafraichissants. Vous trouverez notamment un P\u00e9tillant\u00a0aux fleurs de Mimosa, \u00e0 la verveine citronn\u00e9e, aux fleurs de sureau, au Shiso cette plante japonaise d\u00e9licate, \u00e0 la p\u00eache. Nous d\u00e9veloppons notre gamme toute l&#8217;ann\u00e9e pour vous surprendre.<br \/>Nos l\u00e9gumes et fruits sont en cultiv\u00e9s sur sol vivant sans engrais chimiques, sans pesticides et dans le respect de la biodiversit\u00e9e<\/p>","protected":false},"excerpt":{"rendered":"<div class=\"woocommerce-product-details__short-description\">\n<p>Ce boisson p\u00e9tillante de verveine est compos\u00e9 de:<\/p>\n<p>P\u00eaches cultiv\u00e9es sans engrais, sans pesticides, jus de citron*, sucre de canne*, eau<\/p>\n<p>*produits issus de l agriculture biologique<\/p><\/div>","protected":false},"featured_media":45238,"comment_status":"open","ping_status":"closed","template":"","meta":{"_price":"9.5","_stock":"","_tribe_ticket_header":"","_tribe_default_ticket_provider":"","_tribe_ticket_capacity":"0","_ticket_start_date":"","_ticket_end_date":"","_tribe_ticket_show_description":"","_tribe_ticket_show_not_going":false,"_tribe_ticket_use_global_stock":"","_tribe_ticket_global_stock_level":"","_global_stock_mode":"","_global_stock_cap":"","_tribe_rsvp_for_event":"","_tribe_ticket_going_count":"","_tribe_ticket_not_going_count":"","_tribe_tickets_list":"[]","_tribe_ticket_has_attendee_info_fields":false,"jetpack_publicize_message":"","jetpack_publicize_feature_enabled":true,"jetpack_social_post_already_shared":true,"jetpack_social_options":{"image_generator_settings":{"template":"highway","default_image_id":0,"font":"","enabled":false},"version":2}},"product_brand":[717],"product_cat":[722],"product_tag":[733],"class_list":{"0":"post-44872","1":"product","2":"type-product","3":"status-publish","4":"has-post-thumbnail","6":"product_brand-ferme_sinsac","7":"product_cat-boissons","8":"product_tag-bio-petillant-peche-naturel-sansalcool","9":"product_shipping_class-boissons","12":"first","13":"outofstock","14":"taxable","15":"shipping-taxable","16":"purchasable","17":"product-type-simple"},"yoast_head":"<!-- This site is optimized with the Yoast SEO plugin v26.6 - https:\/\/yoast.com\/wordpress\/plugins\/seo\/ -->\n<title>Boisson P\u00e9tillante de P\u00eache naturelle fermentation Cocktail sans alcool - Ferme Sinsac<\/title>\n<meta name=\"robots\" content=\"index, follow, max-snippet:-1, max-image-preview:large, max-video-preview:-1\" \/>\n<link rel=\"canonical\" href=\"https:\/\/fermesinsac.com\/af\/shop\/boissons\/petillant-de-peche\/\" \/>\n<meta property=\"og:locale\" content=\"en_US\" \/>\n<meta property=\"og:type\" content=\"article\" \/>\n<meta property=\"og:title\" content=\"Boisson P\u00e9tillante de P\u00eache naturelle fermentation Cocktail sans alcool - Ferme Sinsac\" \/>\n<meta property=\"og:description\" content=\"Ce boisson p\u00e9tillante de verveine est compos\u00e9 de:P\u00eaches cultiv\u00e9es sans engrais, sans pesticides, jus de citron*, sucre de canne*, eau*produits issus de l agriculture biologique\" \/>\n<meta property=\"og:url\" content=\"https:\/\/fermesinsac.com\/af\/shop\/boissons\/petillant-de-peche\/\" \/>\n<meta property=\"og:site_name\" content=\"Ferme Sinsac\" \/>\n<meta property=\"article:publisher\" content=\"https:\/\/www.facebook.com\/fermebiosinsac\" \/>\n<meta property=\"article:modified_time\" content=\"2026-04-01T16:12:09+00:00\" \/>\n<meta property=\"og:image\" content=\"https:\/\/fermesinsac.com\/wp-content\/uploads\/2026\/03\/petillante-de-peche-limonade-vermentation-naturelle-sans-pesticides-ferme-sinsac.jpeg\" \/>\n\t<meta property=\"og:image:width\" content=\"800\" \/>\n\t<meta property=\"og:image:height\" content=\"600\" \/>\n\t<meta property=\"og:image:type\" content=\"image\/jpeg\" \/>\n<meta name=\"twitter:card\" content=\"summary_large_image\" \/>\n<meta name=\"twitter:label1\" content=\"Est. reading time\" \/>\n\t<meta name=\"twitter:data1\" content=\"2 minute\" \/>\n<script type=\"application\/ld+json\" class=\"yoast-schema-graph\">{\"@context\":\"https:\/\/schema.org\",\"@graph\":[{\"@type\":\"WebPage\",\"@id\":\"https:\/\/fermesinsac.com\/shop\/boissons\/petillant-de-peche\/\",\"url\":\"https:\/\/fermesinsac.com\/shop\/boissons\/petillant-de-peche\/\",\"name\":\"Boisson P\u00e9tillante de P\u00eache naturelle fermentation Cocktail sans alcool - Ferme Sinsac\",\"isPartOf\":{\"@id\":\"https:\/\/fermesinsac.com\/#website\"},\"primaryImageOfPage\":{\"@id\":\"https:\/\/fermesinsac.com\/shop\/boissons\/petillant-de-peche\/#primaryimage\"},\"image\":{\"@id\":\"https:\/\/fermesinsac.com\/shop\/boissons\/petillant-de-peche\/#primaryimage\"},\"thumbnailUrl\":\"https:\/\/fermesinsac.com\/wp-content\/uploads\/2026\/03\/petillante-de-peche-limonade-vermentation-naturelle-sans-pesticides-ferme-sinsac.jpeg\",\"datePublished\":\"2025-07-25T15:01:55+00:00\",\"dateModified\":\"2026-04-01T16:12:09+00:00\",\"breadcrumb\":{\"@id\":\"https:\/\/fermesinsac.com\/shop\/boissons\/petillant-de-peche\/#breadcrumb\"},\"inLanguage\":\"af-ZA\",\"potentialAction\":[{\"@type\":\"ReadAction\",\"target\":[\"https:\/\/fermesinsac.com\/shop\/boissons\/petillant-de-peche\/\"]}]},{\"@type\":\"ImageObject\",\"inLanguage\":\"af-ZA\",\"@id\":\"https:\/\/fermesinsac.com\/shop\/boissons\/petillant-de-peche\/#primaryimage\",\"url\":\"https:\/\/fermesinsac.com\/wp-content\/uploads\/2026\/03\/petillante-de-peche-limonade-vermentation-naturelle-sans-pesticides-ferme-sinsac.jpeg\",\"contentUrl\":\"https:\/\/fermesinsac.com\/wp-content\/uploads\/2026\/03\/petillante-de-peche-limonade-vermentation-naturelle-sans-pesticides-ferme-sinsac.jpeg\",\"width\":800,\"height\":600,\"caption\":\"boisson petillante de peche limonade fermentation naturelle cocktail sans alcool limonade sans pesticides ferme sinsac\"},{\"@type\":\"BreadcrumbList\",\"@id\":\"https:\/\/fermesinsac.com\/shop\/boissons\/petillant-de-peche\/#breadcrumb\",\"itemListElement\":[{\"@type\":\"ListItem\",\"position\":1,\"name\":\"Accueil\",\"item\":\"https:\/\/fermesinsac.com\/\"},{\"@type\":\"ListItem\",\"position\":2,\"name\":\"Shop\",\"item\":\"https:\/\/fermesinsac.com\/shop\/\"},{\"@type\":\"ListItem\",\"position\":3,\"name\":\"Boisson P\u00e9tillante de P\u00eache naturelle fermentation Cocktail sans alcool\"}]},{\"@type\":\"WebSite\",\"@id\":\"https:\/\/fermesinsac.com\/#website\",\"url\":\"https:\/\/fermesinsac.com\/\",\"name\":\"Ferme Sinsac\",\"description\":\"la biodiversit\u00e9 avant tout\",\"publisher\":{\"@id\":\"https:\/\/fermesinsac.com\/#organization\"},\"potentialAction\":[{\"@type\":\"SearchAction\",\"target\":{\"@type\":\"EntryPoint\",\"urlTemplate\":\"https:\/\/fermesinsac.com\/?s={search_term_string}\"},\"query-input\":{\"@type\":\"PropertyValueSpecification\",\"valueRequired\":true,\"valueName\":\"search_term_string\"}}],\"inLanguage\":\"af-ZA\"},{\"@type\":\"Organization\",\"@id\":\"https:\/\/fermesinsac.com\/#organization\",\"name\":\"Ferme Sinsac\",\"url\":\"https:\/\/fermesinsac.com\/\",\"logo\":{\"@type\":\"ImageObject\",\"inLanguage\":\"af-ZA\",\"@id\":\"https:\/\/fermesinsac.com\/#\/schema\/logo\/image\/\",\"url\":\"https:\/\/fermesinsac.com\/wp-content\/uploads\/2025\/01\/cropped-logo-ferme-sinsac-klein.webp\",\"contentUrl\":\"https:\/\/fermesinsac.com\/wp-content\/uploads\/2025\/01\/cropped-logo-ferme-sinsac-klein.webp\",\"width\":512,\"height\":512,\"caption\":\"Ferme Sinsac\"},\"image\":{\"@id\":\"https:\/\/fermesinsac.com\/#\/schema\/logo\/image\/\"},\"sameAs\":[\"https:\/\/www.facebook.com\/fermebiosinsac\",\"https:\/\/www.tiktok.com\/@fermesinsac?lang=nl-NL\",\"https:\/\/www.instagram.com\/fermebiosinsac\/\",\"https:\/\/www.linkedin.com\/company\/31423500\/\"]}]}<\/script>\n<!-- \/ Yoast SEO plugin. -->","yoast_head_json":{"title":"Boisson P\u00e9tillante de P\u00eache naturelle fermentation Cocktail sans alcool - Ferme Sinsac","robots":{"index":"index","follow":"follow","max-snippet":"max-snippet:-1","max-image-preview":"max-image-preview:large","max-video-preview":"max-video-preview:-1"},"canonical":"https:\/\/fermesinsac.com\/af\/shop\/boissons\/petillant-de-peche\/","og_locale":"en_US","og_type":"article","og_title":"Boisson P\u00e9tillante de P\u00eache naturelle fermentation Cocktail sans alcool - Ferme Sinsac","og_description":"Ce boisson p\u00e9tillante de verveine est compos\u00e9 de:P\u00eaches cultiv\u00e9es sans engrais, sans pesticides, jus de citron*, sucre de canne*, eau*produits issus de l agriculture biologique","og_url":"https:\/\/fermesinsac.com\/af\/shop\/boissons\/petillant-de-peche\/","og_site_name":"Ferme Sinsac","article_publisher":"https:\/\/www.facebook.com\/fermebiosinsac","article_modified_time":"2026-04-01T16:12:09+00:00","og_image":[{"width":800,"height":600,"url":"https:\/\/fermesinsac.com\/wp-content\/uploads\/2026\/03\/petillante-de-peche-limonade-vermentation-naturelle-sans-pesticides-ferme-sinsac.jpeg","type":"image\/jpeg"}],"twitter_card":"summary_large_image","twitter_misc":{"Est. reading time":"2 minute"},"schema":{"@context":"https:\/\/schema.org","@graph":[{"@type":"WebPage","@id":"https:\/\/fermesinsac.com\/shop\/boissons\/petillant-de-peche\/","url":"https:\/\/fermesinsac.com\/shop\/boissons\/petillant-de-peche\/","name":"Boisson P\u00e9tillante de P\u00eache naturelle fermentation Cocktail sans alcool - Ferme Sinsac","isPartOf":{"@id":"https:\/\/fermesinsac.com\/#website"},"primaryImageOfPage":{"@id":"https:\/\/fermesinsac.com\/shop\/boissons\/petillant-de-peche\/#primaryimage"},"image":{"@id":"https:\/\/fermesinsac.com\/shop\/boissons\/petillant-de-peche\/#primaryimage"},"thumbnailUrl":"https:\/\/fermesinsac.com\/wp-content\/uploads\/2026\/03\/petillante-de-peche-limonade-vermentation-naturelle-sans-pesticides-ferme-sinsac.jpeg","datePublished":"2025-07-25T15:01:55+00:00","dateModified":"2026-04-01T16:12:09+00:00","breadcrumb":{"@id":"https:\/\/fermesinsac.com\/shop\/boissons\/petillant-de-peche\/#breadcrumb"},"inLanguage":"af-ZA","potentialAction":[{"@type":"ReadAction","target":["https:\/\/fermesinsac.com\/shop\/boissons\/petillant-de-peche\/"]}]},{"@type":"ImageObject","inLanguage":"af-ZA","@id":"https:\/\/fermesinsac.com\/shop\/boissons\/petillant-de-peche\/#primaryimage","url":"https:\/\/fermesinsac.com\/wp-content\/uploads\/2026\/03\/petillante-de-peche-limonade-vermentation-naturelle-sans-pesticides-ferme-sinsac.jpeg","contentUrl":"https:\/\/fermesinsac.com\/wp-content\/uploads\/2026\/03\/petillante-de-peche-limonade-vermentation-naturelle-sans-pesticides-ferme-sinsac.jpeg","width":800,"height":600,"caption":"boisson petillante de peche limonade fermentation naturelle cocktail sans alcool limonade sans pesticides ferme sinsac"},{"@type":"BreadcrumbList","@id":"https:\/\/fermesinsac.com\/shop\/boissons\/petillant-de-peche\/#breadcrumb","itemListElement":[{"@type":"ListItem","position":1,"name":"Accueil","item":"https:\/\/fermesinsac.com\/"},{"@type":"ListItem","position":2,"name":"Shop","item":"https:\/\/fermesinsac.com\/shop\/"},{"@type":"ListItem","position":3,"name":"Boisson P\u00e9tillante de P\u00eache naturelle fermentation Cocktail sans alcool"}]},{"@type":"WebSite","@id":"https:\/\/fermesinsac.com\/#website","url":"https:\/\/fermesinsac.com\/","name":"Ferme Sinsac","description":"la biodiversit\u00e9 avant tout","publisher":{"@id":"https:\/\/fermesinsac.com\/#organization"},"potentialAction":[{"@type":"SearchAction","target":{"@type":"EntryPoint","urlTemplate":"https:\/\/fermesinsac.com\/?s={search_term_string}"},"query-input":{"@type":"PropertyValueSpecification","valueRequired":true,"valueName":"search_term_string"}}],"inLanguage":"af-ZA"},{"@type":"Organization","@id":"https:\/\/fermesinsac.com\/#organization","name":"Ferme Sinsac","url":"https:\/\/fermesinsac.com\/","logo":{"@type":"ImageObject","inLanguage":"af-ZA","@id":"https:\/\/fermesinsac.com\/#\/schema\/logo\/image\/","url":"https:\/\/fermesinsac.com\/wp-content\/uploads\/2025\/01\/cropped-logo-ferme-sinsac-klein.webp","contentUrl":"https:\/\/fermesinsac.com\/wp-content\/uploads\/2025\/01\/cropped-logo-ferme-sinsac-klein.webp","width":512,"height":512,"caption":"Ferme Sinsac"},"image":{"@id":"https:\/\/fermesinsac.com\/#\/schema\/logo\/image\/"},"sameAs":["https:\/\/www.facebook.com\/fermebiosinsac","https:\/\/www.tiktok.com\/@fermesinsac?lang=nl-NL","https:\/\/www.instagram.com\/fermebiosinsac\/","https:\/\/www.linkedin.com\/company\/31423500\/"]}]}},"jetpack_publicize_connections":[],"jetpack_sharing_enabled":true,"_links":{"self":[{"href":"https:\/\/fermesinsac.com\/af\/wp-json\/wp\/v2\/product\/44872","targetHints":{"allow":["GET"]}}],"collection":[{"href":"https:\/\/fermesinsac.com\/af\/wp-json\/wp\/v2\/product"}],"about":[{"href":"https:\/\/fermesinsac.com\/af\/wp-json\/wp\/v2\/types\/product"}],"replies":[{"embeddable":true,"href":"https:\/\/fermesinsac.com\/af\/wp-json\/wp\/v2\/comments?post=44872"}],"version-history":[{"count":3,"href":"https:\/\/fermesinsac.com\/af\/wp-json\/wp\/v2\/product\/44872\/revisions"}],"predecessor-version":[{"id":45272,"href":"https:\/\/fermesinsac.com\/af\/wp-json\/wp\/v2\/product\/44872\/revisions\/45272"}],"wp:featuredmedia":[{"embeddable":true,"href":"https:\/\/fermesinsac.com\/af\/wp-json\/wp\/v2\/media\/45238"}],"wp:attachment":[{"href":"https:\/\/fermesinsac.com\/af\/wp-json\/wp\/v2\/media?parent=44872"}],"wp:term":[{"taxonomy":"product_brand","embeddable":true,"href":"https:\/\/fermesinsac.com\/af\/wp-json\/wp\/v2\/product_brand?post=44872"},{"taxonomy":"product_cat","embeddable":true,"href":"https:\/\/fermesinsac.com\/af\/wp-json\/wp\/v2\/product_cat?post=44872"},{"taxonomy":"product_tag","embeddable":true,"href":"https:\/\/fermesinsac.com\/af\/wp-json\/wp\/v2\/product_tag?post=44872"}],"curies":[{"name":"wp","href":"https:\/\/api.w.org\/{rel}","templated":true}]}}