{"id":44850,"date":"2025-05-12T13:59:21","date_gmt":"2025-05-12T11:59:21","guid":{"rendered":"https:\/\/fermesinsac.com\/?post_type=product&#038;p=44850"},"modified":"2025-05-12T14:00:07","modified_gmt":"2025-05-12T12:00:07","slug":"arbre-mystere","status":"publish","type":"product","link":"https:\/\/fermesinsac.com\/af\/shop\/compensation-c02\/arbres-fruitiers\/arbre-mystere\/","title":{"rendered":"Arbre myst\u00e8re"},"content":{"rendered":"<p>Un arbre de vari\u00e9t\u00e9 anciennes en fonction des disponibilit\u00e9s de notre p\u00e9pini\u00e9riste.<\/p>\n<p>Le prix comprend: Scion en racines nues de 18 \u00e0 24 mois pour une meilleure reprise \u00e0 la plantation en provenance de p\u00e9pini\u00e8res locales et lab\u00e9lis\u00e9s AB, la plantation sur nos terrain, le paillage et l entretien de l&#8217;arbre pendant 20 ans.<\/p>\n<p>Nous plantons les arbres achet\u00e9s <strong>sur nos terrains<\/strong> et nous vous envoyons une facture de compensation carbone avec le lieu de plantation de vos arbres. <\/p>\n<p>Nous vous engageons \u00e0 venir \u00e0 notre rencontre pour voir nos vergers et for\u00eats plant\u00e9s.<\/p>","protected":false},"excerpt":{"rendered":"<div class=\"woocommerce-product-details__short-description\">\n<p>Un arbre de vari\u00e9t\u00e9 anciennes en fonction des disponibilit\u00e9s de notre p\u00e9pini\u00e9riste.<\/p>\n<p>Racines nues sur fut de 18 \u00e0 24 mois pour une meilleure reprise \u00e0 la plantation.<\/p>\n<p>\u00a0<\/p>\n<\/div>","protected":false},"featured_media":43589,"comment_status":"open","ping_status":"closed","template":"","meta":{"_price":"25","_stock":"1000","_tribe_ticket_header":"","_tribe_default_ticket_provider":"","_tribe_ticket_capacity":"1000","_ticket_start_date":"","_ticket_end_date":"","_tribe_ticket_show_description":"","_tribe_ticket_show_not_going":false,"_tribe_ticket_use_global_stock":"","_tribe_ticket_global_stock_level":"","_global_stock_mode":"","_global_stock_cap":"","_tribe_rsvp_for_event":"","_tribe_ticket_going_count":"","_tribe_ticket_not_going_count":"","_tribe_tickets_list":"[]","_tribe_ticket_has_attendee_info_fields":false,"jetpack_publicize_message":"","jetpack_publicize_feature_enabled":true,"jetpack_social_post_already_shared":false,"jetpack_social_options":{"image_generator_settings":{"template":"highway","default_image_id":0,"font":"","enabled":false},"version":2}},"product_brand":[],"product_cat":[682],"product_tag":[683],"class_list":{"0":"post-44850","1":"product","2":"type-product","3":"status-publish","4":"has-post-thumbnail","6":"product_cat-arbres-fruitiers","7":"product_tag-pommier-varieteancienne-bio-fruitiers-arbresaplanter","10":"first","11":"instock","12":"virtual","13":"taxable","14":"purchasable","15":"product-type-simple"},"yoast_head":"<!-- This site is optimized with the Yoast SEO plugin v26.6 - https:\/\/yoast.com\/wordpress\/plugins\/seo\/ -->\n<title>Arbre myst\u00e8re - Ferme Sinsac<\/title>\n<meta name=\"robots\" content=\"index, follow, max-snippet:-1, max-image-preview:large, max-video-preview:-1\" \/>\n<link rel=\"canonical\" href=\"https:\/\/fermesinsac.com\/af\/shop\/compensation-c02\/arbres-fruitiers\/arbre-mystere\/\" \/>\n<meta property=\"og:locale\" content=\"en_US\" \/>\n<meta property=\"og:type\" content=\"article\" \/>\n<meta property=\"og:title\" content=\"Arbre myst\u00e8re - Ferme Sinsac\" \/>\n<meta property=\"og:description\" content=\"Un arbre de vari\u00e9t\u00e9 anciennes en fonction des disponibilit\u00e9s de notre p\u00e9pini\u00e9riste.Racines nues sur fut de 18 \u00e0 24 mois pour une meilleure reprise \u00e0 la plantation.\u00a0\" \/>\n<meta property=\"og:url\" content=\"https:\/\/fermesinsac.com\/af\/shop\/compensation-c02\/arbres-fruitiers\/arbre-mystere\/\" \/>\n<meta property=\"og:site_name\" content=\"Ferme Sinsac\" \/>\n<meta property=\"article:publisher\" content=\"https:\/\/www.facebook.com\/fermebiosinsac\" \/>\n<meta property=\"article:modified_time\" content=\"2025-05-12T12:00:07+00:00\" \/>\n<meta property=\"og:image\" content=\"https:\/\/fermesinsac.com\/wp-content\/uploads\/2025\/01\/IMG_2975.webp\" \/>\n\t<meta property=\"og:image:width\" content=\"1200\" \/>\n\t<meta property=\"og:image:height\" content=\"1600\" \/>\n\t<meta property=\"og:image:type\" content=\"image\/webp\" \/>\n<meta name=\"twitter:card\" content=\"summary_large_image\" \/>\n<script type=\"application\/ld+json\" class=\"yoast-schema-graph\">{\"@context\":\"https:\/\/schema.org\",\"@graph\":[{\"@type\":\"WebPage\",\"@id\":\"https:\/\/fermesinsac.com\/shop\/compensation-c02\/arbres-fruitiers\/arbre-mystere\/\",\"url\":\"https:\/\/fermesinsac.com\/shop\/compensation-c02\/arbres-fruitiers\/arbre-mystere\/\",\"name\":\"Arbre myst\u00e8re - Ferme Sinsac\",\"isPartOf\":{\"@id\":\"https:\/\/fermesinsac.com\/#website\"},\"primaryImageOfPage\":{\"@id\":\"https:\/\/fermesinsac.com\/shop\/compensation-c02\/arbres-fruitiers\/arbre-mystere\/#primaryimage\"},\"image\":{\"@id\":\"https:\/\/fermesinsac.com\/shop\/compensation-c02\/arbres-fruitiers\/arbre-mystere\/#primaryimage\"},\"thumbnailUrl\":\"https:\/\/fermesinsac.com\/wp-content\/uploads\/2025\/01\/IMG_2975.webp\",\"datePublished\":\"2025-05-12T11:59:21+00:00\",\"dateModified\":\"2025-05-12T12:00:07+00:00\",\"breadcrumb\":{\"@id\":\"https:\/\/fermesinsac.com\/shop\/compensation-c02\/arbres-fruitiers\/arbre-mystere\/#breadcrumb\"},\"inLanguage\":\"af-ZA\",\"potentialAction\":[{\"@type\":\"ReadAction\",\"target\":[\"https:\/\/fermesinsac.com\/shop\/compensation-c02\/arbres-fruitiers\/arbre-mystere\/\"]}]},{\"@type\":\"ImageObject\",\"inLanguage\":\"af-ZA\",\"@id\":\"https:\/\/fermesinsac.com\/shop\/compensation-c02\/arbres-fruitiers\/arbre-mystere\/#primaryimage\",\"url\":\"https:\/\/fermesinsac.com\/wp-content\/uploads\/2025\/01\/IMG_2975.webp\",\"contentUrl\":\"https:\/\/fermesinsac.com\/wp-content\/uploads\/2025\/01\/IMG_2975.webp\",\"width\":1200,\"height\":1600},{\"@type\":\"BreadcrumbList\",\"@id\":\"https:\/\/fermesinsac.com\/shop\/compensation-c02\/arbres-fruitiers\/arbre-mystere\/#breadcrumb\",\"itemListElement\":[{\"@type\":\"ListItem\",\"position\":1,\"name\":\"Accueil\",\"item\":\"https:\/\/fermesinsac.com\/\"},{\"@type\":\"ListItem\",\"position\":2,\"name\":\"Shop\",\"item\":\"https:\/\/fermesinsac.com\/shop\/\"},{\"@type\":\"ListItem\",\"position\":3,\"name\":\"Arbre myst\u00e8re\"}]},{\"@type\":\"WebSite\",\"@id\":\"https:\/\/fermesinsac.com\/#website\",\"url\":\"https:\/\/fermesinsac.com\/\",\"name\":\"Ferme Sinsac\",\"description\":\"la biodiversit\u00e9 avant tout\",\"publisher\":{\"@id\":\"https:\/\/fermesinsac.com\/#organization\"},\"potentialAction\":[{\"@type\":\"SearchAction\",\"target\":{\"@type\":\"EntryPoint\",\"urlTemplate\":\"https:\/\/fermesinsac.com\/?s={search_term_string}\"},\"query-input\":{\"@type\":\"PropertyValueSpecification\",\"valueRequired\":true,\"valueName\":\"search_term_string\"}}],\"inLanguage\":\"af-ZA\"},{\"@type\":\"Organization\",\"@id\":\"https:\/\/fermesinsac.com\/#organization\",\"name\":\"Ferme Sinsac\",\"url\":\"https:\/\/fermesinsac.com\/\",\"logo\":{\"@type\":\"ImageObject\",\"inLanguage\":\"af-ZA\",\"@id\":\"https:\/\/fermesinsac.com\/#\/schema\/logo\/image\/\",\"url\":\"https:\/\/fermesinsac.com\/wp-content\/uploads\/2025\/01\/cropped-logo-ferme-sinsac-klein.webp\",\"contentUrl\":\"https:\/\/fermesinsac.com\/wp-content\/uploads\/2025\/01\/cropped-logo-ferme-sinsac-klein.webp\",\"width\":512,\"height\":512,\"caption\":\"Ferme Sinsac\"},\"image\":{\"@id\":\"https:\/\/fermesinsac.com\/#\/schema\/logo\/image\/\"},\"sameAs\":[\"https:\/\/www.facebook.com\/fermebiosinsac\",\"https:\/\/www.tiktok.com\/@fermesinsac?lang=nl-NL\",\"https:\/\/www.instagram.com\/fermebiosinsac\/\",\"https:\/\/www.linkedin.com\/company\/31423500\/\"]}]}<\/script>\n<!-- \/ Yoast SEO plugin. -->","yoast_head_json":{"title":"Arbre myst\u00e8re - Ferme Sinsac","robots":{"index":"index","follow":"follow","max-snippet":"max-snippet:-1","max-image-preview":"max-image-preview:large","max-video-preview":"max-video-preview:-1"},"canonical":"https:\/\/fermesinsac.com\/af\/shop\/compensation-c02\/arbres-fruitiers\/arbre-mystere\/","og_locale":"en_US","og_type":"article","og_title":"Arbre myst\u00e8re - Ferme Sinsac","og_description":"Un arbre de vari\u00e9t\u00e9 anciennes en fonction des disponibilit\u00e9s de notre p\u00e9pini\u00e9riste.Racines nues sur fut de 18 \u00e0 24 mois pour une meilleure reprise \u00e0 la plantation.\u00a0","og_url":"https:\/\/fermesinsac.com\/af\/shop\/compensation-c02\/arbres-fruitiers\/arbre-mystere\/","og_site_name":"Ferme Sinsac","article_publisher":"https:\/\/www.facebook.com\/fermebiosinsac","article_modified_time":"2025-05-12T12:00:07+00:00","og_image":[{"width":1200,"height":1600,"url":"https:\/\/fermesinsac.com\/wp-content\/uploads\/2025\/01\/IMG_2975.webp","type":"image\/webp"}],"twitter_card":"summary_large_image","schema":{"@context":"https:\/\/schema.org","@graph":[{"@type":"WebPage","@id":"https:\/\/fermesinsac.com\/shop\/compensation-c02\/arbres-fruitiers\/arbre-mystere\/","url":"https:\/\/fermesinsac.com\/shop\/compensation-c02\/arbres-fruitiers\/arbre-mystere\/","name":"Arbre myst\u00e8re - Ferme Sinsac","isPartOf":{"@id":"https:\/\/fermesinsac.com\/#website"},"primaryImageOfPage":{"@id":"https:\/\/fermesinsac.com\/shop\/compensation-c02\/arbres-fruitiers\/arbre-mystere\/#primaryimage"},"image":{"@id":"https:\/\/fermesinsac.com\/shop\/compensation-c02\/arbres-fruitiers\/arbre-mystere\/#primaryimage"},"thumbnailUrl":"https:\/\/fermesinsac.com\/wp-content\/uploads\/2025\/01\/IMG_2975.webp","datePublished":"2025-05-12T11:59:21+00:00","dateModified":"2025-05-12T12:00:07+00:00","breadcrumb":{"@id":"https:\/\/fermesinsac.com\/shop\/compensation-c02\/arbres-fruitiers\/arbre-mystere\/#breadcrumb"},"inLanguage":"af-ZA","potentialAction":[{"@type":"ReadAction","target":["https:\/\/fermesinsac.com\/shop\/compensation-c02\/arbres-fruitiers\/arbre-mystere\/"]}]},{"@type":"ImageObject","inLanguage":"af-ZA","@id":"https:\/\/fermesinsac.com\/shop\/compensation-c02\/arbres-fruitiers\/arbre-mystere\/#primaryimage","url":"https:\/\/fermesinsac.com\/wp-content\/uploads\/2025\/01\/IMG_2975.webp","contentUrl":"https:\/\/fermesinsac.com\/wp-content\/uploads\/2025\/01\/IMG_2975.webp","width":1200,"height":1600},{"@type":"BreadcrumbList","@id":"https:\/\/fermesinsac.com\/shop\/compensation-c02\/arbres-fruitiers\/arbre-mystere\/#breadcrumb","itemListElement":[{"@type":"ListItem","position":1,"name":"Accueil","item":"https:\/\/fermesinsac.com\/"},{"@type":"ListItem","position":2,"name":"Shop","item":"https:\/\/fermesinsac.com\/shop\/"},{"@type":"ListItem","position":3,"name":"Arbre myst\u00e8re"}]},{"@type":"WebSite","@id":"https:\/\/fermesinsac.com\/#website","url":"https:\/\/fermesinsac.com\/","name":"Ferme Sinsac","description":"la biodiversit\u00e9 avant tout","publisher":{"@id":"https:\/\/fermesinsac.com\/#organization"},"potentialAction":[{"@type":"SearchAction","target":{"@type":"EntryPoint","urlTemplate":"https:\/\/fermesinsac.com\/?s={search_term_string}"},"query-input":{"@type":"PropertyValueSpecification","valueRequired":true,"valueName":"search_term_string"}}],"inLanguage":"af-ZA"},{"@type":"Organization","@id":"https:\/\/fermesinsac.com\/#organization","name":"Ferme Sinsac","url":"https:\/\/fermesinsac.com\/","logo":{"@type":"ImageObject","inLanguage":"af-ZA","@id":"https:\/\/fermesinsac.com\/#\/schema\/logo\/image\/","url":"https:\/\/fermesinsac.com\/wp-content\/uploads\/2025\/01\/cropped-logo-ferme-sinsac-klein.webp","contentUrl":"https:\/\/fermesinsac.com\/wp-content\/uploads\/2025\/01\/cropped-logo-ferme-sinsac-klein.webp","width":512,"height":512,"caption":"Ferme Sinsac"},"image":{"@id":"https:\/\/fermesinsac.com\/#\/schema\/logo\/image\/"},"sameAs":["https:\/\/www.facebook.com\/fermebiosinsac","https:\/\/www.tiktok.com\/@fermesinsac?lang=nl-NL","https:\/\/www.instagram.com\/fermebiosinsac\/","https:\/\/www.linkedin.com\/company\/31423500\/"]}]}},"jetpack_publicize_connections":[],"jetpack_sharing_enabled":true,"_links":{"self":[{"href":"https:\/\/fermesinsac.com\/af\/wp-json\/wp\/v2\/product\/44850","targetHints":{"allow":["GET"]}}],"collection":[{"href":"https:\/\/fermesinsac.com\/af\/wp-json\/wp\/v2\/product"}],"about":[{"href":"https:\/\/fermesinsac.com\/af\/wp-json\/wp\/v2\/types\/product"}],"replies":[{"embeddable":true,"href":"https:\/\/fermesinsac.com\/af\/wp-json\/wp\/v2\/comments?post=44850"}],"version-history":[{"count":1,"href":"https:\/\/fermesinsac.com\/af\/wp-json\/wp\/v2\/product\/44850\/revisions"}],"predecessor-version":[{"id":44851,"href":"https:\/\/fermesinsac.com\/af\/wp-json\/wp\/v2\/product\/44850\/revisions\/44851"}],"wp:featuredmedia":[{"embeddable":true,"href":"https:\/\/fermesinsac.com\/af\/wp-json\/wp\/v2\/media\/43589"}],"wp:attachment":[{"href":"https:\/\/fermesinsac.com\/af\/wp-json\/wp\/v2\/media?parent=44850"}],"wp:term":[{"taxonomy":"product_brand","embeddable":true,"href":"https:\/\/fermesinsac.com\/af\/wp-json\/wp\/v2\/product_brand?post=44850"},{"taxonomy":"product_cat","embeddable":true,"href":"https:\/\/fermesinsac.com\/af\/wp-json\/wp\/v2\/product_cat?post=44850"},{"taxonomy":"product_tag","embeddable":true,"href":"https:\/\/fermesinsac.com\/af\/wp-json\/wp\/v2\/product_tag?post=44850"}],"curies":[{"name":"wp","href":"https:\/\/api.w.org\/{rel}","templated":true}]}}